{"id":1891,"date":"2022-07-01T15:29:11","date_gmt":"2022-07-01T15:29:11","guid":{"rendered":"https:\/\/telligraf.com\/allestimenti-fieristici\/"},"modified":"2022-07-01T15:58:00","modified_gmt":"2022-07-01T15:58:00","slug":"messestaende","status":"publish","type":"page","link":"https:\/\/telligraf.com\/de\/messestaende\/","title":{"rendered":"Messest\u00e4nde"},"content":{"rendered":"\n\n  <div class=\"banner has-hover is-full-height\" id=\"banner-1742377611\">\n          <div class=\"banner-inner fill\">\n        <div class=\"banner-bg fill\" >\n            <img width=\"1920\" height=\"1328\" src=\"https:\/\/telligraf.com\/wp-content\/uploads\/2019\/09\/allestimento.jpg\" class=\"bg attachment-original size-original\" alt=\"\" decoding=\"async\" loading=\"lazy\" \/>                                    \n                    <\/div>\n\t\t\n        <div class=\"banner-layers container\">\n            <div class=\"fill banner-link\"><\/div>            \n\n   <div id=\"text-box-1776462996\" class=\"text-box banner-layer x0 md-x0 lg-x0 y95 md-y95 lg-y95 res-text\">\n                                <div class=\"text-box-content text dark\">\n              \n              <div class=\"text-inner text-left\">\n                  \n\n<h3 class=\"lead\"><span style=\"color: #ffffff;\"><strong>MESSESTAND-AUSSTATTUNG<\/strong><\/span><\/h3>\n<p class=\"thin-font lead\"><span style=\"color: #ffffff;\">Personalisierte Tapeten, um Ihren Messestand einzigartig zu machen &#8230;<\/span><\/p>\n\n\n              <\/div>\n           <\/div>\n                            \n<style>\n#text-box-1776462996 .text-inner {\n  padding: 0px 0px 0px 13px;\n}\n#text-box-1776462996 {\n  width: 57%;\n}\n#text-box-1776462996 .text-box-content {\n  font-size: 100%;\n}\n<\/style>\n    <\/div>\n \n\n        <\/div>\n      <\/div>\n\n            \n<style>\n#banner-1742377611 {\n  padding-top: 80%;\n}\n#banner-1742377611 .banner-bg img {\n  object-position: 52% 98%;\n}\n@media (min-width:550px) {\n  #banner-1742377611 {\n    padding-top: 80%;\n  }\n}\n@media (min-width:850px) {\n  #banner-1742377611 {\n    padding-top: 100%;\n  }\n}\n<\/style>\n  <\/div>\n\n\n\n\t<section class=\"section\" id=\"section_2138717412\">\n\t\t<div class=\"section-bg fill\" >\n\t\t\t\t\t\t\t\t\t\n\t\t\t\n\n\t\t<\/div>\n\n\t\t\n\n\t\t<div class=\"section-content relative\">\n\t\t\t\n\n<div class=\"row\" style=\"max-width:\" id=\"row-1816362457\">\n\n\n\t<div id=\"col-919388450\" class=\"col small-12 large-12\"  >\n\t\t\t\t<div class=\"col-inner\"  >\n\t\t\t\n\t\t\t\n\n\t<div class=\"img has-hover x md-x lg-x y md-y lg-y\" id=\"image_920159889\">\n\t\t\t\t\t\t\t\t<div class=\"img-inner image-cover dark\" style=\"padding-top:56.25%;\">\n\t\t\t<img width=\"1920\" height=\"1234\" src=\"https:\/\/telligraf.com\/wp-content\/uploads\/2019\/09\/allestimento-stand-1.jpg\" class=\"attachment-original size-original\" alt=\"\" decoding=\"async\" loading=\"lazy\" srcset=\"https:\/\/telligraf.com\/wp-content\/uploads\/2019\/09\/allestimento-stand-1.jpg 1920w, https:\/\/telligraf.com\/wp-content\/uploads\/2019\/09\/allestimento-stand-1-300x193.jpg 300w, https:\/\/telligraf.com\/wp-content\/uploads\/2019\/09\/allestimento-stand-1-768x494.jpg 768w, https:\/\/telligraf.com\/wp-content\/uploads\/2019\/09\/allestimento-stand-1-1024x658.jpg 1024w\" sizes=\"(max-width: 1920px) 100vw, 1920px\" \/>\t\t\t\t\t\t\n\t\t\t\t\t<\/div>\n\t\t\t\t\t\t\t\t\n<style>\n#image_920159889 {\n  width: 100%;\n}\n<\/style>\n\t<\/div>\n\t\n\n<h1 class=\"uppercase\">REALISIERUNG UND UMSETZUNG<\/h1>\n<p class=\"thin-font lead\"><span data-text-color=\"primary\">Bedrucken von Tapeten, um die Einrichtung Ihres Unternehmens einzigartig zu machen &#8230;<\/span><\/p>\n\n\n\t\t<\/div>\n\t\t\t\t\n<style>\n#col-919388450 > .col-inner {\n  padding: 48px 0px 0px 0px;\n}\n<\/style>\n\t<\/div>\n\n\t\n\n<\/div>\n\n\t\t<\/div>\n\n\t\t\n<style>\n#section_2138717412 {\n  padding-top: 0px;\n  padding-bottom: 0px;\n}\n<\/style>\n\t<\/section>\n\t\n\n  <div class=\"banner has-hover\" id=\"banner-391635247\">\n          <div class=\"banner-inner fill\">\n        <div class=\"banner-bg fill\" >\n            <img width=\"1920\" height=\"1312\" src=\"https:\/\/telligraf.com\/wp-content\/uploads\/2019\/09\/allestimenti.jpg\" class=\"bg attachment-original size-original\" alt=\"\" decoding=\"async\" loading=\"lazy\" \/>                                    \n                    <\/div>\n\t\t\n        <div class=\"banner-layers container\">\n            <div class=\"fill banner-link\"><\/div>            \n\n   <div id=\"text-box-1561424874\" class=\"text-box banner-layer x0 md-x0 lg-x0 y95 md-y95 lg-y95 res-text\">\n                                <div class=\"text-box-content text dark\">\n              \n              <div class=\"text-inner text-left\">\n                  \n\n<h3><strong>AUSSTATTUNG VON MESSEST\u00c4NDEN<\/strong><\/h3>\n<h4 class=\"thin-font\">Entscheiden Sie sich f\u00fcr die gesamte Professionalit\u00e4t eines gro\u00dfartigen Partners!<\/h4>\n\n\n              <\/div>\n           <\/div>\n                            \n<style>\n#text-box-1561424874 .text-inner {\n  padding: 0px 0px 0px 13px;\n}\n#text-box-1561424874 {\n  width: 76%;\n}\n#text-box-1561424874 .text-box-content {\n  font-size: 100%;\n}\n@media (min-width:550px) {\n  #text-box-1561424874 {\n    width: 49%;\n  }\n}\n<\/style>\n    <\/div>\n \n\n        <\/div>\n      <\/div>\n\n            \n<style>\n#banner-391635247 {\n  padding-top: 80%;\n}\n#banner-391635247 .banner-bg img {\n  object-position: 51% 100%;\n}\n@media (min-width:550px) {\n  #banner-391635247 {\n    padding-top: 80%;\n  }\n}\n@media (min-width:850px) {\n  #banner-391635247 {\n    padding-top: 770px;\n  }\n}\n<\/style>\n  <\/div>\n\n\n\n\t<section class=\"section\" id=\"section_202792593\">\n\t\t<div class=\"section-bg fill\" >\n\t\t\t\t\t\t\t\t\t\n\t\t\t\n\n\t\t<\/div>\n\n\t\t\n\n\t\t<div class=\"section-content relative\">\n\t\t\t\n\n<div class=\"row row-large align-middle\"  id=\"row-1303489901\">\n\n\n\t<div id=\"col-36067173\" class=\"col medium-6 small-12 large-6\"  >\n\t\t\t\t<div class=\"col-inner text-left\"  >\n\t\t\t\n\t\t\t\n\n<h1>PR\u00c4SENTIEREN SIE IHRE IDEE<\/h1>\n<p>M\u00f6chten Sie eine personalisierte Umgebung f\u00fcr Ihr Gesch\u00e4ft, Ihr Unternehmen oder einfach nur Ihre M\u00f6bel einzigartig gestalten &#8230; z\u00f6gern Sie nicht, uns zu kontaktieren, wir entwerfen und erstellen gerne ein ganz pers\u00f6nliches Ambiente f\u00fcr Sie.<\/p>\n\n\t<div id=\"gap-480902751\" class=\"gap-element clearfix\" style=\"display:block; height:auto;\">\n\t\t\n<style>\n#gap-480902751 {\n  padding-top: 35px;\n}\n<\/style>\n\t<\/div>\n\t\n\n<a href=\"tel:+390761599322\" class=\"button primary box-shadow-1\"  >\n\t\t<span>RUFEN SIE JETZT AN<\/span>\n\t<\/a>\n\n\n\n\t\t<\/div>\n\t\t\t\t\t<\/div>\n\n\t\n\n\t<div id=\"col-445494841\" class=\"col medium-6 small-12 large-6\"  >\n\t\t\t\t<div class=\"col-inner\"  >\n\t\t\t\n\t\t\t\n\n\t<div class=\"img has-hover x md-x lg-x y md-y lg-y\" id=\"image_1359860299\">\n\t\t\t\t\t\t<div data-animate=\"fadeInUp\">\t\t<div class=\"img-inner dark\" >\n\t\t\t<img width=\"470\" height=\"510\" src=\"https:\/\/telligraf.com\/wp-content\/uploads\/2018\/08\/img1.png\" class=\"attachment-original size-original\" alt=\"\" decoding=\"async\" loading=\"lazy\" srcset=\"https:\/\/telligraf.com\/wp-content\/uploads\/2018\/08\/img1.png 470w, https:\/\/telligraf.com\/wp-content\/uploads\/2018\/08\/img1-276x300.png 276w\" sizes=\"(max-width: 470px) 100vw, 470px\" \/>\t\t\t\t\t\t\n\t\t\t\t\t<\/div>\n\t\t<\/div>\t\t\t\t\t\t\n<style>\n#image_1359860299 {\n  width: 91%;\n}\n<\/style>\n\t<\/div>\n\t\n\n\n\t\t<\/div>\n\t\t\t\t\t<\/div>\n\n\t\n\n<\/div>\n\n\t\t<\/div>\n\n\t\t\n<style>\n#section_202792593 {\n  padding-top: 60px;\n  padding-bottom: 60px;\n}\n<\/style>\n\t<\/section>\n\t\n\n","protected":false},"excerpt":{"rendered":"","protected":false},"author":2,"featured_media":0,"parent":0,"menu_order":0,"comment_status":"closed","ping_status":"closed","template":"page-blank.php","meta":{"footnotes":""},"yoast_head":"<!-- This site is optimized with the Yoast SEO plugin v21.3 - https:\/\/yoast.com\/wordpress\/plugins\/seo\/ -->\n<title>Messest\u00e4nde - Telligraf<\/title>\n<meta name=\"robots\" content=\"index, follow, max-snippet:-1, max-image-preview:large, max-video-preview:-1\" \/>\n<link rel=\"canonical\" href=\"https:\/\/telligraf.com\/de\/messestaende\/\" \/>\n<meta property=\"og:locale\" content=\"de_DE\" \/>\n<meta property=\"og:type\" content=\"article\" \/>\n<meta property=\"og:title\" content=\"Messest\u00e4nde - Telligraf\" \/>\n<meta property=\"og:url\" content=\"https:\/\/telligraf.com\/de\/messestaende\/\" \/>\n<meta property=\"og:site_name\" content=\"Telligraf\" \/>\n<meta property=\"article:modified_time\" content=\"2022-07-01T15:58:00+00:00\" \/>\n<meta name=\"twitter:card\" content=\"summary_large_image\" \/>\n<meta name=\"twitter:label1\" content=\"Gesch\u00e4tzte Lesezeit\" \/>\n\t<meta name=\"twitter:data1\" content=\"1 Minute\" \/>\n<script type=\"application\/ld+json\" class=\"yoast-schema-graph\">{\"@context\":\"https:\/\/schema.org\",\"@graph\":[{\"@type\":\"WebPage\",\"@id\":\"https:\/\/telligraf.com\/de\/messestaende\/\",\"url\":\"https:\/\/telligraf.com\/de\/messestaende\/\",\"name\":\"Messest\u00e4nde - Telligraf\",\"isPartOf\":{\"@id\":\"https:\/\/telligraf.com\/#website\"},\"datePublished\":\"2022-07-01T15:29:11+00:00\",\"dateModified\":\"2022-07-01T15:58:00+00:00\",\"breadcrumb\":{\"@id\":\"https:\/\/telligraf.com\/de\/messestaende\/#breadcrumb\"},\"inLanguage\":\"de-DE\",\"potentialAction\":[{\"@type\":\"ReadAction\",\"target\":[\"https:\/\/telligraf.com\/de\/messestaende\/\"]}]},{\"@type\":\"BreadcrumbList\",\"@id\":\"https:\/\/telligraf.com\/de\/messestaende\/#breadcrumb\",\"itemListElement\":[{\"@type\":\"ListItem\",\"position\":1,\"name\":\"Home\",\"item\":\"https:\/\/telligraf.com\/de\/\"},{\"@type\":\"ListItem\",\"position\":2,\"name\":\"Messest\u00e4nde\"}]},{\"@type\":\"WebSite\",\"@id\":\"https:\/\/telligraf.com\/#website\",\"url\":\"https:\/\/telligraf.com\/\",\"name\":\"Telligraf\",\"description\":\"\",\"potentialAction\":[{\"@type\":\"SearchAction\",\"target\":{\"@type\":\"EntryPoint\",\"urlTemplate\":\"https:\/\/telligraf.com\/?s={search_term_string}\"},\"query-input\":\"required name=search_term_string\"}],\"inLanguage\":\"de-DE\"}]}<\/script>\n<!-- \/ Yoast SEO plugin. -->","yoast_head_json":{"title":"Messest\u00e4nde - Telligraf","robots":{"index":"index","follow":"follow","max-snippet":"max-snippet:-1","max-image-preview":"max-image-preview:large","max-video-preview":"max-video-preview:-1"},"canonical":"https:\/\/telligraf.com\/de\/messestaende\/","og_locale":"de_DE","og_type":"article","og_title":"Messest\u00e4nde - Telligraf","og_url":"https:\/\/telligraf.com\/de\/messestaende\/","og_site_name":"Telligraf","article_modified_time":"2022-07-01T15:58:00+00:00","twitter_card":"summary_large_image","twitter_misc":{"Gesch\u00e4tzte Lesezeit":"1 Minute"},"schema":{"@context":"https:\/\/schema.org","@graph":[{"@type":"WebPage","@id":"https:\/\/telligraf.com\/de\/messestaende\/","url":"https:\/\/telligraf.com\/de\/messestaende\/","name":"Messest\u00e4nde - Telligraf","isPartOf":{"@id":"https:\/\/telligraf.com\/#website"},"datePublished":"2022-07-01T15:29:11+00:00","dateModified":"2022-07-01T15:58:00+00:00","breadcrumb":{"@id":"https:\/\/telligraf.com\/de\/messestaende\/#breadcrumb"},"inLanguage":"de-DE","potentialAction":[{"@type":"ReadAction","target":["https:\/\/telligraf.com\/de\/messestaende\/"]}]},{"@type":"BreadcrumbList","@id":"https:\/\/telligraf.com\/de\/messestaende\/#breadcrumb","itemListElement":[{"@type":"ListItem","position":1,"name":"Home","item":"https:\/\/telligraf.com\/de\/"},{"@type":"ListItem","position":2,"name":"Messest\u00e4nde"}]},{"@type":"WebSite","@id":"https:\/\/telligraf.com\/#website","url":"https:\/\/telligraf.com\/","name":"Telligraf","description":"","potentialAction":[{"@type":"SearchAction","target":{"@type":"EntryPoint","urlTemplate":"https:\/\/telligraf.com\/?s={search_term_string}"},"query-input":"required name=search_term_string"}],"inLanguage":"de-DE"}]}},"_links":{"self":[{"href":"https:\/\/telligraf.com\/de\/wp-json\/wp\/v2\/pages\/1891"}],"collection":[{"href":"https:\/\/telligraf.com\/de\/wp-json\/wp\/v2\/pages"}],"about":[{"href":"https:\/\/telligraf.com\/de\/wp-json\/wp\/v2\/types\/page"}],"author":[{"embeddable":true,"href":"https:\/\/telligraf.com\/de\/wp-json\/wp\/v2\/users\/2"}],"replies":[{"embeddable":true,"href":"https:\/\/telligraf.com\/de\/wp-json\/wp\/v2\/comments?post=1891"}],"version-history":[{"count":3,"href":"https:\/\/telligraf.com\/de\/wp-json\/wp\/v2\/pages\/1891\/revisions"}],"predecessor-version":[{"id":1914,"href":"https:\/\/telligraf.com\/de\/wp-json\/wp\/v2\/pages\/1891\/revisions\/1914"}],"wp:attachment":[{"href":"https:\/\/telligraf.com\/de\/wp-json\/wp\/v2\/media?parent=1891"}],"curies":[{"name":"wp","href":"https:\/\/api.w.org\/{rel}","templated":true}]}}