{"id":1888,"date":"2022-07-01T15:26:56","date_gmt":"2022-07-01T15:26:56","guid":{"rendered":"https:\/\/telligraf.com\/grafica-e-comunicazione\/"},"modified":"2022-07-01T15:42:22","modified_gmt":"2022-07-01T15:42:22","slug":"grafische-entwicklung","status":"publish","type":"page","link":"https:\/\/telligraf.com\/de\/grafische-entwicklung\/","title":{"rendered":"Grafische Entwicklung"},"content":{"rendered":"\n\n  <div class=\"banner has-hover is-full-height\" id=\"banner-1852538821\">\n          <div class=\"banner-inner fill\">\n        <div class=\"banner-bg fill\" >\n            <img width=\"1920\" height=\"1080\" src=\"https:\/\/telligraf.com\/wp-content\/uploads\/2018\/08\/slide1_bg.jpg\" class=\"bg attachment-original size-original\" alt=\"grafica e comunicazione\" decoding=\"async\" loading=\"lazy\" \/>                                    \n                    <\/div>\n\t\t\n        <div class=\"banner-layers container\">\n            <div class=\"fill banner-link\"><\/div>            \n\n   <div id=\"text-box-1216812332\" class=\"text-box banner-layer x5 md-x5 lg-x0 y90 md-y90 lg-y35 res-text\">\n                                <div class=\"text-box-content text \">\n              \n              <div class=\"text-inner text-left\">\n                  \n\n<h1 data-animate=\"fadeIn\" data-animated=\"true\"><strong>Creativity<\/strong><\/h1>\n<p class=\"lead\">Dank unserer Erfahrung sind wir in der Lage, alle Ihre Ideen zu entwerfen und umzusetzen.<\/p>\n\n<a href=\"http:\/\/contatti\" class=\"button primary\"  >\n\t\t<span>Kontaktiere uns<\/span>\n\t<\/a>\n\n\n\n              <\/div>\n           <\/div>\n                            \n<style>\n#text-box-1216812332 {\n  width: 79%;\n}\n#text-box-1216812332 .text-box-content {\n  font-size: 100%;\n}\n@media (min-width:550px) {\n  #text-box-1216812332 {\n    width: 32%;\n  }\n}\n@media (min-width:850px) {\n  #text-box-1216812332 {\n    width: 26%;\n  }\n}\n<\/style>\n    <\/div>\n \n\n        <\/div>\n      <\/div>\n\n            \n<style>\n#banner-1852538821 {\n  padding-top: 80%;\n}\n#banner-1852538821 .banner-bg img {\n  object-position: 47% 0%;\n}\n@media (min-width:550px) {\n  #banner-1852538821 {\n    padding-top: 80%;\n  }\n}\n@media (min-width:850px) {\n  #banner-1852538821 {\n    padding-top: 100%;\n  }\n}\n<\/style>\n  <\/div>\n\n\n\n\t<section class=\"section\" id=\"section_1730601251\">\n\t\t<div class=\"section-bg fill\" >\n\t\t\t\t\t\t\t\t\t\n\t\t\t\n\t<div class=\"is-border\"\n\t\tstyle=\"border-color:rgb(235, 235, 235);border-width:1px 0px 0px 0px;\">\n\t<\/div>\n\n\t\t<\/div>\n\n\t\t\n\n\t\t<div class=\"section-content relative\">\n\t\t\t\n\n<div class=\"row row-large align-middle align-center\"  id=\"row-1305017905\">\n\n\n\t<div id=\"col-851429380\" class=\"col medium-6 small-12 large-6\"  >\n\t\t\t\t<div class=\"col-inner box-shadow-2 box-shadow-5-hover\" style=\"background-color:rgb(255, 255, 255);\" >\n\t\t\t\n\t\t\t\n\n<div class=\"slider-wrapper relative\" id=\"slider-891313454\" >\n    <div class=\"slider slider-nav-simple slider-nav-large slider-nav-light slider-style-normal\"\n        data-flickity-options='{\n            \"cellAlign\": \"center\",\n            \"imagesLoaded\": true,\n            \"lazyLoad\": 1,\n            \"freeScroll\": false,\n            \"wrapAround\": true,\n            \"autoPlay\": 6000,\n            \"pauseAutoPlayOnHover\" : true,\n            \"prevNextButtons\": true,\n            \"contain\" : true,\n            \"adaptiveHeight\" : true,\n            \"dragThreshold\" : 10,\n            \"percentPosition\": true,\n            \"pageDots\": true,\n            \"rightToLeft\": false,\n            \"draggable\": true,\n            \"selectedAttraction\": 0.1,\n            \"parallax\" : 0,\n            \"friction\": 0.6        }'\n        >\n        \n\n\t<div class=\"img has-hover x md-x lg-x y md-y lg-y\" id=\"image_1831081668\">\n\t\t\t\t\t\t\t\t<div class=\"img-inner dark\" >\n\t\t\t<img width=\"870\" height=\"589\" src=\"https:\/\/telligraf.com\/wp-content\/uploads\/2018\/08\/creativity.jpg\" class=\"attachment-original size-original\" alt=\"\" decoding=\"async\" loading=\"lazy\" srcset=\"https:\/\/telligraf.com\/wp-content\/uploads\/2018\/08\/creativity.jpg 870w, https:\/\/telligraf.com\/wp-content\/uploads\/2018\/08\/creativity-300x203.jpg 300w, https:\/\/telligraf.com\/wp-content\/uploads\/2018\/08\/creativity-768x520.jpg 768w\" sizes=\"(max-width: 870px) 100vw, 870px\" \/>\t\t\t\t\t\t\n\t\t\t\t\t<\/div>\n\t\t\t\t\t\t\t\t\n<style>\n#image_1831081668 {\n  width: 100%;\n}\n<\/style>\n\t<\/div>\n\t\n\n\t<div class=\"img has-hover x md-x lg-x y md-y lg-y\" id=\"image_1656982607\">\n\t\t\t\t\t\t\t\t<div class=\"img-inner dark\" >\n\t\t\t<img width=\"870\" height=\"589\" src=\"https:\/\/telligraf.com\/wp-content\/uploads\/2018\/08\/creativity2.jpg\" class=\"attachment-large size-large\" alt=\"\" decoding=\"async\" loading=\"lazy\" srcset=\"https:\/\/telligraf.com\/wp-content\/uploads\/2018\/08\/creativity2.jpg 870w, https:\/\/telligraf.com\/wp-content\/uploads\/2018\/08\/creativity2-300x203.jpg 300w, https:\/\/telligraf.com\/wp-content\/uploads\/2018\/08\/creativity2-768x520.jpg 768w\" sizes=\"(max-width: 870px) 100vw, 870px\" \/>\t\t\t\t\t\t\n\t\t\t\t\t<\/div>\n\t\t\t\t\t\t\t\t\n<style>\n#image_1656982607 {\n  width: 100%;\n}\n<\/style>\n\t<\/div>\n\t\n\n\n     <\/div>\n\n     <div class=\"loading-spin dark large centered\"><\/div>\n\n\t<\/div>\n\n\n\n\t\t<\/div>\n\t\t\t\t\n<style>\n#col-851429380 > .col-inner {\n  padding: 15px 15px 15px 15px;\n}\n<\/style>\n\t<\/div>\n\n\t\n\n\t<div id=\"col-130545762\" class=\"col medium-6 small-12 large-6\"  >\n\t\t\t\t<div class=\"col-inner text-left\"  >\n\t\t\t\n\t\t\t\n\n<h2>Grafik und Kommunikation<\/h2>\n<p>Das kreative Konzept des Firmenlogos ist f\u00fcr die Markenpr\u00e4senz Ihrer Marke unerl\u00e4sslich. Die Marke ist das, was Ihr Unternehmen in jedem Kommunikationsbereich identifiziert und wiedererkennbar macht, weshalb unsere Designer all ihre Vorstellungskraft und Professionalit\u00e4t einsetzen, um kreative und originelle Ideen vorzuschlagen, die f\u00fcr die Umsetzung Ihres Katalogs, Logos oder Ihrer grafischen Arbeit n\u00fctzlich sind. Sich auf professionelles Personal zu verlassen, bedeutet vor allem, sich um Ihr Firmenimage zu k\u00fcmmern. F\u00fcr jeden Auftrag bieten wir das Beste aus unserem Know-how und k\u00fcmmern uns um jeden qualitativen Aspekt der Kommunikation<\/p>\n\n<div class=\"text-center\"><div class=\"is-divider divider clearfix\" style=\"max-width:523px;height:1px;\"><\/div><\/div>\n\n<div class=\"social-icons follow-icons full-width text-left\" style=\"font-size:118%\"><a href=\"https:\/\/www.facebook.com\/telligraf\/\" target=\"_blank\" data-label=\"Facebook\" class=\"icon button circle is-outline facebook tooltip\" title=\"Auf Facebook folgen\" aria-label=\"Auf Facebook folgen\" rel=\"noopener nofollow\" ><i class=\"icon-facebook\" ><\/i><\/a><a href=\"https:\/\/www.instagram.com\/telligraf\/\" target=\"_blank\" data-label=\"Instagram\" class=\"icon button circle is-outline instagram tooltip\" title=\"Auf Instagram folgen\" aria-label=\"Auf Instagram folgen\" rel=\"noopener nofollow\" ><i class=\"icon-instagram\" ><\/i><\/a><a href=\"https:\/\/www.linkedin.com\/company\/telligraf\/\" data-label=\"LinkedIn\" target=\"_blank\" class=\"icon button circle is-outline linkedin tooltip\" title=\"Auf Linkedin folgen\" aria-label=\"Auf Linkedin folgen\" rel=\"noopener nofollow\" ><i class=\"icon-linkedin\" ><\/i><\/a><a href=\"https:\/\/www.youtube.com\/channel\/UCQtLYVJ9b5GAf95bYCWV6Fg\" data-label=\"YouTube\" target=\"_blank\" class=\"icon button circle is-outline youtube tooltip\" title=\"Auf YouTube folgen\" aria-label=\"Auf YouTube folgen\" rel=\"noopener nofollow\" ><i class=\"icon-youtube\" ><\/i><\/a><\/div>\n\n\n\t\t<\/div>\n\t\t\t\t\t<\/div>\n\n\t\n\n<\/div>\n\n\t\t<\/div>\n\n\t\t\n<style>\n#section_1730601251 {\n  padding-top: 59px;\n  padding-bottom: 59px;\n  min-height: 300px;\n}\n<\/style>\n\t<\/section>\n\t\n\n  \n    <div class=\"row large-columns-4 medium-columns-3 small-columns-2 row-collapse row-full-width slider row-slider slider-nav-reveal slider-nav-push\"  data-flickity-options='{&quot;imagesLoaded&quot;: true, &quot;groupCells&quot;: &quot;100%&quot;, &quot;dragThreshold&quot; : 5, &quot;cellAlign&quot;: &quot;left&quot;,&quot;wrapAround&quot;: true,&quot;prevNextButtons&quot;: true,&quot;percentPosition&quot;: true,&quot;pageDots&quot;: false, &quot;rightToLeft&quot;: false, &quot;autoPlay&quot; : false}' >\n\n  <div class=\"gallery-col col\" >\n          <div class=\"col-inner\">\n            <a class=\"image-lightbox lightbox-gallery\" href=\"https:\/\/telligraf.com\/wp-content\/uploads\/2018\/09\/grafica-6-1024x797.jpg\" title=\"\">            <div class=\"box has-hover gallery-box box-bounce\">\n              <div class=\"box-image image-cover\" style=\"padding-top:75%;\">\n                <img width=\"1024\" height=\"797\" src=\"https:\/\/telligraf.com\/wp-content\/uploads\/2018\/09\/grafica-6.jpg\" class=\"attachment-original size-original\" alt=\"\" decoding=\"async\" ids=\"528,561,525,527,1029,523,597\" style=\"bounce\" type=\"slider\" width=\"full-width\" col_spacing=\"collapse\" image_height=\"75%\" image_size=\"original\" loading=\"lazy\" srcset=\"https:\/\/telligraf.com\/wp-content\/uploads\/2018\/09\/grafica-6.jpg 1024w, https:\/\/telligraf.com\/wp-content\/uploads\/2018\/09\/grafica-6-300x233.jpg 300w, https:\/\/telligraf.com\/wp-content\/uploads\/2018\/09\/grafica-6-768x598.jpg 768w\" sizes=\"(max-width: 1024px) 100vw, 1024px\" \/>                                                              <\/div>\n              <div class=\"box-text text-left\" >\n                 <p><\/p>\n              <\/div>\n            <\/div>\n            <\/a>          <\/div>\n         <\/div><div class=\"gallery-col col\" >\n          <div class=\"col-inner\">\n            <a class=\"image-lightbox lightbox-gallery\" href=\"https:\/\/telligraf.com\/wp-content\/uploads\/2018\/09\/metallico-1024x659.jpg\" title=\"\">            <div class=\"box has-hover gallery-box box-bounce\">\n              <div class=\"box-image image-cover\" style=\"padding-top:75%;\">\n                <img width=\"1024\" height=\"659\" src=\"https:\/\/telligraf.com\/wp-content\/uploads\/2018\/09\/metallico.jpg\" class=\"attachment-original size-original\" alt=\"\" decoding=\"async\" ids=\"528,561,525,527,1029,523,597\" style=\"bounce\" type=\"slider\" width=\"full-width\" col_spacing=\"collapse\" image_height=\"75%\" image_size=\"original\" loading=\"lazy\" srcset=\"https:\/\/telligraf.com\/wp-content\/uploads\/2018\/09\/metallico.jpg 1024w, https:\/\/telligraf.com\/wp-content\/uploads\/2018\/09\/metallico-300x193.jpg 300w, https:\/\/telligraf.com\/wp-content\/uploads\/2018\/09\/metallico-768x494.jpg 768w\" sizes=\"(max-width: 1024px) 100vw, 1024px\" \/>                                                              <\/div>\n              <div class=\"box-text text-left\" >\n                 <p><\/p>\n              <\/div>\n            <\/div>\n            <\/a>          <\/div>\n         <\/div><div class=\"gallery-col col\" >\n          <div class=\"col-inner\">\n            <a class=\"image-lightbox lightbox-gallery\" href=\"https:\/\/telligraf.com\/wp-content\/uploads\/2018\/09\/grafica-3-1024x768.jpg\" title=\"\">            <div class=\"box has-hover gallery-box box-bounce\">\n              <div class=\"box-image image-cover\" style=\"padding-top:75%;\">\n                <img width=\"1024\" height=\"768\" src=\"https:\/\/telligraf.com\/wp-content\/uploads\/2018\/09\/grafica-3.jpg\" class=\"attachment-original size-original\" alt=\"\" decoding=\"async\" ids=\"528,561,525,527,1029,523,597\" style=\"bounce\" type=\"slider\" width=\"full-width\" col_spacing=\"collapse\" image_height=\"75%\" image_size=\"original\" loading=\"lazy\" srcset=\"https:\/\/telligraf.com\/wp-content\/uploads\/2018\/09\/grafica-3.jpg 1024w, https:\/\/telligraf.com\/wp-content\/uploads\/2018\/09\/grafica-3-300x225.jpg 300w, https:\/\/telligraf.com\/wp-content\/uploads\/2018\/09\/grafica-3-768x576.jpg 768w\" sizes=\"(max-width: 1024px) 100vw, 1024px\" \/>                                                              <\/div>\n              <div class=\"box-text text-left\" >\n                 <p><\/p>\n              <\/div>\n            <\/div>\n            <\/a>          <\/div>\n         <\/div><div class=\"gallery-col col\" >\n          <div class=\"col-inner\">\n            <a class=\"image-lightbox lightbox-gallery\" href=\"https:\/\/telligraf.com\/wp-content\/uploads\/2018\/09\/grafica-5-1024x768.jpg\" title=\"\">            <div class=\"box has-hover gallery-box box-bounce\">\n              <div class=\"box-image image-cover\" style=\"padding-top:75%;\">\n                <img width=\"1024\" height=\"768\" src=\"https:\/\/telligraf.com\/wp-content\/uploads\/2018\/09\/grafica-5.jpg\" class=\"attachment-original size-original\" alt=\"\" decoding=\"async\" ids=\"528,561,525,527,1029,523,597\" style=\"bounce\" type=\"slider\" width=\"full-width\" col_spacing=\"collapse\" image_height=\"75%\" image_size=\"original\" loading=\"lazy\" srcset=\"https:\/\/telligraf.com\/wp-content\/uploads\/2018\/09\/grafica-5.jpg 1024w, https:\/\/telligraf.com\/wp-content\/uploads\/2018\/09\/grafica-5-300x225.jpg 300w, https:\/\/telligraf.com\/wp-content\/uploads\/2018\/09\/grafica-5-768x576.jpg 768w\" sizes=\"(max-width: 1024px) 100vw, 1024px\" \/>                                                              <\/div>\n              <div class=\"box-text text-left\" >\n                 <p><\/p>\n              <\/div>\n            <\/div>\n            <\/a>          <\/div>\n         <\/div><div class=\"gallery-col col\" >\n          <div class=\"col-inner\">\n            <a class=\"image-lightbox lightbox-gallery\" href=\"https:\/\/telligraf.com\/wp-content\/uploads\/2019\/04\/Ambiente-2-1024x731.jpg\" title=\"\">            <div class=\"box has-hover gallery-box box-bounce\">\n              <div class=\"box-image image-cover\" style=\"padding-top:75%;\">\n                <img width=\"1180\" height=\"842\" src=\"https:\/\/telligraf.com\/wp-content\/uploads\/2019\/04\/Ambiente-2.jpg\" class=\"attachment-original size-original\" alt=\"\" decoding=\"async\" ids=\"528,561,525,527,1029,523,597\" style=\"bounce\" type=\"slider\" width=\"full-width\" col_spacing=\"collapse\" image_height=\"75%\" image_size=\"original\" loading=\"lazy\" srcset=\"https:\/\/telligraf.com\/wp-content\/uploads\/2019\/04\/Ambiente-2.jpg 1180w, https:\/\/telligraf.com\/wp-content\/uploads\/2019\/04\/Ambiente-2-300x214.jpg 300w, https:\/\/telligraf.com\/wp-content\/uploads\/2019\/04\/Ambiente-2-768x548.jpg 768w, https:\/\/telligraf.com\/wp-content\/uploads\/2019\/04\/Ambiente-2-1024x731.jpg 1024w\" sizes=\"(max-width: 1180px) 100vw, 1180px\" \/>                                                              <\/div>\n              <div class=\"box-text text-left\" >\n                 <p><\/p>\n              <\/div>\n            <\/div>\n            <\/a>          <\/div>\n         <\/div><div class=\"gallery-col col\" >\n          <div class=\"col-inner\">\n            <a class=\"image-lightbox lightbox-gallery\" href=\"https:\/\/telligraf.com\/wp-content\/uploads\/2018\/09\/grafica-1-1024x771.jpg\" title=\"\">            <div class=\"box has-hover gallery-box box-bounce\">\n              <div class=\"box-image image-cover\" style=\"padding-top:75%;\">\n                <img width=\"1024\" height=\"771\" src=\"https:\/\/telligraf.com\/wp-content\/uploads\/2018\/09\/grafica-1.jpg\" class=\"attachment-original size-original\" alt=\"\" decoding=\"async\" ids=\"528,561,525,527,1029,523,597\" style=\"bounce\" type=\"slider\" width=\"full-width\" col_spacing=\"collapse\" image_height=\"75%\" image_size=\"original\" loading=\"lazy\" srcset=\"https:\/\/telligraf.com\/wp-content\/uploads\/2018\/09\/grafica-1.jpg 1024w, https:\/\/telligraf.com\/wp-content\/uploads\/2018\/09\/grafica-1-300x226.jpg 300w, https:\/\/telligraf.com\/wp-content\/uploads\/2018\/09\/grafica-1-768x578.jpg 768w\" sizes=\"(max-width: 1024px) 100vw, 1024px\" \/>                                                              <\/div>\n              <div class=\"box-text text-left\" >\n                 <p><\/p>\n              <\/div>\n            <\/div>\n            <\/a>          <\/div>\n         <\/div><div class=\"gallery-col col\" >\n          <div class=\"col-inner\">\n            <a class=\"image-lightbox lightbox-gallery\" href=\"https:\/\/telligraf.com\/wp-content\/uploads\/2018\/09\/canvas2-1024x845.jpg\" title=\"\">            <div class=\"box has-hover gallery-box box-bounce\">\n              <div class=\"box-image image-cover\" style=\"padding-top:75%;\">\n                <img width=\"1024\" height=\"845\" src=\"https:\/\/telligraf.com\/wp-content\/uploads\/2018\/09\/canvas2.jpg\" class=\"attachment-original size-original\" alt=\"\" decoding=\"async\" ids=\"528,561,525,527,1029,523,597\" style=\"bounce\" type=\"slider\" width=\"full-width\" col_spacing=\"collapse\" image_height=\"75%\" image_size=\"original\" loading=\"lazy\" srcset=\"https:\/\/telligraf.com\/wp-content\/uploads\/2018\/09\/canvas2.jpg 1024w, https:\/\/telligraf.com\/wp-content\/uploads\/2018\/09\/canvas2-300x248.jpg 300w, https:\/\/telligraf.com\/wp-content\/uploads\/2018\/09\/canvas2-768x634.jpg 768w\" sizes=\"(max-width: 1024px) 100vw, 1024px\" \/>                                                              <\/div>\n              <div class=\"box-text text-left\" >\n                 <p><\/p>\n              <\/div>\n            <\/div>\n            <\/a>          <\/div>\n         <\/div><\/div>\n\n\n","protected":false},"excerpt":{"rendered":"","protected":false},"author":2,"featured_media":0,"parent":0,"menu_order":0,"comment_status":"closed","ping_status":"closed","template":"page-blank.php","meta":{"footnotes":""},"yoast_head":"<!-- This site is optimized with the Yoast SEO plugin v21.3 - https:\/\/yoast.com\/wordpress\/plugins\/seo\/ -->\n<title>Grafische Entwicklung - Telligraf<\/title>\n<meta name=\"description\" content=\"Il concept creativo del Logotipo aziendale \u00e8 fondamentale per dare il via al proprio brand. Il marchio \u00e8 ci\u00f2 che identifica la tua attivit\u00e0\" \/>\n<meta name=\"robots\" content=\"index, follow, max-snippet:-1, max-image-preview:large, max-video-preview:-1\" \/>\n<link rel=\"canonical\" href=\"https:\/\/telligraf.com\/de\/grafische-entwicklung\/\" \/>\n<meta property=\"og:locale\" content=\"de_DE\" \/>\n<meta property=\"og:type\" content=\"article\" \/>\n<meta property=\"og:title\" content=\"Grafische Entwicklung - Telligraf\" \/>\n<meta property=\"og:description\" content=\"Il concept creativo del Logotipo aziendale \u00e8 fondamentale per dare il via al proprio brand. Il marchio \u00e8 ci\u00f2 che identifica la tua attivit\u00e0\" \/>\n<meta property=\"og:url\" content=\"https:\/\/telligraf.com\/de\/grafische-entwicklung\/\" \/>\n<meta property=\"og:site_name\" content=\"Telligraf\" \/>\n<meta property=\"article:modified_time\" content=\"2022-07-01T15:42:22+00:00\" \/>\n<meta name=\"twitter:card\" content=\"summary_large_image\" \/>\n<meta name=\"twitter:label1\" content=\"Gesch\u00e4tzte Lesezeit\" \/>\n\t<meta name=\"twitter:data1\" content=\"2 Minuten\" \/>\n<script type=\"application\/ld+json\" class=\"yoast-schema-graph\">{\"@context\":\"https:\/\/schema.org\",\"@graph\":[{\"@type\":\"WebPage\",\"@id\":\"https:\/\/telligraf.com\/de\/grafische-entwicklung\/\",\"url\":\"https:\/\/telligraf.com\/de\/grafische-entwicklung\/\",\"name\":\"Grafische Entwicklung - Telligraf\",\"isPartOf\":{\"@id\":\"https:\/\/telligraf.com\/#website\"},\"datePublished\":\"2022-07-01T15:26:56+00:00\",\"dateModified\":\"2022-07-01T15:42:22+00:00\",\"description\":\"Il concept creativo del Logotipo aziendale \u00e8 fondamentale per dare il via al proprio brand. Il marchio \u00e8 ci\u00f2 che identifica la tua attivit\u00e0\",\"breadcrumb\":{\"@id\":\"https:\/\/telligraf.com\/de\/grafische-entwicklung\/#breadcrumb\"},\"inLanguage\":\"de-DE\",\"potentialAction\":[{\"@type\":\"ReadAction\",\"target\":[\"https:\/\/telligraf.com\/de\/grafische-entwicklung\/\"]}]},{\"@type\":\"BreadcrumbList\",\"@id\":\"https:\/\/telligraf.com\/de\/grafische-entwicklung\/#breadcrumb\",\"itemListElement\":[{\"@type\":\"ListItem\",\"position\":1,\"name\":\"Home\",\"item\":\"https:\/\/telligraf.com\/de\/\"},{\"@type\":\"ListItem\",\"position\":2,\"name\":\"Grafische Entwicklung\"}]},{\"@type\":\"WebSite\",\"@id\":\"https:\/\/telligraf.com\/#website\",\"url\":\"https:\/\/telligraf.com\/\",\"name\":\"Telligraf\",\"description\":\"\",\"potentialAction\":[{\"@type\":\"SearchAction\",\"target\":{\"@type\":\"EntryPoint\",\"urlTemplate\":\"https:\/\/telligraf.com\/?s={search_term_string}\"},\"query-input\":\"required name=search_term_string\"}],\"inLanguage\":\"de-DE\"}]}<\/script>\n<!-- \/ Yoast SEO plugin. -->","yoast_head_json":{"title":"Grafische Entwicklung - Telligraf","description":"Il concept creativo del Logotipo aziendale \u00e8 fondamentale per dare il via al proprio brand. Il marchio \u00e8 ci\u00f2 che identifica la tua attivit\u00e0","robots":{"index":"index","follow":"follow","max-snippet":"max-snippet:-1","max-image-preview":"max-image-preview:large","max-video-preview":"max-video-preview:-1"},"canonical":"https:\/\/telligraf.com\/de\/grafische-entwicklung\/","og_locale":"de_DE","og_type":"article","og_title":"Grafische Entwicklung - Telligraf","og_description":"Il concept creativo del Logotipo aziendale \u00e8 fondamentale per dare il via al proprio brand. Il marchio \u00e8 ci\u00f2 che identifica la tua attivit\u00e0","og_url":"https:\/\/telligraf.com\/de\/grafische-entwicklung\/","og_site_name":"Telligraf","article_modified_time":"2022-07-01T15:42:22+00:00","twitter_card":"summary_large_image","twitter_misc":{"Gesch\u00e4tzte Lesezeit":"2 Minuten"},"schema":{"@context":"https:\/\/schema.org","@graph":[{"@type":"WebPage","@id":"https:\/\/telligraf.com\/de\/grafische-entwicklung\/","url":"https:\/\/telligraf.com\/de\/grafische-entwicklung\/","name":"Grafische Entwicklung - Telligraf","isPartOf":{"@id":"https:\/\/telligraf.com\/#website"},"datePublished":"2022-07-01T15:26:56+00:00","dateModified":"2022-07-01T15:42:22+00:00","description":"Il concept creativo del Logotipo aziendale \u00e8 fondamentale per dare il via al proprio brand. Il marchio \u00e8 ci\u00f2 che identifica la tua attivit\u00e0","breadcrumb":{"@id":"https:\/\/telligraf.com\/de\/grafische-entwicklung\/#breadcrumb"},"inLanguage":"de-DE","potentialAction":[{"@type":"ReadAction","target":["https:\/\/telligraf.com\/de\/grafische-entwicklung\/"]}]},{"@type":"BreadcrumbList","@id":"https:\/\/telligraf.com\/de\/grafische-entwicklung\/#breadcrumb","itemListElement":[{"@type":"ListItem","position":1,"name":"Home","item":"https:\/\/telligraf.com\/de\/"},{"@type":"ListItem","position":2,"name":"Grafische Entwicklung"}]},{"@type":"WebSite","@id":"https:\/\/telligraf.com\/#website","url":"https:\/\/telligraf.com\/","name":"Telligraf","description":"","potentialAction":[{"@type":"SearchAction","target":{"@type":"EntryPoint","urlTemplate":"https:\/\/telligraf.com\/?s={search_term_string}"},"query-input":"required name=search_term_string"}],"inLanguage":"de-DE"}]}},"_links":{"self":[{"href":"https:\/\/telligraf.com\/de\/wp-json\/wp\/v2\/pages\/1888"}],"collection":[{"href":"https:\/\/telligraf.com\/de\/wp-json\/wp\/v2\/pages"}],"about":[{"href":"https:\/\/telligraf.com\/de\/wp-json\/wp\/v2\/types\/page"}],"author":[{"embeddable":true,"href":"https:\/\/telligraf.com\/de\/wp-json\/wp\/v2\/users\/2"}],"replies":[{"embeddable":true,"href":"https:\/\/telligraf.com\/de\/wp-json\/wp\/v2\/comments?post=1888"}],"version-history":[{"count":2,"href":"https:\/\/telligraf.com\/de\/wp-json\/wp\/v2\/pages\/1888\/revisions"}],"predecessor-version":[{"id":1905,"href":"https:\/\/telligraf.com\/de\/wp-json\/wp\/v2\/pages\/1888\/revisions\/1905"}],"wp:attachment":[{"href":"https:\/\/telligraf.com\/de\/wp-json\/wp\/v2\/media?parent=1888"}],"curies":[{"name":"wp","href":"https:\/\/api.w.org\/{rel}","templated":true}]}}