{"id":1847,"date":"2022-07-01T15:03:16","date_gmt":"2022-07-01T15:03:16","guid":{"rendered":"https:\/\/telligraf.com\/wood\/"},"modified":"2022-07-01T16:19:01","modified_gmt":"2022-07-01T16:19:01","slug":"wood","status":"publish","type":"page","link":"https:\/\/telligraf.com\/de\/wood\/","title":{"rendered":"Wood"},"content":{"rendered":"\n\n  <div class=\"banner has-hover is-full-height\" id=\"banner-950247531\">\n          <div class=\"banner-inner fill\">\n        <div class=\"banner-bg fill\" >\n            <img width=\"1920\" height=\"1280\" src=\"https:\/\/telligraf.com\/wp-content\/uploads\/2018\/10\/wood-telligraf.jpg\" class=\"bg attachment-original size-original\" alt=\"\" decoding=\"async\" loading=\"lazy\" \/>                                    \n                    <\/div>\n\t\t\n        <div class=\"banner-layers container\">\n            <div class=\"fill banner-link\"><\/div>            \n\n\n        <\/div>\n      <\/div>\n\n            \n<style>\n#banner-950247531 {\n  padding-top: 80%;\n}\n#banner-950247531 .banner-bg img {\n  object-position: 57% 0%;\n}\n@media (min-width:550px) {\n  #banner-950247531 {\n    padding-top: 80%;\n  }\n}\n@media (min-width:850px) {\n  #banner-950247531 {\n    padding-top: 100%;\n  }\n}\n<\/style>\n  <\/div>\n\n\n\n\t<section class=\"section\" id=\"section_1253244969\">\n\t\t<div class=\"section-bg fill\" >\n\t\t\t\t\t\t\t\t\t\n\t\t\t\n\t<div class=\"is-border\"\n\t\tstyle=\"border-color:rgb(235, 235, 235);border-width:1px 0px 0px 0px;\">\n\t<\/div>\n\n\t\t<\/div>\n\n\t\t\n\n\t\t<div class=\"section-content relative\">\n\t\t\t\n\n<div class=\"row row-large align-middle align-center\"  id=\"row-2145153504\">\n\n\n\t<div id=\"col-944381643\" class=\"col medium-6 small-12 large-6\"  >\n\t\t\t\t<div class=\"col-inner box-shadow-2 box-shadow-5-hover\" style=\"background-color:rgb(255, 255, 255);\" >\n\t\t\t\n\t\t\t\n\n<div class=\"slider-wrapper relative\" id=\"slider-1699740602\" >\n    <div class=\"slider slider-nav-simple slider-nav-large slider-nav-light slider-style-normal\"\n        data-flickity-options='{\n            \"cellAlign\": \"center\",\n            \"imagesLoaded\": true,\n            \"lazyLoad\": 1,\n            \"freeScroll\": false,\n            \"wrapAround\": true,\n            \"autoPlay\": 6000,\n            \"pauseAutoPlayOnHover\" : true,\n            \"prevNextButtons\": true,\n            \"contain\" : true,\n            \"adaptiveHeight\" : true,\n            \"dragThreshold\" : 10,\n            \"percentPosition\": true,\n            \"pageDots\": true,\n            \"rightToLeft\": false,\n            \"draggable\": true,\n            \"selectedAttraction\": 0.1,\n            \"parallax\" : 0,\n            \"friction\": 0.6        }'\n        >\n        \n\n\t<div class=\"img has-hover x md-x lg-x y md-y lg-y\" id=\"image_1714226379\">\n\t\t\t\t\t\t\t\t<div class=\"img-inner dark\" >\n\t\t\t<img width=\"870\" height=\"589\" src=\"https:\/\/telligraf.com\/wp-content\/uploads\/2018\/08\/wood.jpg\" class=\"attachment-original size-original\" alt=\"\" decoding=\"async\" loading=\"lazy\" srcset=\"https:\/\/telligraf.com\/wp-content\/uploads\/2018\/08\/wood.jpg 870w, https:\/\/telligraf.com\/wp-content\/uploads\/2018\/08\/wood-300x203.jpg 300w, https:\/\/telligraf.com\/wp-content\/uploads\/2018\/08\/wood-768x520.jpg 768w\" sizes=\"(max-width: 870px) 100vw, 870px\" \/>\t\t\t\t\t\t\n\t\t\t\t\t<\/div>\n\t\t\t\t\t\t\t\t\n<style>\n#image_1714226379 {\n  width: 100%;\n}\n<\/style>\n\t<\/div>\n\t\n\n\t<div class=\"img has-hover x md-x lg-x y md-y lg-y\" id=\"image_689117630\">\n\t\t\t\t\t\t\t\t<div class=\"img-inner dark\" >\n\t\t\t<img width=\"870\" height=\"589\" src=\"https:\/\/telligraf.com\/wp-content\/uploads\/2018\/08\/wood2.jpg\" class=\"attachment-large size-large\" alt=\"\" decoding=\"async\" loading=\"lazy\" srcset=\"https:\/\/telligraf.com\/wp-content\/uploads\/2018\/08\/wood2.jpg 870w, https:\/\/telligraf.com\/wp-content\/uploads\/2018\/08\/wood2-300x203.jpg 300w, https:\/\/telligraf.com\/wp-content\/uploads\/2018\/08\/wood2-768x520.jpg 768w\" sizes=\"(max-width: 870px) 100vw, 870px\" \/>\t\t\t\t\t\t\n\t\t\t\t\t<\/div>\n\t\t\t\t\t\t\t\t\n<style>\n#image_689117630 {\n  width: 100%;\n}\n<\/style>\n\t<\/div>\n\t\n\n\n     <\/div>\n\n     <div class=\"loading-spin dark large centered\"><\/div>\n\n\t<\/div>\n\n\n\n\t\t<\/div>\n\t\t\t\t\n<style>\n#col-944381643 > .col-inner {\n  padding: 15px 15px 15px 15px;\n}\n<\/style>\n\t<\/div>\n\n\t\n\n\t<div id=\"col-770541747\" class=\"col medium-6 small-12 large-6\"  >\n\t\t\t\t<div class=\"col-inner text-left\"  >\n\t\t\t\n\t\t\t\n\n<h1>Wood<\/h1>\n<p>Die von Telligraf erreichte Drucktechnologie erm\u00f6glicht es heute, ein innovatives Produkt zu schaffen, das ein klassisches Material wie Holz mit Fotodruck kombiniert. Das Bedrucken Tr\u00e4germaterial aus Holz ist etwas ganz besonderes und ist eine raffinierte Wahl zur Kommunikation, ideal f\u00fcr Innenr\u00e4ume.<\/p>\n\n<div class=\"text-center\"><div class=\"is-divider divider clearfix\" style=\"max-width:523px;height:1px;\"><\/div><\/div>\n\n<div class=\"social-icons follow-icons full-width text-left\" style=\"font-size:118%\"><a href=\"https:\/\/www.facebook.com\/telligraf\/\" target=\"_blank\" data-label=\"Facebook\" class=\"icon button circle is-outline facebook tooltip\" title=\"Auf Facebook folgen\" aria-label=\"Auf Facebook folgen\" rel=\"noopener nofollow\" ><i class=\"icon-facebook\" ><\/i><\/a><a href=\"https:\/\/www.instagram.com\/telligraf\/\" target=\"_blank\" data-label=\"Instagram\" class=\"icon button circle is-outline instagram tooltip\" title=\"Auf Instagram folgen\" aria-label=\"Auf Instagram folgen\" rel=\"noopener nofollow\" ><i class=\"icon-instagram\" ><\/i><\/a><a href=\"https:\/\/www.linkedin.com\/company\/telligraf\/\" data-label=\"LinkedIn\" target=\"_blank\" class=\"icon button circle is-outline linkedin tooltip\" title=\"Auf Linkedin folgen\" aria-label=\"Auf Linkedin folgen\" rel=\"noopener nofollow\" ><i class=\"icon-linkedin\" ><\/i><\/a><a href=\"https:\/\/www.youtube.com\/channel\/UCQtLYVJ9b5GAf95bYCWV6Fg\" data-label=\"YouTube\" target=\"_blank\" class=\"icon button circle is-outline youtube tooltip\" title=\"Auf YouTube folgen\" aria-label=\"Auf YouTube folgen\" rel=\"noopener nofollow\" ><i class=\"icon-youtube\" ><\/i><\/a><\/div>\n\n\n\t\t<\/div>\n\t\t\t\t\t<\/div>\n\n\t\n\n<\/div>\n\n\t\t<\/div>\n\n\t\t\n<style>\n#section_1253244969 {\n  padding-top: 59px;\n  padding-bottom: 59px;\n  min-height: 300px;\n}\n<\/style>\n\t<\/section>\n\t\n\n  \n    <div class=\"row large-columns-4 medium-columns-3 small-columns-2 row-collapse row-full-width slider row-slider slider-nav-reveal slider-nav-push\"  data-flickity-options='{&quot;imagesLoaded&quot;: true, &quot;groupCells&quot;: &quot;100%&quot;, &quot;dragThreshold&quot; : 5, &quot;cellAlign&quot;: &quot;left&quot;,&quot;wrapAround&quot;: true,&quot;prevNextButtons&quot;: true,&quot;percentPosition&quot;: true,&quot;pageDots&quot;: false, &quot;rightToLeft&quot;: false, &quot;autoPlay&quot; : false}' >\n\n  <div class=\"gallery-col col\" >\n          <div class=\"col-inner\">\n            <a class=\"image-lightbox lightbox-gallery\" href=\"https:\/\/telligraf.com\/wp-content\/uploads\/2018\/10\/wood-1-1024x660.jpg\" title=\"\">            <div class=\"box has-hover gallery-box box-bounce\">\n              <div class=\"box-image image-cover\" style=\"padding-top:75%;\">\n                <img width=\"1024\" height=\"660\" src=\"https:\/\/telligraf.com\/wp-content\/uploads\/2018\/10\/wood-1.jpg\" class=\"attachment-original size-original\" alt=\"\" decoding=\"async\" ids=\"762,398,397,396,395,394\" style=\"bounce\" type=\"slider\" width=\"full-width\" col_spacing=\"collapse\" image_height=\"75%\" image_size=\"original\" loading=\"lazy\" srcset=\"https:\/\/telligraf.com\/wp-content\/uploads\/2018\/10\/wood-1.jpg 1024w, https:\/\/telligraf.com\/wp-content\/uploads\/2018\/10\/wood-1-300x193.jpg 300w, https:\/\/telligraf.com\/wp-content\/uploads\/2018\/10\/wood-1-768x495.jpg 768w\" sizes=\"(max-width: 1024px) 100vw, 1024px\" \/>                                                              <\/div>\n              <div class=\"box-text text-left\" >\n                 <p><\/p>\n              <\/div>\n            <\/div>\n            <\/a>          <\/div>\n         <\/div><div class=\"gallery-col col\" >\n          <div class=\"col-inner\">\n            <a class=\"image-lightbox lightbox-gallery\" href=\"https:\/\/telligraf.com\/wp-content\/uploads\/2018\/09\/wood4.jpg\" title=\"\">            <div class=\"box has-hover gallery-box box-bounce\">\n              <div class=\"box-image image-cover\" style=\"padding-top:75%;\">\n                <img width=\"800\" height=\"600\" src=\"https:\/\/telligraf.com\/wp-content\/uploads\/2018\/09\/wood4.jpg\" class=\"attachment-original size-original\" alt=\"\" decoding=\"async\" ids=\"762,398,397,396,395,394\" style=\"bounce\" type=\"slider\" width=\"full-width\" col_spacing=\"collapse\" image_height=\"75%\" image_size=\"original\" loading=\"lazy\" srcset=\"https:\/\/telligraf.com\/wp-content\/uploads\/2018\/09\/wood4.jpg 800w, https:\/\/telligraf.com\/wp-content\/uploads\/2018\/09\/wood4-300x225.jpg 300w, https:\/\/telligraf.com\/wp-content\/uploads\/2018\/09\/wood4-768x576.jpg 768w\" sizes=\"(max-width: 800px) 100vw, 800px\" \/>                                                              <\/div>\n              <div class=\"box-text text-left\" >\n                 <p><\/p>\n              <\/div>\n            <\/div>\n            <\/a>          <\/div>\n         <\/div><div class=\"gallery-col col\" >\n          <div class=\"col-inner\">\n            <a class=\"image-lightbox lightbox-gallery\" href=\"https:\/\/telligraf.com\/wp-content\/uploads\/2018\/09\/wood3.jpg\" title=\"\">            <div class=\"box has-hover gallery-box box-bounce\">\n              <div class=\"box-image image-cover\" style=\"padding-top:75%;\">\n                <img width=\"800\" height=\"600\" src=\"https:\/\/telligraf.com\/wp-content\/uploads\/2018\/09\/wood3.jpg\" class=\"attachment-original size-original\" alt=\"\" decoding=\"async\" ids=\"762,398,397,396,395,394\" style=\"bounce\" type=\"slider\" width=\"full-width\" col_spacing=\"collapse\" image_height=\"75%\" image_size=\"original\" loading=\"lazy\" srcset=\"https:\/\/telligraf.com\/wp-content\/uploads\/2018\/09\/wood3.jpg 800w, https:\/\/telligraf.com\/wp-content\/uploads\/2018\/09\/wood3-300x225.jpg 300w, https:\/\/telligraf.com\/wp-content\/uploads\/2018\/09\/wood3-768x576.jpg 768w\" sizes=\"(max-width: 800px) 100vw, 800px\" \/>                                                              <\/div>\n              <div class=\"box-text text-left\" >\n                 <p><\/p>\n              <\/div>\n            <\/div>\n            <\/a>          <\/div>\n         <\/div><div class=\"gallery-col col\" >\n          <div class=\"col-inner\">\n            <a class=\"image-lightbox lightbox-gallery\" href=\"https:\/\/telligraf.com\/wp-content\/uploads\/2018\/09\/wood2.jpg\" title=\"\">            <div class=\"box has-hover gallery-box box-bounce\">\n              <div class=\"box-image image-cover\" style=\"padding-top:75%;\">\n                <img width=\"800\" height=\"600\" src=\"https:\/\/telligraf.com\/wp-content\/uploads\/2018\/09\/wood2.jpg\" class=\"attachment-original size-original\" alt=\"\" decoding=\"async\" ids=\"762,398,397,396,395,394\" style=\"bounce\" type=\"slider\" width=\"full-width\" col_spacing=\"collapse\" image_height=\"75%\" image_size=\"original\" loading=\"lazy\" srcset=\"https:\/\/telligraf.com\/wp-content\/uploads\/2018\/09\/wood2.jpg 800w, https:\/\/telligraf.com\/wp-content\/uploads\/2018\/09\/wood2-300x225.jpg 300w, https:\/\/telligraf.com\/wp-content\/uploads\/2018\/09\/wood2-768x576.jpg 768w\" sizes=\"(max-width: 800px) 100vw, 800px\" \/>                                                              <\/div>\n              <div class=\"box-text text-left\" >\n                 <p><\/p>\n              <\/div>\n            <\/div>\n            <\/a>          <\/div>\n         <\/div><div class=\"gallery-col col\" >\n          <div class=\"col-inner\">\n            <a class=\"image-lightbox lightbox-gallery\" href=\"https:\/\/telligraf.com\/wp-content\/uploads\/2018\/09\/wood.jpg\" title=\"\">            <div class=\"box has-hover gallery-box box-bounce\">\n              <div class=\"box-image image-cover\" style=\"padding-top:75%;\">\n                <img width=\"800\" height=\"600\" src=\"https:\/\/telligraf.com\/wp-content\/uploads\/2018\/09\/wood.jpg\" class=\"attachment-original size-original\" alt=\"\" decoding=\"async\" ids=\"762,398,397,396,395,394\" style=\"bounce\" type=\"slider\" width=\"full-width\" col_spacing=\"collapse\" image_height=\"75%\" image_size=\"original\" loading=\"lazy\" srcset=\"https:\/\/telligraf.com\/wp-content\/uploads\/2018\/09\/wood.jpg 800w, https:\/\/telligraf.com\/wp-content\/uploads\/2018\/09\/wood-300x225.jpg 300w, https:\/\/telligraf.com\/wp-content\/uploads\/2018\/09\/wood-768x576.jpg 768w\" sizes=\"(max-width: 800px) 100vw, 800px\" \/>                                                              <\/div>\n              <div class=\"box-text text-left\" >\n                 <p><\/p>\n              <\/div>\n            <\/div>\n            <\/a>          <\/div>\n         <\/div><div class=\"gallery-col col\" >\n          <div class=\"col-inner\">\n            <a class=\"image-lightbox lightbox-gallery\" href=\"https:\/\/telligraf.com\/wp-content\/uploads\/2018\/09\/wood5.jpg\" title=\"\">            <div class=\"box has-hover gallery-box box-bounce\">\n              <div class=\"box-image image-cover\" style=\"padding-top:75%;\">\n                <img width=\"800\" height=\"600\" src=\"https:\/\/telligraf.com\/wp-content\/uploads\/2018\/09\/wood5.jpg\" class=\"attachment-original size-original\" alt=\"\" decoding=\"async\" ids=\"762,398,397,396,395,394\" style=\"bounce\" type=\"slider\" width=\"full-width\" col_spacing=\"collapse\" image_height=\"75%\" image_size=\"original\" loading=\"lazy\" srcset=\"https:\/\/telligraf.com\/wp-content\/uploads\/2018\/09\/wood5.jpg 800w, https:\/\/telligraf.com\/wp-content\/uploads\/2018\/09\/wood5-300x225.jpg 300w, https:\/\/telligraf.com\/wp-content\/uploads\/2018\/09\/wood5-768x576.jpg 768w\" sizes=\"(max-width: 800px) 100vw, 800px\" \/>                                                              <\/div>\n              <div class=\"box-text text-left\" >\n                 <p><\/p>\n              <\/div>\n            <\/div>\n            <\/a>          <\/div>\n         <\/div><\/div>\n","protected":false},"excerpt":{"rendered":"","protected":false},"author":2,"featured_media":0,"parent":0,"menu_order":0,"comment_status":"closed","ping_status":"closed","template":"page-blank.php","meta":{"footnotes":""},"yoast_head":"<!-- This site is optimized with the Yoast SEO plugin v21.3 - https:\/\/yoast.com\/wordpress\/plugins\/seo\/ -->\n<title>Wood - Telligraf<\/title>\n<meta name=\"robots\" content=\"index, follow, max-snippet:-1, max-image-preview:large, max-video-preview:-1\" \/>\n<link rel=\"canonical\" href=\"https:\/\/telligraf.com\/de\/wood\/\" \/>\n<meta property=\"og:locale\" content=\"de_DE\" \/>\n<meta property=\"og:type\" content=\"article\" \/>\n<meta property=\"og:title\" content=\"Wood - Telligraf\" \/>\n<meta property=\"og:url\" content=\"https:\/\/telligraf.com\/de\/wood\/\" \/>\n<meta property=\"og:site_name\" content=\"Telligraf\" \/>\n<meta property=\"article:modified_time\" content=\"2022-07-01T16:19:01+00:00\" \/>\n<meta name=\"twitter:card\" content=\"summary_large_image\" \/>\n<meta name=\"twitter:label1\" content=\"Gesch\u00e4tzte Lesezeit\" \/>\n\t<meta name=\"twitter:data1\" content=\"1 Minute\" \/>\n<script type=\"application\/ld+json\" class=\"yoast-schema-graph\">{\"@context\":\"https:\/\/schema.org\",\"@graph\":[{\"@type\":\"WebPage\",\"@id\":\"https:\/\/telligraf.com\/de\/wood\/\",\"url\":\"https:\/\/telligraf.com\/de\/wood\/\",\"name\":\"Wood - Telligraf\",\"isPartOf\":{\"@id\":\"https:\/\/telligraf.com\/#website\"},\"datePublished\":\"2022-07-01T15:03:16+00:00\",\"dateModified\":\"2022-07-01T16:19:01+00:00\",\"breadcrumb\":{\"@id\":\"https:\/\/telligraf.com\/de\/wood\/#breadcrumb\"},\"inLanguage\":\"de-DE\",\"potentialAction\":[{\"@type\":\"ReadAction\",\"target\":[\"https:\/\/telligraf.com\/de\/wood\/\"]}]},{\"@type\":\"BreadcrumbList\",\"@id\":\"https:\/\/telligraf.com\/de\/wood\/#breadcrumb\",\"itemListElement\":[{\"@type\":\"ListItem\",\"position\":1,\"name\":\"Home\",\"item\":\"https:\/\/telligraf.com\/de\/\"},{\"@type\":\"ListItem\",\"position\":2,\"name\":\"Wood\"}]},{\"@type\":\"WebSite\",\"@id\":\"https:\/\/telligraf.com\/#website\",\"url\":\"https:\/\/telligraf.com\/\",\"name\":\"Telligraf\",\"description\":\"\",\"potentialAction\":[{\"@type\":\"SearchAction\",\"target\":{\"@type\":\"EntryPoint\",\"urlTemplate\":\"https:\/\/telligraf.com\/?s={search_term_string}\"},\"query-input\":\"required name=search_term_string\"}],\"inLanguage\":\"de-DE\"}]}<\/script>\n<!-- \/ Yoast SEO plugin. -->","yoast_head_json":{"title":"Wood - Telligraf","robots":{"index":"index","follow":"follow","max-snippet":"max-snippet:-1","max-image-preview":"max-image-preview:large","max-video-preview":"max-video-preview:-1"},"canonical":"https:\/\/telligraf.com\/de\/wood\/","og_locale":"de_DE","og_type":"article","og_title":"Wood - Telligraf","og_url":"https:\/\/telligraf.com\/de\/wood\/","og_site_name":"Telligraf","article_modified_time":"2022-07-01T16:19:01+00:00","twitter_card":"summary_large_image","twitter_misc":{"Gesch\u00e4tzte Lesezeit":"1 Minute"},"schema":{"@context":"https:\/\/schema.org","@graph":[{"@type":"WebPage","@id":"https:\/\/telligraf.com\/de\/wood\/","url":"https:\/\/telligraf.com\/de\/wood\/","name":"Wood - Telligraf","isPartOf":{"@id":"https:\/\/telligraf.com\/#website"},"datePublished":"2022-07-01T15:03:16+00:00","dateModified":"2022-07-01T16:19:01+00:00","breadcrumb":{"@id":"https:\/\/telligraf.com\/de\/wood\/#breadcrumb"},"inLanguage":"de-DE","potentialAction":[{"@type":"ReadAction","target":["https:\/\/telligraf.com\/de\/wood\/"]}]},{"@type":"BreadcrumbList","@id":"https:\/\/telligraf.com\/de\/wood\/#breadcrumb","itemListElement":[{"@type":"ListItem","position":1,"name":"Home","item":"https:\/\/telligraf.com\/de\/"},{"@type":"ListItem","position":2,"name":"Wood"}]},{"@type":"WebSite","@id":"https:\/\/telligraf.com\/#website","url":"https:\/\/telligraf.com\/","name":"Telligraf","description":"","potentialAction":[{"@type":"SearchAction","target":{"@type":"EntryPoint","urlTemplate":"https:\/\/telligraf.com\/?s={search_term_string}"},"query-input":"required name=search_term_string"}],"inLanguage":"de-DE"}]}},"_links":{"self":[{"href":"https:\/\/telligraf.com\/de\/wp-json\/wp\/v2\/pages\/1847"}],"collection":[{"href":"https:\/\/telligraf.com\/de\/wp-json\/wp\/v2\/pages"}],"about":[{"href":"https:\/\/telligraf.com\/de\/wp-json\/wp\/v2\/types\/page"}],"author":[{"embeddable":true,"href":"https:\/\/telligraf.com\/de\/wp-json\/wp\/v2\/users\/2"}],"replies":[{"embeddable":true,"href":"https:\/\/telligraf.com\/de\/wp-json\/wp\/v2\/comments?post=1847"}],"version-history":[{"count":3,"href":"https:\/\/telligraf.com\/de\/wp-json\/wp\/v2\/pages\/1847\/revisions"}],"predecessor-version":[{"id":1924,"href":"https:\/\/telligraf.com\/de\/wp-json\/wp\/v2\/pages\/1847\/revisions\/1924"}],"wp:attachment":[{"href":"https:\/\/telligraf.com\/de\/wp-json\/wp\/v2\/media?parent=1847"}],"curies":[{"name":"wp","href":"https:\/\/api.w.org\/{rel}","templated":true}]}}