{"id":1843,"date":"2022-07-01T15:02:43","date_gmt":"2022-07-01T15:02:43","guid":{"rendered":"https:\/\/telligraf.com\/rendering\/"},"modified":"2022-07-01T15:44:07","modified_gmt":"2022-07-01T15:44:07","slug":"3d-modellierung-und-rendering","status":"publish","type":"page","link":"https:\/\/telligraf.com\/de\/3d-modellierung-und-rendering\/","title":{"rendered":"3D Modellierung und rendering"},"content":{"rendered":"\n\n  <div class=\"banner has-hover is-full-height\" id=\"banner-1352582937\">\n          <div class=\"banner-inner fill\">\n        <div class=\"banner-bg fill\" >\n            <img width=\"1920\" height=\"1080\" src=\"https:\/\/telligraf.com\/wp-content\/uploads\/2018\/08\/render3.jpg\" class=\"bg attachment-original size-original\" alt=\"\" decoding=\"async\" loading=\"lazy\" \/>                                    \n                    <\/div>\n\t\t\n        <div class=\"banner-layers container\">\n            <div class=\"fill banner-link\"><\/div>            \n\n\n        <\/div>\n      <\/div>\n\n            \n<style>\n#banner-1352582937 {\n  padding-top: 80%;\n}\n#banner-1352582937 .banner-bg img {\n  object-position: 53% 0%;\n}\n@media (min-width:550px) {\n  #banner-1352582937 {\n    padding-top: 80%;\n  }\n}\n@media (min-width:850px) {\n  #banner-1352582937 {\n    padding-top: 100%;\n  }\n}\n<\/style>\n  <\/div>\n\n\n\n\t<section class=\"section\" id=\"section_1366974847\">\n\t\t<div class=\"section-bg fill\" >\n\t\t\t\t\t\t\t\t\t\n\t\t\t\n\t<div class=\"is-border\"\n\t\tstyle=\"border-color:rgb(235, 235, 235);border-width:1px 0px 0px 0px;\">\n\t<\/div>\n\n\t\t<\/div>\n\n\t\t\n\n\t\t<div class=\"section-content relative\">\n\t\t\t\n\n<div class=\"row row-large align-middle align-center\"  id=\"row-1746476014\">\n\n\n\t<div id=\"col-1546391893\" class=\"col medium-6 small-12 large-6\"  >\n\t\t\t\t<div class=\"col-inner box-shadow-2 box-shadow-5-hover\" style=\"background-color:rgb(255, 255, 255);\" >\n\t\t\t\n\t\t\t\n\n<div class=\"slider-wrapper relative\" id=\"slider-401718586\" >\n    <div class=\"slider slider-nav-simple slider-nav-large slider-nav-light slider-style-normal\"\n        data-flickity-options='{\n            \"cellAlign\": \"center\",\n            \"imagesLoaded\": true,\n            \"lazyLoad\": 1,\n            \"freeScroll\": false,\n            \"wrapAround\": true,\n            \"autoPlay\": 6000,\n            \"pauseAutoPlayOnHover\" : true,\n            \"prevNextButtons\": true,\n            \"contain\" : true,\n            \"adaptiveHeight\" : true,\n            \"dragThreshold\" : 10,\n            \"percentPosition\": true,\n            \"pageDots\": false,\n            \"rightToLeft\": false,\n            \"draggable\": true,\n            \"selectedAttraction\": 0.1,\n            \"parallax\" : 0,\n            \"friction\": 0.6        }'\n        >\n        \n\n\t<div class=\"img has-hover x md-x lg-x y md-y lg-y\" id=\"image_1324498135\">\n\t\t\t\t\t\t\t\t<div class=\"img-inner dark\" >\n\t\t\t<img width=\"870\" height=\"589\" src=\"https:\/\/telligraf.com\/wp-content\/uploads\/2018\/08\/video.jpg\" class=\"attachment-original size-original\" alt=\"\" decoding=\"async\" loading=\"lazy\" srcset=\"https:\/\/telligraf.com\/wp-content\/uploads\/2018\/08\/video.jpg 870w, https:\/\/telligraf.com\/wp-content\/uploads\/2018\/08\/video-300x203.jpg 300w, https:\/\/telligraf.com\/wp-content\/uploads\/2018\/08\/video-768x520.jpg 768w\" sizes=\"(max-width: 870px) 100vw, 870px\" \/>\t\t\t\t\t\t\n\t\t\t\t\t<\/div>\n\t\t\t\t\t\t\t\t\n<style>\n#image_1324498135 {\n  width: 100%;\n}\n<\/style>\n\t<\/div>\n\t\n\n\n     <\/div>\n\n     <div class=\"loading-spin dark large centered\"><\/div>\n\n\t<\/div>\n\n\n\n\t\t<\/div>\n\t\t\t\t\n<style>\n#col-1546391893 > .col-inner {\n  padding: 15px 15px 15px 15px;\n}\n<\/style>\n\t<\/div>\n\n\t\n\n\t<div id=\"col-1849182820\" class=\"col medium-6 small-12 large-6\"  >\n\t\t\t\t<div class=\"col-inner text-left\"  >\n\t\t\t\n\t\t\t\n\n<h1>Rendering<\/h1>\n<p>Die Erstellung fotorealistischer Renderings ist mittlerweile unverzichtbar f\u00fcr die Visualisierung und Verbreitung komplexer Projekte, die lange Produktionszeiten erfordern. Heute ist es m\u00f6glich, ein Produkt (mit einer noch vor wenigen Jahren unvorstellbaren Qualit\u00e4t) einer breiten \u00d6ffentlichkeit bekannt zu machen, auch wenn es noch nicht reif f\u00fcr das Vertriebsnetz ist, mit gro\u00dfem Vorteil f\u00fcr Unternehmen, die \u201eauf dem Papier verkaufen\u201c k\u00f6nnen. Dar\u00fcber hinaus erm\u00f6glichen Ihnen die 3D-Videoanimationen, die Grenzen der Fotografie zu \u00fcberschreiten und jedes Produkt in 360 Grad zu beschreiben.<\/p>\n\n<div class=\"text-center\"><div class=\"is-divider divider clearfix\" style=\"max-width:523px;height:1px;\"><\/div><\/div>\n\n<div class=\"social-icons follow-icons full-width text-left\" style=\"font-size:118%\"><a href=\"https:\/\/www.facebook.com\/telligraf\/\" target=\"_blank\" data-label=\"Facebook\" class=\"icon button circle is-outline facebook tooltip\" title=\"Auf Facebook folgen\" aria-label=\"Auf Facebook folgen\" rel=\"noopener nofollow\" ><i class=\"icon-facebook\" ><\/i><\/a><a href=\"https:\/\/www.instagram.com\/telligraf\/\" target=\"_blank\" data-label=\"Instagram\" class=\"icon button circle is-outline instagram tooltip\" title=\"Auf Instagram folgen\" aria-label=\"Auf Instagram folgen\" rel=\"noopener nofollow\" ><i class=\"icon-instagram\" ><\/i><\/a><a href=\"https:\/\/www.linkedin.com\/company\/telligraf\/\" data-label=\"LinkedIn\" target=\"_blank\" class=\"icon button circle is-outline linkedin tooltip\" title=\"Auf Linkedin folgen\" aria-label=\"Auf Linkedin folgen\" rel=\"noopener nofollow\" ><i class=\"icon-linkedin\" ><\/i><\/a><a href=\"https:\/\/www.youtube.com\/channel\/UCQtLYVJ9b5GAf95bYCWV6Fg\" data-label=\"YouTube\" target=\"_blank\" class=\"icon button circle is-outline youtube tooltip\" title=\"Auf YouTube folgen\" aria-label=\"Auf YouTube folgen\" rel=\"noopener nofollow\" ><i class=\"icon-youtube\" ><\/i><\/a><\/div>\n\n\n\t\t<\/div>\n\t\t\t\t\t<\/div>\n\n\t\n\n<\/div>\n\n\t\t<\/div>\n\n\t\t\n<style>\n#section_1366974847 {\n  padding-top: 59px;\n  padding-bottom: 59px;\n  min-height: 300px;\n}\n<\/style>\n\t<\/section>\n\t\n\n  \n    <div class=\"row large-columns-4 medium-columns-3 small-columns-2 row-collapse row-full-width slider row-slider slider-nav-reveal slider-nav-push\"  data-flickity-options='{&quot;imagesLoaded&quot;: true, &quot;groupCells&quot;: &quot;100%&quot;, &quot;dragThreshold&quot; : 5, &quot;cellAlign&quot;: &quot;left&quot;,&quot;wrapAround&quot;: true,&quot;prevNextButtons&quot;: true,&quot;percentPosition&quot;: true,&quot;pageDots&quot;: false, &quot;rightToLeft&quot;: false, &quot;autoPlay&quot; : false}' >\n\n  <div class=\"gallery-col col\" >\n          <div class=\"col-inner\">\n            <a class=\"image-lightbox lightbox-gallery\" href=\"https:\/\/telligraf.com\/wp-content\/uploads\/2018\/09\/render-3-1.jpg\" title=\"\">            <div class=\"box has-hover gallery-box box-bounce\">\n              <div class=\"box-image image-cover\" style=\"padding-top:75%;\">\n                <img width=\"801\" height=\"600\" src=\"https:\/\/telligraf.com\/wp-content\/uploads\/2018\/09\/render-3-1.jpg\" class=\"attachment-original size-original\" alt=\"\" decoding=\"async\" ids=\"575,576,572,574,573,571,577,578,579,580,581,570\" style=\"bounce\" type=\"slider\" width=\"full-width\" col_spacing=\"collapse\" image_height=\"75%\" image_size=\"original\" loading=\"lazy\" srcset=\"https:\/\/telligraf.com\/wp-content\/uploads\/2018\/09\/render-3-1.jpg 801w, https:\/\/telligraf.com\/wp-content\/uploads\/2018\/09\/render-3-1-300x225.jpg 300w, https:\/\/telligraf.com\/wp-content\/uploads\/2018\/09\/render-3-1-768x575.jpg 768w\" sizes=\"(max-width: 801px) 100vw, 801px\" \/>                                                              <\/div>\n              <div class=\"box-text text-left\" >\n                 <p><\/p>\n              <\/div>\n            <\/div>\n            <\/a>          <\/div>\n         <\/div><div class=\"gallery-col col\" >\n          <div class=\"col-inner\">\n            <a class=\"image-lightbox lightbox-gallery\" href=\"https:\/\/telligraf.com\/wp-content\/uploads\/2018\/09\/render-4-1.jpg\" title=\"\">            <div class=\"box has-hover gallery-box box-bounce\">\n              <div class=\"box-image image-cover\" style=\"padding-top:75%;\">\n                <img width=\"849\" height=\"600\" src=\"https:\/\/telligraf.com\/wp-content\/uploads\/2018\/09\/render-4-1.jpg\" class=\"attachment-original size-original\" alt=\"\" decoding=\"async\" ids=\"575,576,572,574,573,571,577,578,579,580,581,570\" style=\"bounce\" type=\"slider\" width=\"full-width\" col_spacing=\"collapse\" image_height=\"75%\" image_size=\"original\" loading=\"lazy\" srcset=\"https:\/\/telligraf.com\/wp-content\/uploads\/2018\/09\/render-4-1.jpg 849w, https:\/\/telligraf.com\/wp-content\/uploads\/2018\/09\/render-4-1-300x212.jpg 300w, https:\/\/telligraf.com\/wp-content\/uploads\/2018\/09\/render-4-1-768x543.jpg 768w\" sizes=\"(max-width: 849px) 100vw, 849px\" \/>                                                              <\/div>\n              <div class=\"box-text text-left\" >\n                 <p><\/p>\n              <\/div>\n            <\/div>\n            <\/a>          <\/div>\n         <\/div><div class=\"gallery-col col\" >\n          <div class=\"col-inner\">\n            <a class=\"image-lightbox lightbox-gallery\" href=\"https:\/\/telligraf.com\/wp-content\/uploads\/2018\/09\/render-12-1.jpg\" title=\"\">            <div class=\"box has-hover gallery-box box-bounce\">\n              <div class=\"box-image image-cover\" style=\"padding-top:75%;\">\n                <img width=\"430\" height=\"600\" src=\"https:\/\/telligraf.com\/wp-content\/uploads\/2018\/09\/render-12-1.jpg\" class=\"attachment-original size-original\" alt=\"\" decoding=\"async\" ids=\"575,576,572,574,573,571,577,578,579,580,581,570\" style=\"bounce\" type=\"slider\" width=\"full-width\" col_spacing=\"collapse\" image_height=\"75%\" image_size=\"original\" loading=\"lazy\" srcset=\"https:\/\/telligraf.com\/wp-content\/uploads\/2018\/09\/render-12-1.jpg 430w, https:\/\/telligraf.com\/wp-content\/uploads\/2018\/09\/render-12-1-215x300.jpg 215w\" sizes=\"(max-width: 430px) 100vw, 430px\" \/>                                                              <\/div>\n              <div class=\"box-text text-left\" >\n                 <p><\/p>\n              <\/div>\n            <\/div>\n            <\/a>          <\/div>\n         <\/div><div class=\"gallery-col col\" >\n          <div class=\"col-inner\">\n            <a class=\"image-lightbox lightbox-gallery\" href=\"https:\/\/telligraf.com\/wp-content\/uploads\/2018\/09\/render-2-1.jpg\" title=\"\">            <div class=\"box has-hover gallery-box box-bounce\">\n              <div class=\"box-image image-cover\" style=\"padding-top:75%;\">\n                <img width=\"600\" height=\"600\" src=\"https:\/\/telligraf.com\/wp-content\/uploads\/2018\/09\/render-2-1.jpg\" class=\"attachment-original size-original\" alt=\"\" decoding=\"async\" ids=\"575,576,572,574,573,571,577,578,579,580,581,570\" style=\"bounce\" type=\"slider\" width=\"full-width\" col_spacing=\"collapse\" image_height=\"75%\" image_size=\"original\" loading=\"lazy\" srcset=\"https:\/\/telligraf.com\/wp-content\/uploads\/2018\/09\/render-2-1.jpg 600w, https:\/\/telligraf.com\/wp-content\/uploads\/2018\/09\/render-2-1-150x150.jpg 150w, https:\/\/telligraf.com\/wp-content\/uploads\/2018\/09\/render-2-1-300x300.jpg 300w\" sizes=\"(max-width: 600px) 100vw, 600px\" \/>                                                              <\/div>\n              <div class=\"box-text text-left\" >\n                 <p><\/p>\n              <\/div>\n            <\/div>\n            <\/a>          <\/div>\n         <\/div><div class=\"gallery-col col\" >\n          <div class=\"col-inner\">\n            <a class=\"image-lightbox lightbox-gallery\" href=\"https:\/\/telligraf.com\/wp-content\/uploads\/2018\/09\/render-1-1.jpg\" title=\"\">            <div class=\"box has-hover gallery-box box-bounce\">\n              <div class=\"box-image image-cover\" style=\"padding-top:75%;\">\n                <img width=\"430\" height=\"600\" src=\"https:\/\/telligraf.com\/wp-content\/uploads\/2018\/09\/render-1-1.jpg\" class=\"attachment-original size-original\" alt=\"\" decoding=\"async\" ids=\"575,576,572,574,573,571,577,578,579,580,581,570\" style=\"bounce\" type=\"slider\" width=\"full-width\" col_spacing=\"collapse\" image_height=\"75%\" image_size=\"original\" loading=\"lazy\" srcset=\"https:\/\/telligraf.com\/wp-content\/uploads\/2018\/09\/render-1-1.jpg 430w, https:\/\/telligraf.com\/wp-content\/uploads\/2018\/09\/render-1-1-215x300.jpg 215w\" sizes=\"(max-width: 430px) 100vw, 430px\" \/>                                                              <\/div>\n              <div class=\"box-text text-left\" >\n                 <p><\/p>\n              <\/div>\n            <\/div>\n            <\/a>          <\/div>\n         <\/div><div class=\"gallery-col col\" >\n          <div class=\"col-inner\">\n            <a class=\"image-lightbox lightbox-gallery\" href=\"https:\/\/telligraf.com\/wp-content\/uploads\/2018\/09\/render-11-1.jpg\" title=\"\">            <div class=\"box has-hover gallery-box box-bounce\">\n              <div class=\"box-image image-cover\" style=\"padding-top:75%;\">\n                <img width=\"840\" height=\"600\" src=\"https:\/\/telligraf.com\/wp-content\/uploads\/2018\/09\/render-11-1.jpg\" class=\"attachment-original size-original\" alt=\"\" decoding=\"async\" ids=\"575,576,572,574,573,571,577,578,579,580,581,570\" style=\"bounce\" type=\"slider\" width=\"full-width\" col_spacing=\"collapse\" image_height=\"75%\" image_size=\"original\" loading=\"lazy\" srcset=\"https:\/\/telligraf.com\/wp-content\/uploads\/2018\/09\/render-11-1.jpg 840w, https:\/\/telligraf.com\/wp-content\/uploads\/2018\/09\/render-11-1-300x214.jpg 300w, https:\/\/telligraf.com\/wp-content\/uploads\/2018\/09\/render-11-1-768x549.jpg 768w\" sizes=\"(max-width: 840px) 100vw, 840px\" \/>                                                              <\/div>\n              <div class=\"box-text text-left\" >\n                 <p><\/p>\n              <\/div>\n            <\/div>\n            <\/a>          <\/div>\n         <\/div><div class=\"gallery-col col\" >\n          <div class=\"col-inner\">\n            <a class=\"image-lightbox lightbox-gallery\" href=\"https:\/\/telligraf.com\/wp-content\/uploads\/2018\/09\/render-5-1.jpg\" title=\"\">            <div class=\"box has-hover gallery-box box-bounce\">\n              <div class=\"box-image image-cover\" style=\"padding-top:75%;\">\n                <img width=\"463\" height=\"600\" src=\"https:\/\/telligraf.com\/wp-content\/uploads\/2018\/09\/render-5-1.jpg\" class=\"attachment-original size-original\" alt=\"\" decoding=\"async\" ids=\"575,576,572,574,573,571,577,578,579,580,581,570\" style=\"bounce\" type=\"slider\" width=\"full-width\" col_spacing=\"collapse\" image_height=\"75%\" image_size=\"original\" loading=\"lazy\" srcset=\"https:\/\/telligraf.com\/wp-content\/uploads\/2018\/09\/render-5-1.jpg 463w, https:\/\/telligraf.com\/wp-content\/uploads\/2018\/09\/render-5-1-232x300.jpg 232w\" sizes=\"(max-width: 463px) 100vw, 463px\" \/>                                                              <\/div>\n              <div class=\"box-text text-left\" >\n                 <p><\/p>\n              <\/div>\n            <\/div>\n            <\/a>          <\/div>\n         <\/div><div class=\"gallery-col col\" >\n          <div class=\"col-inner\">\n            <a class=\"image-lightbox lightbox-gallery\" href=\"https:\/\/telligraf.com\/wp-content\/uploads\/2018\/09\/render-6-1.jpg\" title=\"\">            <div class=\"box has-hover gallery-box box-bounce\">\n              <div class=\"box-image image-cover\" style=\"padding-top:75%;\">\n                <img width=\"900\" height=\"405\" src=\"https:\/\/telligraf.com\/wp-content\/uploads\/2018\/09\/render-6-1.jpg\" class=\"attachment-original size-original\" alt=\"\" decoding=\"async\" ids=\"575,576,572,574,573,571,577,578,579,580,581,570\" style=\"bounce\" type=\"slider\" width=\"full-width\" col_spacing=\"collapse\" image_height=\"75%\" image_size=\"original\" loading=\"lazy\" srcset=\"https:\/\/telligraf.com\/wp-content\/uploads\/2018\/09\/render-6-1.jpg 900w, https:\/\/telligraf.com\/wp-content\/uploads\/2018\/09\/render-6-1-300x135.jpg 300w, https:\/\/telligraf.com\/wp-content\/uploads\/2018\/09\/render-6-1-768x346.jpg 768w\" sizes=\"(max-width: 900px) 100vw, 900px\" \/>                                                              <\/div>\n              <div class=\"box-text text-left\" >\n                 <p><\/p>\n              <\/div>\n            <\/div>\n            <\/a>          <\/div>\n         <\/div><div class=\"gallery-col col\" >\n          <div class=\"col-inner\">\n            <a class=\"image-lightbox lightbox-gallery\" href=\"https:\/\/telligraf.com\/wp-content\/uploads\/2018\/09\/render-7-1.jpg\" title=\"\">            <div class=\"box has-hover gallery-box box-bounce\">\n              <div class=\"box-image image-cover\" style=\"padding-top:75%;\">\n                <img width=\"450\" height=\"600\" src=\"https:\/\/telligraf.com\/wp-content\/uploads\/2018\/09\/render-7-1.jpg\" class=\"attachment-original size-original\" alt=\"\" decoding=\"async\" ids=\"575,576,572,574,573,571,577,578,579,580,581,570\" style=\"bounce\" type=\"slider\" width=\"full-width\" col_spacing=\"collapse\" image_height=\"75%\" image_size=\"original\" loading=\"lazy\" srcset=\"https:\/\/telligraf.com\/wp-content\/uploads\/2018\/09\/render-7-1.jpg 450w, https:\/\/telligraf.com\/wp-content\/uploads\/2018\/09\/render-7-1-225x300.jpg 225w\" sizes=\"(max-width: 450px) 100vw, 450px\" \/>                                                              <\/div>\n              <div class=\"box-text text-left\" >\n                 <p><\/p>\n              <\/div>\n            <\/div>\n            <\/a>          <\/div>\n         <\/div><div class=\"gallery-col col\" >\n          <div class=\"col-inner\">\n            <a class=\"image-lightbox lightbox-gallery\" href=\"https:\/\/telligraf.com\/wp-content\/uploads\/2018\/09\/render-8-1.jpg\" title=\"\">            <div class=\"box has-hover gallery-box box-bounce\">\n              <div class=\"box-image image-cover\" style=\"padding-top:75%;\">\n                <img width=\"450\" height=\"600\" src=\"https:\/\/telligraf.com\/wp-content\/uploads\/2018\/09\/render-8-1.jpg\" class=\"attachment-original size-original\" alt=\"\" decoding=\"async\" ids=\"575,576,572,574,573,571,577,578,579,580,581,570\" style=\"bounce\" type=\"slider\" width=\"full-width\" col_spacing=\"collapse\" image_height=\"75%\" image_size=\"original\" loading=\"lazy\" srcset=\"https:\/\/telligraf.com\/wp-content\/uploads\/2018\/09\/render-8-1.jpg 450w, https:\/\/telligraf.com\/wp-content\/uploads\/2018\/09\/render-8-1-225x300.jpg 225w\" sizes=\"(max-width: 450px) 100vw, 450px\" \/>                                                              <\/div>\n              <div class=\"box-text text-left\" >\n                 <p><\/p>\n              <\/div>\n            <\/div>\n            <\/a>          <\/div>\n         <\/div><div class=\"gallery-col col\" >\n          <div class=\"col-inner\">\n            <a class=\"image-lightbox lightbox-gallery\" href=\"https:\/\/telligraf.com\/wp-content\/uploads\/2018\/09\/render-9-1.jpg\" title=\"\">            <div class=\"box has-hover gallery-box box-bounce\">\n              <div class=\"box-image image-cover\" style=\"padding-top:75%;\">\n                <img width=\"450\" height=\"600\" src=\"https:\/\/telligraf.com\/wp-content\/uploads\/2018\/09\/render-9-1.jpg\" class=\"attachment-original size-original\" alt=\"\" decoding=\"async\" ids=\"575,576,572,574,573,571,577,578,579,580,581,570\" style=\"bounce\" type=\"slider\" width=\"full-width\" col_spacing=\"collapse\" image_height=\"75%\" image_size=\"original\" loading=\"lazy\" srcset=\"https:\/\/telligraf.com\/wp-content\/uploads\/2018\/09\/render-9-1.jpg 450w, https:\/\/telligraf.com\/wp-content\/uploads\/2018\/09\/render-9-1-225x300.jpg 225w\" sizes=\"(max-width: 450px) 100vw, 450px\" \/>                                                              <\/div>\n              <div class=\"box-text text-left\" >\n                 <p><\/p>\n              <\/div>\n            <\/div>\n            <\/a>          <\/div>\n         <\/div><div class=\"gallery-col col\" >\n          <div class=\"col-inner\">\n            <a class=\"image-lightbox lightbox-gallery\" href=\"https:\/\/telligraf.com\/wp-content\/uploads\/2018\/09\/render-10-1.jpg\" title=\"\">            <div class=\"box has-hover gallery-box box-bounce\">\n              <div class=\"box-image image-cover\" style=\"padding-top:75%;\">\n                <img width=\"900\" height=\"600\" src=\"https:\/\/telligraf.com\/wp-content\/uploads\/2018\/09\/render-10-1.jpg\" class=\"attachment-original size-original\" alt=\"\" decoding=\"async\" ids=\"575,576,572,574,573,571,577,578,579,580,581,570\" style=\"bounce\" type=\"slider\" width=\"full-width\" col_spacing=\"collapse\" image_height=\"75%\" image_size=\"original\" loading=\"lazy\" srcset=\"https:\/\/telligraf.com\/wp-content\/uploads\/2018\/09\/render-10-1.jpg 900w, https:\/\/telligraf.com\/wp-content\/uploads\/2018\/09\/render-10-1-300x200.jpg 300w, https:\/\/telligraf.com\/wp-content\/uploads\/2018\/09\/render-10-1-768x512.jpg 768w\" sizes=\"(max-width: 900px) 100vw, 900px\" \/>                                                              <\/div>\n              <div class=\"box-text text-left\" >\n                 <p><\/p>\n              <\/div>\n            <\/div>\n            <\/a>          <\/div>\n         <\/div><\/div>\n\n\n","protected":false},"excerpt":{"rendered":"","protected":false},"author":2,"featured_media":0,"parent":0,"menu_order":0,"comment_status":"closed","ping_status":"closed","template":"page-blank.php","meta":{"footnotes":""},"yoast_head":"<!-- This site is optimized with the Yoast SEO plugin v21.3 - https:\/\/yoast.com\/wordpress\/plugins\/seo\/ -->\n<title>3D Modellierung und rendering - Telligraf<\/title>\n<meta name=\"robots\" content=\"index, follow, max-snippet:-1, max-image-preview:large, max-video-preview:-1\" \/>\n<link rel=\"canonical\" href=\"https:\/\/telligraf.com\/de\/3d-modellierung-und-rendering\/\" \/>\n<meta property=\"og:locale\" content=\"de_DE\" \/>\n<meta property=\"og:type\" content=\"article\" \/>\n<meta property=\"og:title\" content=\"3D Modellierung und rendering - Telligraf\" \/>\n<meta property=\"og:url\" content=\"https:\/\/telligraf.com\/de\/3d-modellierung-und-rendering\/\" \/>\n<meta property=\"og:site_name\" content=\"Telligraf\" \/>\n<meta property=\"article:modified_time\" content=\"2022-07-01T15:44:07+00:00\" \/>\n<meta name=\"twitter:card\" content=\"summary_large_image\" \/>\n<meta name=\"twitter:label1\" content=\"Gesch\u00e4tzte Lesezeit\" \/>\n\t<meta name=\"twitter:data1\" content=\"1 Minute\" \/>\n<script type=\"application\/ld+json\" class=\"yoast-schema-graph\">{\"@context\":\"https:\/\/schema.org\",\"@graph\":[{\"@type\":\"WebPage\",\"@id\":\"https:\/\/telligraf.com\/de\/3d-modellierung-und-rendering\/\",\"url\":\"https:\/\/telligraf.com\/de\/3d-modellierung-und-rendering\/\",\"name\":\"3D Modellierung und rendering - Telligraf\",\"isPartOf\":{\"@id\":\"https:\/\/telligraf.com\/#website\"},\"datePublished\":\"2022-07-01T15:02:43+00:00\",\"dateModified\":\"2022-07-01T15:44:07+00:00\",\"breadcrumb\":{\"@id\":\"https:\/\/telligraf.com\/de\/3d-modellierung-und-rendering\/#breadcrumb\"},\"inLanguage\":\"de-DE\",\"potentialAction\":[{\"@type\":\"ReadAction\",\"target\":[\"https:\/\/telligraf.com\/de\/3d-modellierung-und-rendering\/\"]}]},{\"@type\":\"BreadcrumbList\",\"@id\":\"https:\/\/telligraf.com\/de\/3d-modellierung-und-rendering\/#breadcrumb\",\"itemListElement\":[{\"@type\":\"ListItem\",\"position\":1,\"name\":\"Home\",\"item\":\"https:\/\/telligraf.com\/de\/\"},{\"@type\":\"ListItem\",\"position\":2,\"name\":\"3D Modellierung und rendering\"}]},{\"@type\":\"WebSite\",\"@id\":\"https:\/\/telligraf.com\/#website\",\"url\":\"https:\/\/telligraf.com\/\",\"name\":\"Telligraf\",\"description\":\"\",\"potentialAction\":[{\"@type\":\"SearchAction\",\"target\":{\"@type\":\"EntryPoint\",\"urlTemplate\":\"https:\/\/telligraf.com\/?s={search_term_string}\"},\"query-input\":\"required name=search_term_string\"}],\"inLanguage\":\"de-DE\"}]}<\/script>\n<!-- \/ Yoast SEO plugin. -->","yoast_head_json":{"title":"3D Modellierung und rendering - Telligraf","robots":{"index":"index","follow":"follow","max-snippet":"max-snippet:-1","max-image-preview":"max-image-preview:large","max-video-preview":"max-video-preview:-1"},"canonical":"https:\/\/telligraf.com\/de\/3d-modellierung-und-rendering\/","og_locale":"de_DE","og_type":"article","og_title":"3D Modellierung und rendering - Telligraf","og_url":"https:\/\/telligraf.com\/de\/3d-modellierung-und-rendering\/","og_site_name":"Telligraf","article_modified_time":"2022-07-01T15:44:07+00:00","twitter_card":"summary_large_image","twitter_misc":{"Gesch\u00e4tzte Lesezeit":"1 Minute"},"schema":{"@context":"https:\/\/schema.org","@graph":[{"@type":"WebPage","@id":"https:\/\/telligraf.com\/de\/3d-modellierung-und-rendering\/","url":"https:\/\/telligraf.com\/de\/3d-modellierung-und-rendering\/","name":"3D Modellierung und rendering - Telligraf","isPartOf":{"@id":"https:\/\/telligraf.com\/#website"},"datePublished":"2022-07-01T15:02:43+00:00","dateModified":"2022-07-01T15:44:07+00:00","breadcrumb":{"@id":"https:\/\/telligraf.com\/de\/3d-modellierung-und-rendering\/#breadcrumb"},"inLanguage":"de-DE","potentialAction":[{"@type":"ReadAction","target":["https:\/\/telligraf.com\/de\/3d-modellierung-und-rendering\/"]}]},{"@type":"BreadcrumbList","@id":"https:\/\/telligraf.com\/de\/3d-modellierung-und-rendering\/#breadcrumb","itemListElement":[{"@type":"ListItem","position":1,"name":"Home","item":"https:\/\/telligraf.com\/de\/"},{"@type":"ListItem","position":2,"name":"3D Modellierung und rendering"}]},{"@type":"WebSite","@id":"https:\/\/telligraf.com\/#website","url":"https:\/\/telligraf.com\/","name":"Telligraf","description":"","potentialAction":[{"@type":"SearchAction","target":{"@type":"EntryPoint","urlTemplate":"https:\/\/telligraf.com\/?s={search_term_string}"},"query-input":"required name=search_term_string"}],"inLanguage":"de-DE"}]}},"_links":{"self":[{"href":"https:\/\/telligraf.com\/de\/wp-json\/wp\/v2\/pages\/1843"}],"collection":[{"href":"https:\/\/telligraf.com\/de\/wp-json\/wp\/v2\/pages"}],"about":[{"href":"https:\/\/telligraf.com\/de\/wp-json\/wp\/v2\/types\/page"}],"author":[{"embeddable":true,"href":"https:\/\/telligraf.com\/de\/wp-json\/wp\/v2\/users\/2"}],"replies":[{"embeddable":true,"href":"https:\/\/telligraf.com\/de\/wp-json\/wp\/v2\/comments?post=1843"}],"version-history":[{"count":3,"href":"https:\/\/telligraf.com\/de\/wp-json\/wp\/v2\/pages\/1843\/revisions"}],"predecessor-version":[{"id":1907,"href":"https:\/\/telligraf.com\/de\/wp-json\/wp\/v2\/pages\/1843\/revisions\/1907"}],"wp:attachment":[{"href":"https:\/\/telligraf.com\/de\/wp-json\/wp\/v2\/media?parent=1843"}],"curies":[{"name":"wp","href":"https:\/\/api.w.org\/{rel}","templated":true}]}}