{"id":1830,"date":"2022-07-01T15:02:24","date_gmt":"2022-07-01T15:02:24","guid":{"rendered":"https:\/\/telligraf.com\/interior-design\/"},"modified":"2022-07-01T15:48:11","modified_gmt":"2022-07-01T15:48:11","slug":"interior-design","status":"publish","type":"page","link":"https:\/\/telligraf.com\/de\/interior-design\/","title":{"rendered":"Interior design"},"content":{"rendered":"\n\n  <div class=\"banner has-hover is-full-height\" id=\"banner-1054086648\">\n          <div class=\"banner-inner fill\">\n        <div class=\"banner-bg fill\" >\n            <img width=\"1838\" height=\"1034\" src=\"https:\/\/telligraf.com\/wp-content\/uploads\/2019\/09\/wallpaper9.jpg\" class=\"bg attachment-original size-original\" alt=\"\" decoding=\"async\" loading=\"lazy\" \/>                                    \n                    <\/div>\n\t\t\n        <div class=\"banner-layers container\">\n            <div class=\"fill banner-link\"><\/div>            \n\n   <div id=\"text-box-1926747353\" class=\"text-box banner-layer x0 md-x0 lg-x0 y95 md-y95 lg-y95 res-text\">\n                                <div class=\"text-box-content text dark\">\n              \n              <div class=\"text-inner text-left\">\n                  \n\n<h3 class=\"lead\"><a href=\"\/carta-da-parati\/\"><span style=\"color: #ffffff;\"><strong>INTERIOR DESIGN<\/strong><\/span><\/a><\/h3>\n<p class=\"thin-font lead\"><span style=\"color: #ffffff;\">Personalisierte Tapeten, um Ihr Ambiente einzigartig zu machen &#8230;<\/span><\/p>\n\n<a href=\"\/carta-da-parati\/\" class=\"button primary is-xsmall\"  >\n\t\t<span>ENTDECKEN SIE MEHR DETAILS<\/span>\n\t<i class=\"icon-angle-right\" aria-hidden=\"true\" ><\/i><\/a>\n\n\n\n              <\/div>\n           <\/div>\n                            \n<style>\n#text-box-1926747353 .text-inner {\n  padding: 0px 0px 0px 13px;\n}\n#text-box-1926747353 {\n  width: 52%;\n}\n#text-box-1926747353 .text-box-content {\n  font-size: 100%;\n}\n<\/style>\n    <\/div>\n \n\n        <\/div>\n      <\/div>\n\n            \n<style>\n#banner-1054086648 {\n  padding-top: 80%;\n}\n#banner-1054086648 .banner-bg img {\n  object-position: 45% 100%;\n}\n@media (min-width:550px) {\n  #banner-1054086648 {\n    padding-top: 80%;\n  }\n}\n@media (min-width:850px) {\n  #banner-1054086648 {\n    padding-top: 100%;\n  }\n}\n<\/style>\n  <\/div>\n\n\n\n\t<section class=\"section\" id=\"section_859527776\">\n\t\t<div class=\"section-bg fill\" >\n\t\t\t\t\t\t\t\t\t\n\t\t\t\n\n\t\t<\/div>\n\n\t\t\n\n\t\t<div class=\"section-content relative\">\n\t\t\t\n\n<div class=\"row\" style=\"max-width:\" id=\"row-653211886\">\n\n\n\t<div id=\"col-635944343\" class=\"col small-12 large-12\"  >\n\t\t\t\t<div class=\"col-inner\"  >\n\t\t\t\n\t\t\t\n\n\t<div class=\"img has-hover x md-x lg-x y md-y lg-y\" id=\"image_1849896663\">\n\t\t\t\t\t\t\t\t<div class=\"img-inner image-cover dark\" style=\"padding-top:56.25%;\">\n\t\t\t<img width=\"1920\" height=\"1440\" src=\"https:\/\/telligraf.com\/wp-content\/uploads\/2019\/09\/negozio.jpg\" class=\"attachment-original size-original\" alt=\"\" decoding=\"async\" loading=\"lazy\" srcset=\"https:\/\/telligraf.com\/wp-content\/uploads\/2019\/09\/negozio.jpg 1920w, https:\/\/telligraf.com\/wp-content\/uploads\/2019\/09\/negozio-300x225.jpg 300w, https:\/\/telligraf.com\/wp-content\/uploads\/2019\/09\/negozio-768x576.jpg 768w, https:\/\/telligraf.com\/wp-content\/uploads\/2019\/09\/negozio-1024x768.jpg 1024w\" sizes=\"(max-width: 1920px) 100vw, 1920px\" \/>\t\t\t\t\t\t\n\t\t\t\t\t<\/div>\n\t\t\t\t\t\t\t\t\n<style>\n#image_1849896663 {\n  width: 100%;\n}\n<\/style>\n\t<\/div>\n\t\n\n<h1 class=\"uppercase\"><a href=\"\/allestimenti-locali-commerciali\/\">MASSGESCHNEIDERTES AMBIENTE<\/a><\/h1>\n<p class=\"thin-font lead\"><span data-text-color=\"primary\">Bedrucken von Tapeten, um die Einrichtung Ihres Unternehmens einzigartig zu machen &#8230;<\/span><\/p>\n\n<a href=\"\/allestimenti-locali-commerciali\/\" class=\"button primary is-xsmall\"  >\n\t\t<span>ENTDECKEN SIE MEHR DETAILS<\/span>\n\t<i class=\"icon-angle-right\" aria-hidden=\"true\" ><\/i><\/a>\n\n\n\n\t\t<\/div>\n\t\t\t\t\n<style>\n#col-635944343 > .col-inner {\n  padding: 48px 0px 0px 0px;\n}\n<\/style>\n\t<\/div>\n\n\t\n\n<\/div>\n\n\t\t<\/div>\n\n\t\t\n<style>\n#section_859527776 {\n  padding-top: 0px;\n  padding-bottom: 0px;\n}\n<\/style>\n\t<\/section>\n\t\n\n  <div class=\"banner has-hover\" id=\"banner-1014935403\">\n          <div class=\"banner-inner fill\">\n        <div class=\"banner-bg fill\" >\n            <img width=\"1920\" height=\"1312\" src=\"https:\/\/telligraf.com\/wp-content\/uploads\/2019\/09\/allestimenti.jpg\" class=\"bg attachment-original size-original\" alt=\"\" decoding=\"async\" loading=\"lazy\" \/>                                    \n                    <\/div>\n\t\t\n        <div class=\"banner-layers container\">\n            <div class=\"fill banner-link\"><\/div>            \n\n   <div id=\"text-box-1982720658\" class=\"text-box banner-layer x0 md-x0 lg-x0 y95 md-y95 lg-y95 res-text\">\n                                <div class=\"text-box-content text dark\">\n              \n              <div class=\"text-inner text-left\">\n                  \n\n<h3><a href=\"\/allestimenti-fieristici\/\"><strong>AUSSTATTUNG VON MESSEST\u00c4NDEN<\/strong><\/a><\/h3>\n<h4 class=\"thin-font\">Entscheiden Sie sich f\u00fcr die gesamte Professionalit\u00e4t eines gro\u00dfartigen Partners!<\/h4>\n\n<a href=\"\/allestimenti-fieristici\/\" class=\"button white is-xsmall\"  >\n\t\t<span>ENTDECKEN SIE MEHR DETAILS<\/span>\n\t<i class=\"icon-angle-right\" aria-hidden=\"true\" ><\/i><\/a>\n\n\n\n              <\/div>\n           <\/div>\n                            \n<style>\n#text-box-1982720658 .text-inner {\n  padding: 0px 0px 0px 13px;\n}\n#text-box-1982720658 {\n  width: 76%;\n}\n#text-box-1982720658 .text-box-content {\n  font-size: 100%;\n}\n@media (min-width:550px) {\n  #text-box-1982720658 {\n    width: 49%;\n  }\n}\n<\/style>\n    <\/div>\n \n\n        <\/div>\n      <\/div>\n\n            \n<style>\n#banner-1014935403 {\n  padding-top: 80%;\n}\n#banner-1014935403 .banner-bg img {\n  object-position: 53% 92%;\n}\n@media (min-width:550px) {\n  #banner-1014935403 {\n    padding-top: 80%;\n  }\n}\n@media (min-width:850px) {\n  #banner-1014935403 {\n    padding-top: 770px;\n  }\n}\n<\/style>\n  <\/div>\n\n\n\n\t<section class=\"section\" id=\"section_1214110526\">\n\t\t<div class=\"section-bg fill\" >\n\t\t\t\t\t\t\t\t\t\n\t\t\t\n\n\t\t<\/div>\n\n\t\t\n\n\t\t<div class=\"section-content relative\">\n\t\t\t\n\n<div class=\"row row-large align-middle\"  id=\"row-947782560\">\n\n\n\t<div id=\"col-1477521601\" class=\"col medium-6 small-12 large-6\"  >\n\t\t\t\t<div class=\"col-inner text-left\"  >\n\t\t\t\n\t\t\t\n\n<h1>PR\u00c4SENTIEREN SIE IHRE IDEE<\/h1>\n<p>M\u00f6chten Sie eine personalisierte Umgebung f\u00fcr Ihr Gesch\u00e4ft, Ihr Unternehmen oder einfach nur Ihre M\u00f6bel einzigartig gestalten &#8230; z\u00f6gern Sie nicht, uns zu kontaktieren, wir entwerfen und erstellen gerne ein ganz pers\u00f6nliches Ambiente f\u00fcr Sie.<\/p>\n\n\t<div id=\"gap-1226769015\" class=\"gap-element clearfix\" style=\"display:block; height:auto;\">\n\t\t\n<style>\n#gap-1226769015 {\n  padding-top: 35px;\n}\n<\/style>\n\t<\/div>\n\t\n\n<a href=\"tel:+390761599322\" class=\"button primary box-shadow-1\"  >\n\t\t<span>RUFEN SIE JETZT AN<\/span>\n\t<\/a>\n\n\n\n\t\t<\/div>\n\t\t\t\t\t<\/div>\n\n\t\n\n\t<div id=\"col-1560174064\" class=\"col medium-6 small-12 large-6\"  >\n\t\t\t\t<div class=\"col-inner\"  >\n\t\t\t\n\t\t\t\n\n\t<div class=\"img has-hover x md-x lg-x y md-y lg-y\" id=\"image_89213284\">\n\t\t\t\t\t\t<div data-animate=\"fadeInUp\">\t\t<div class=\"img-inner dark\" >\n\t\t\t<img width=\"470\" height=\"510\" src=\"https:\/\/telligraf.com\/wp-content\/uploads\/2018\/08\/img1.png\" class=\"attachment-original size-original\" alt=\"\" decoding=\"async\" loading=\"lazy\" srcset=\"https:\/\/telligraf.com\/wp-content\/uploads\/2018\/08\/img1.png 470w, https:\/\/telligraf.com\/wp-content\/uploads\/2018\/08\/img1-276x300.png 276w\" sizes=\"(max-width: 470px) 100vw, 470px\" \/>\t\t\t\t\t\t\n\t\t\t\t\t<\/div>\n\t\t<\/div>\t\t\t\t\t\t\n<style>\n#image_89213284 {\n  width: 91%;\n}\n<\/style>\n\t<\/div>\n\t\n\n\n\t\t<\/div>\n\t\t\t\t\t<\/div>\n\n\t\n\n<\/div>\n\n\t\t<\/div>\n\n\t\t\n<style>\n#section_1214110526 {\n  padding-top: 60px;\n  padding-bottom: 60px;\n}\n<\/style>\n\t<\/section>\n\t\n\n  <div class=\"banner has-hover\" id=\"banner-1494067358\">\n          <div class=\"banner-inner fill\">\n        <div class=\"banner-bg fill\" >\n            <img width=\"1920\" height=\"1358\" src=\"https:\/\/telligraf.com\/wp-content\/uploads\/2019\/09\/wallpaper-01.jpg\" class=\"bg attachment-original size-original\" alt=\"\" decoding=\"async\" loading=\"lazy\" \/>                                    \n                    <\/div>\n\t\t\n        <div class=\"banner-layers container\">\n            <a class=\"fill\" href=\"http:\/\/telligraf.com\/offset\/\" ><div class=\"fill banner-link\"><\/div><\/a>            \n\n   <div id=\"text-box-269751569\" class=\"text-box banner-layer x100 md-x0 lg-x0 y100 md-y90 lg-y90 res-text\">\n                                <div class=\"text-box-content text dark\">\n              \n              <div class=\"text-inner text-left\">\n                  \n\n<h3>SCHL\u00dcSSELFERTIGES PROJEKT!<\/h3>\n<h4 class=\"thin-font\"><span data-text-color=\"white\"> Wir konzipieren und realisieren Ihre Ideen f\u00fcr jede Art von Raum<\/span><\/h4>\n\n\n              <\/div>\n           <\/div>\n                            \n<style>\n#text-box-269751569 .text-inner {\n  padding: 0px 0px 0px 13px;\n}\n#text-box-269751569 {\n  width: 62%;\n}\n#text-box-269751569 .text-box-content {\n  font-size: 100%;\n}\n@media (min-width:550px) {\n  #text-box-269751569 {\n    width: 58%;\n  }\n}\n<\/style>\n    <\/div>\n \n\n        <\/div>\n      <\/div>\n\n            \n<style>\n#banner-1494067358 {\n  padding-top: 80%;\n}\n#banner-1494067358 .banner-bg img {\n  object-position: 47% 77%;\n}\n@media (min-width:550px) {\n  #banner-1494067358 {\n    padding-top: 80%;\n  }\n}\n@media (min-width:850px) {\n  #banner-1494067358 {\n    padding-top: 770px;\n  }\n}\n<\/style>\n  <\/div>\n\n\n\n\t<section class=\"section\" id=\"section_2025125248\">\n\t\t<div class=\"section-bg fill\" >\n\t\t\t\t\t\t\t\t\t\n\t\t\t\n\n\t\t<\/div>\n\n\t\t\n\n\t\t<div class=\"section-content relative\">\n\t\t\t\n\n<div class=\"row\" style=\"max-width:\" id=\"row-1292944469\">\n\n\n\t<div id=\"col-1379326139\" class=\"col small-12 large-12\"  >\n\t\t\t\t<div class=\"col-inner\"  >\n\t\t\t\n\t\t\t\n\n\n<div class=\"wpcf7 no-js\" id=\"wpcf7-f12-o1\" lang=\"it-IT\" dir=\"ltr\">\n<div class=\"screen-reader-response\"><p role=\"status\" aria-live=\"polite\" aria-atomic=\"true\"><\/p> <ul><\/ul><\/div>\n<form action=\"\/de\/wp-json\/wp\/v2\/pages\/1830#wpcf7-f12-o1\" method=\"post\" class=\"wpcf7-form init\" aria-label=\"Modulo di contatto\" novalidate=\"novalidate\" data-status=\"init\">\n<div style=\"display: none;\">\n<input type=\"hidden\" name=\"_wpcf7\" value=\"12\" \/>\n<input type=\"hidden\" name=\"_wpcf7_version\" value=\"5.8.1\" \/>\n<input type=\"hidden\" name=\"_wpcf7_locale\" value=\"it_IT\" \/>\n<input type=\"hidden\" name=\"_wpcf7_unit_tag\" value=\"wpcf7-f12-o1\" \/>\n<input type=\"hidden\" name=\"_wpcf7_container_post\" value=\"0\" \/>\n<input type=\"hidden\" name=\"_wpcf7_posted_data_hash\" value=\"\" \/>\n<input type=\"hidden\" name=\"_wpcf7_recaptcha_response\" value=\"\" \/>\n<\/div>\n<p>\t\t<div id=\"cf7md-form\" class=\"cf7md-form\">\n\t\t\t<div class=\"mdc-layout-grid\">\n\t\t\t\t\t\t\t\t\n<\/p>\n\t\t<div class=\"cf7md-item cf7md-text mdc-layout-grid__cell mdc-layout-grid__cell--span-12\">\n\t\t\t<br \/>\n<span class=\"wpcf7-form-control-wrap\" data-name=\"your-name\"><input size=\"40\" class=\"wpcf7-form-control wpcf7-text wpcf7-validates-as-required\" aria-required=\"true\" aria-invalid=\"false\" value=\"\" type=\"text\" name=\"your-name\" \/><\/span><br \/>\n\t\t\t\t\t\t<div style=\"display: none;\" class=\"cf7md-text-html\">\n\t\t\t\t<div class=\"mdc-textfield\" data-mdc-auto-init=\"MDCTextfield\">\n\t\t\t\t\t<label class=\"mdc-textfield__label\">Il tuo nome<\/label>\n\t\t\t\t<\/div>\n\t\t\t<\/div>\n\t\t<\/div>\n\t\t\n<p>\t\t<div class=\"cf7md-item cf7md-text mdc-layout-grid__cell mdc-layout-grid__cell--span-12\">\n\t\t\t<br \/>\n<span class=\"wpcf7-form-control-wrap\" data-name=\"your-email\"><input size=\"40\" class=\"wpcf7-form-control wpcf7-email wpcf7-validates-as-required wpcf7-text wpcf7-validates-as-email\" aria-required=\"true\" aria-invalid=\"false\" value=\"\" type=\"email\" name=\"your-email\" \/><\/span><br \/>\n\t\t\t\t\t\t<div style=\"display: none;\" class=\"cf7md-text-html\">\n\t\t\t\t<div class=\"mdc-textfield\" data-mdc-auto-init=\"MDCTextfield\">\n\t\t\t\t\t<label class=\"mdc-textfield__label\">La tua email<\/label>\n\t\t\t\t<\/div>\n\t\t\t<\/div>\n\t\t<\/div>\n\t\t<br \/>\n\t\t<div class=\"cf7md-item cf7md-text mdc-layout-grid__cell mdc-layout-grid__cell--span-12\">\n\t\t\t<br \/>\n<span class=\"wpcf7-form-control-wrap\" data-name=\"tel-140\"><input size=\"40\" class=\"wpcf7-form-control wpcf7-tel wpcf7-text wpcf7-validates-as-tel\" aria-invalid=\"false\" value=\"\" type=\"tel\" name=\"tel-140\" \/><\/span><br \/>\n\t\t\t\t\t\t<div style=\"display: none;\" class=\"cf7md-text-html\">\n\t\t\t\t<div class=\"mdc-textfield\" data-mdc-auto-init=\"MDCTextfield\">\n\t\t\t\t\t<label class=\"mdc-textfield__label\">Il tuo telefono<\/label>\n\t\t\t\t<\/div>\n\t\t\t<\/div>\n\t\t<\/div>\n\t\t\n<\/p>\n<p>\t\t<div class=\"cf7md-item cf7md-textarea mdc-layout-grid__cell mdc-layout-grid__cell--span-12 cf7md-textarea-autosize\">\n\t\t\t<br \/>\n<span class=\"wpcf7-form-control-wrap\" data-name=\"your-message\"><textarea cols=\"40\" rows=\"10\" class=\"wpcf7-form-control wpcf7-textarea wpcf7-validates-as-required\" aria-required=\"true\" aria-invalid=\"false\" name=\"your-message\"><\/textarea><\/span><br \/>\n\t\t\t\t\t\t<div style=\"display: none;\" class=\"cf7md-text-html\">\n\t\t\t\t<div class=\"mdc-textfield mdc-textfield--multiline mdc-textfield--upgraded\" data-mdc-auto-init=\"MDCTextfield\">\n\t\t\t\t\t<label class=\"mdc-textfield__label\">Il tuo messaggio<\/label>\n\t\t\t\t<\/div>\n\t\t\t<\/div>\n\t\t<\/div>\n\t\t<br \/>\n\t\t<div class=\"cf7md-item cf7md-accept cf7md-is-wpcf7v5 mdc-layout-grid__cell mdc-layout-grid__cell--span-12\">\n\t\t\t\t\t\t\t<label class=\"cf7md-label cf7md-label--static\">La tua mail verr\u00e0 utilizzata soltanto per risponderti<\/label>\n\t\t\t\t\t\t<br \/>\n<span class=\"wpcf7-form-control-wrap\" data-name=\"acceptance-91\"><span class=\"wpcf7-form-control wpcf7-acceptance\"><span class=\"wpcf7-list-item\"><input type=\"checkbox\" name=\"acceptance-91\" value=\"1\" aria-invalid=\"false\" \/><\/span><\/span><\/span>\n<\/p>\n<p class=myrecaptcha>Questo sito \u00e8 protetto da reCAPTCHA e la <a href=\"https:\/\/policies.google.com\/privacy\" rel=\"nofollow\" target=\"_blank\">Privacy Policy<\/a> e <a href=\"https:\/\/policies.google.com\/terms\" rel=\"nofollow\" target=\"_blank\">Terms of Service<\/a> di Google.\n<\/p>\n<p>\t\t\t<label class=\"cf7md-accept-label\"><\/label>\n\t\t\t<div style=\"display: none;\" class=\"cf7md-checkbox-html\">\n\t\t\t\t<div class=\"mdc-checkbox__background\">\n\t\t\t\t\t<svg version=\"1.1\"\n\t\t\t\t\t\tclass=\"mdc-checkbox__checkmark\"\n\t\t\t\t\t\txmlns=\"http:\/\/www.w3.org\/2000\/svg\"\n\t\t\t\t\t\tviewBox=\"0 0 24 24\"\n\t\t\t\t\t\txml:space=\"preserve\">\n\t\t\t\t\t\t<path class=\"mdc-checkbox__checkmark__path\"\n\t\t\t\t\t\t\tfill=\"none\"\n\t\t\t\t\t\t\tstroke=\"white\"\n\t\t\t\t\t\t\td=\"M1.73,12.91 8.1,19.28 22.79,4.59\"\/>\n\t\t\t\t\t<\/svg>\n\t\t\t\t\t<div class=\"mdc-checkbox__mixedmark\"><\/div>\n\t\t\t\t<\/div>\n\t\t\t<\/div>\n\t\t\t\t\t<\/div>\n\t\t<br \/>\n\n<\/p>\n\t\t<div class=\"cf7md-item cf7md-submit mdc-layout-grid__cell mdc-layout-grid__cell--span-12\">\n\t\t\t<br \/>\n<input class=\"wpcf7-form-control wpcf7-submit has-spinner\" type=\"submit\" value=\"Invia\" \/><br \/>\n\t\t\t<svg class=\"cf7md-spinner\" width=\"25px\" height=\"25px\" viewBox=\"0 0 66 66\" xmlns=\"http:\/\/www.w3.org\/2000\/svg\">\n\t\t\t\t<circle class=\"cf7md-spinner-path\" fill=\"none\" stroke-width=\"6\" stroke-linecap=\"round\" cx=\"33\" cy=\"33\" r=\"30\"><\/circle>\n\t\t\t<\/svg>\n\t\t<\/div>\n\t\t\n\t\t\t\t\t\t\t<\/div>\n\t\t<\/div>\n\t\t\n<\/p><div class=\"wpcf7-response-output\" aria-hidden=\"true\"><\/div>\n<\/form>\n<\/div>\n\n\n\n\t\t<\/div>\n\t\t\t\t\n<style>\n#col-1379326139 > .col-inner {\n  padding: 48px 0px 0px 0px;\n}\n<\/style>\n\t<\/div>\n\n\t\n\n<\/div>\n\n\t\t<\/div>\n\n\t\t\n<style>\n#section_2025125248 {\n  padding-top: 0px;\n  padding-bottom: 0px;\n}\n<\/style>\n\t<\/section>\n\t\n","protected":false},"excerpt":{"rendered":"","protected":false},"author":2,"featured_media":0,"parent":0,"menu_order":0,"comment_status":"closed","ping_status":"closed","template":"page-blank.php","meta":{"footnotes":""},"yoast_head":"<!-- This site is optimized with the Yoast SEO plugin v21.3 - https:\/\/yoast.com\/wordpress\/plugins\/seo\/ -->\n<title>Interior design - Telligraf<\/title>\n<meta name=\"robots\" content=\"index, follow, max-snippet:-1, max-image-preview:large, max-video-preview:-1\" \/>\n<link rel=\"canonical\" href=\"https:\/\/telligraf.com\/de\/interior-design\/\" \/>\n<meta property=\"og:locale\" content=\"de_DE\" \/>\n<meta property=\"og:type\" content=\"article\" \/>\n<meta property=\"og:title\" content=\"Interior design - Telligraf\" \/>\n<meta property=\"og:url\" content=\"https:\/\/telligraf.com\/de\/interior-design\/\" \/>\n<meta property=\"og:site_name\" content=\"Telligraf\" \/>\n<meta property=\"article:modified_time\" content=\"2022-07-01T15:48:11+00:00\" \/>\n<meta property=\"og:image\" content=\"https:\/\/telligraf.com\/wp-content\/uploads\/2019\/10\/wallpaper-9.jpg\" \/>\n<meta name=\"twitter:card\" content=\"summary_large_image\" \/>\n<meta name=\"twitter:label1\" content=\"Gesch\u00e4tzte Lesezeit\" \/>\n\t<meta name=\"twitter:data1\" content=\"2 Minuten\" \/>\n<script type=\"application\/ld+json\" class=\"yoast-schema-graph\">{\"@context\":\"https:\/\/schema.org\",\"@graph\":[{\"@type\":\"WebPage\",\"@id\":\"https:\/\/telligraf.com\/de\/interior-design\/\",\"url\":\"https:\/\/telligraf.com\/de\/interior-design\/\",\"name\":\"Interior design - Telligraf\",\"isPartOf\":{\"@id\":\"https:\/\/telligraf.com\/#website\"},\"datePublished\":\"2022-07-01T15:02:24+00:00\",\"dateModified\":\"2022-07-01T15:48:11+00:00\",\"breadcrumb\":{\"@id\":\"https:\/\/telligraf.com\/de\/interior-design\/#breadcrumb\"},\"inLanguage\":\"de-DE\",\"potentialAction\":[{\"@type\":\"ReadAction\",\"target\":[\"https:\/\/telligraf.com\/de\/interior-design\/\"]}]},{\"@type\":\"BreadcrumbList\",\"@id\":\"https:\/\/telligraf.com\/de\/interior-design\/#breadcrumb\",\"itemListElement\":[{\"@type\":\"ListItem\",\"position\":1,\"name\":\"Home\",\"item\":\"https:\/\/telligraf.com\/de\/\"},{\"@type\":\"ListItem\",\"position\":2,\"name\":\"Interior design\"}]},{\"@type\":\"WebSite\",\"@id\":\"https:\/\/telligraf.com\/#website\",\"url\":\"https:\/\/telligraf.com\/\",\"name\":\"Telligraf\",\"description\":\"\",\"potentialAction\":[{\"@type\":\"SearchAction\",\"target\":{\"@type\":\"EntryPoint\",\"urlTemplate\":\"https:\/\/telligraf.com\/?s={search_term_string}\"},\"query-input\":\"required name=search_term_string\"}],\"inLanguage\":\"de-DE\"}]}<\/script>\n<!-- \/ Yoast SEO plugin. -->","yoast_head_json":{"title":"Interior design - Telligraf","robots":{"index":"index","follow":"follow","max-snippet":"max-snippet:-1","max-image-preview":"max-image-preview:large","max-video-preview":"max-video-preview:-1"},"canonical":"https:\/\/telligraf.com\/de\/interior-design\/","og_locale":"de_DE","og_type":"article","og_title":"Interior design - Telligraf","og_url":"https:\/\/telligraf.com\/de\/interior-design\/","og_site_name":"Telligraf","article_modified_time":"2022-07-01T15:48:11+00:00","og_image":[{"url":"https:\/\/telligraf.com\/wp-content\/uploads\/2019\/10\/wallpaper-9.jpg"}],"twitter_card":"summary_large_image","twitter_misc":{"Gesch\u00e4tzte Lesezeit":"2 Minuten"},"schema":{"@context":"https:\/\/schema.org","@graph":[{"@type":"WebPage","@id":"https:\/\/telligraf.com\/de\/interior-design\/","url":"https:\/\/telligraf.com\/de\/interior-design\/","name":"Interior design - Telligraf","isPartOf":{"@id":"https:\/\/telligraf.com\/#website"},"datePublished":"2022-07-01T15:02:24+00:00","dateModified":"2022-07-01T15:48:11+00:00","breadcrumb":{"@id":"https:\/\/telligraf.com\/de\/interior-design\/#breadcrumb"},"inLanguage":"de-DE","potentialAction":[{"@type":"ReadAction","target":["https:\/\/telligraf.com\/de\/interior-design\/"]}]},{"@type":"BreadcrumbList","@id":"https:\/\/telligraf.com\/de\/interior-design\/#breadcrumb","itemListElement":[{"@type":"ListItem","position":1,"name":"Home","item":"https:\/\/telligraf.com\/de\/"},{"@type":"ListItem","position":2,"name":"Interior design"}]},{"@type":"WebSite","@id":"https:\/\/telligraf.com\/#website","url":"https:\/\/telligraf.com\/","name":"Telligraf","description":"","potentialAction":[{"@type":"SearchAction","target":{"@type":"EntryPoint","urlTemplate":"https:\/\/telligraf.com\/?s={search_term_string}"},"query-input":"required name=search_term_string"}],"inLanguage":"de-DE"}]}},"_links":{"self":[{"href":"https:\/\/telligraf.com\/de\/wp-json\/wp\/v2\/pages\/1830"}],"collection":[{"href":"https:\/\/telligraf.com\/de\/wp-json\/wp\/v2\/pages"}],"about":[{"href":"https:\/\/telligraf.com\/de\/wp-json\/wp\/v2\/types\/page"}],"author":[{"embeddable":true,"href":"https:\/\/telligraf.com\/de\/wp-json\/wp\/v2\/users\/2"}],"replies":[{"embeddable":true,"href":"https:\/\/telligraf.com\/de\/wp-json\/wp\/v2\/comments?post=1830"}],"version-history":[{"count":3,"href":"https:\/\/telligraf.com\/de\/wp-json\/wp\/v2\/pages\/1830\/revisions"}],"predecessor-version":[{"id":1911,"href":"https:\/\/telligraf.com\/de\/wp-json\/wp\/v2\/pages\/1830\/revisions\/1911"}],"wp:attachment":[{"href":"https:\/\/telligraf.com\/de\/wp-json\/wp\/v2\/media?parent=1830"}],"curies":[{"name":"wp","href":"https:\/\/api.w.org\/{rel}","templated":true}]}}