{"id":1803,"date":"2022-07-01T15:02:18","date_gmt":"2022-07-01T15:02:18","guid":{"rendered":"https:\/\/telligraf.com\/home\/"},"modified":"2023-11-02T15:14:05","modified_gmt":"2023-11-02T15:14:05","slug":"home","status":"publish","type":"page","link":"https:\/\/telligraf.com\/de\/","title":{"rendered":"Home"},"content":{"rendered":"\n\t<div class=\"img has-hover x md-x lg-x y md-y lg-y\" id=\"image_1903487469\">\n\t\t\t\t\t\t\t\t<div class=\"img-inner dark\" >\n\t\t\t<img width=\"1920\" height=\"816\" src=\"https:\/\/telligraf.com\/wp-content\/uploads\/2023\/10\/wallpap-1.jpg\" class=\"attachment-original size-original\" alt=\"\" decoding=\"async\" loading=\"lazy\" srcset=\"https:\/\/telligraf.com\/wp-content\/uploads\/2023\/10\/wallpap-1.jpg 1920w, https:\/\/telligraf.com\/wp-content\/uploads\/2023\/10\/wallpap-1-300x128.jpg 300w, https:\/\/telligraf.com\/wp-content\/uploads\/2023\/10\/wallpap-1-1024x435.jpg 1024w, https:\/\/telligraf.com\/wp-content\/uploads\/2023\/10\/wallpap-1-768x326.jpg 768w, https:\/\/telligraf.com\/wp-content\/uploads\/2023\/10\/wallpap-1-1536x653.jpg 1536w, https:\/\/telligraf.com\/wp-content\/uploads\/2023\/10\/wallpap-1-600x255.jpg 600w\" sizes=\"(max-width: 1920px) 100vw, 1920px\" \/>\t\t\t\t\t\t\n\t\t\t\t\t<\/div>\n\t\t\t\t\t\t\t\t\n<style>\n#image_1903487469 {\n  width: 100%;\n}\n<\/style>\n\t<\/div>\n\t\n\n\n\t<section class=\"section\" id=\"section_1562675548\">\n\t\t<div class=\"section-bg fill\" >\n\t\t\t\t\t\t\t\t\t\n\t\t\t\n\n\t\t<\/div>\n\n\t\t\n\n\t\t<div class=\"section-content relative\">\n\t\t\t\n\n<div class=\"row row-large\"  id=\"row-1558641926\">\n\n\n\t<div id=\"col-192641553\" class=\"col medium-4 small-12 large-4\"  >\n\t\t\t\t<div class=\"col-inner\"  >\n\t\t\t\n\t\t\t\n\n\t<div class=\"box has-hover   has-hover box-text-bottom\" >\n\n\t\t<div class=\"box-image\" >\n\t\t\t<a href=\"\/de\/tapeten\/artistic\/\" >\t\t\t<div class=\"\" >\n\t\t\t\t<img width=\"745\" height=\"700\" src=\"https:\/\/telligraf.com\/wp-content\/uploads\/2023\/10\/artistic.jpg\" class=\"attachment- size-\" alt=\"\" decoding=\"async\" loading=\"lazy\" srcset=\"https:\/\/telligraf.com\/wp-content\/uploads\/2023\/10\/artistic.jpg 745w, https:\/\/telligraf.com\/wp-content\/uploads\/2023\/10\/artistic-300x282.jpg 300w, https:\/\/telligraf.com\/wp-content\/uploads\/2023\/10\/artistic-600x564.jpg 600w\" sizes=\"(max-width: 745px) 100vw, 745px\" \/>\t\t\t\t\t\t\t\t\t\t\t<\/div>\n\t\t\t<\/a>\t\t<\/div>\n\n\t\t<div class=\"box-text text-left\" >\n\t\t\t<div class=\"box-text-inner\">\n\t\t\t\t\n\n<p class=\"uppercase\"><a href=\"\/de\/tapeten\/artistic\/\">Artistic<\/a><\/p>\n\n\t\t\t<\/div>\n\t\t<\/div>\n\t<\/div>\n\t\n\n\t\t<\/div>\n\t\t\t\t\t<\/div>\n\n\t\n\n\t<div id=\"col-83381401\" class=\"col medium-4 small-12 large-4\"  >\n\t\t\t\t<div class=\"col-inner\"  >\n\t\t\t\n\t\t\t\n\n\t<div class=\"box has-hover   has-hover box-text-bottom\" >\n\n\t\t<div class=\"box-image\" >\n\t\t\t<a href=\"\/de\/tapeten\/geometric\/\" >\t\t\t<div class=\"\" >\n\t\t\t\t<img width=\"745\" height=\"700\" src=\"https:\/\/telligraf.com\/wp-content\/uploads\/2023\/10\/geometric.jpg\" class=\"attachment- size-\" alt=\"\" decoding=\"async\" loading=\"lazy\" srcset=\"https:\/\/telligraf.com\/wp-content\/uploads\/2023\/10\/geometric.jpg 745w, https:\/\/telligraf.com\/wp-content\/uploads\/2023\/10\/geometric-300x282.jpg 300w, https:\/\/telligraf.com\/wp-content\/uploads\/2023\/10\/geometric-600x564.jpg 600w\" sizes=\"(max-width: 745px) 100vw, 745px\" \/>\t\t\t\t\t\t\t\t\t\t\t<\/div>\n\t\t\t<\/a>\t\t<\/div>\n\n\t\t<div class=\"box-text text-left\" >\n\t\t\t<div class=\"box-text-inner\">\n\t\t\t\t\n\n<p class=\"uppercase\"><a href=\"\/de\/tapeten\/geometric\/\">Geometric<\/a><\/p>\n\n\t\t\t<\/div>\n\t\t<\/div>\n\t<\/div>\n\t\n\n\t\t<\/div>\n\t\t\t\t\t<\/div>\n\n\t\n\n\t<div id=\"col-251538988\" class=\"col medium-4 small-12 large-4\"  >\n\t\t\t\t<div class=\"col-inner\"  >\n\t\t\t\n\t\t\t\n\n\t<div class=\"box has-hover   has-hover box-text-bottom\" >\n\n\t\t<div class=\"box-image\" >\n\t\t\t<a href=\"\/de\/tapeten\/nature\/\" >\t\t\t<div class=\"\" >\n\t\t\t\t<img width=\"745\" height=\"700\" src=\"https:\/\/telligraf.com\/wp-content\/uploads\/2023\/10\/nature.jpg\" class=\"attachment- size-\" alt=\"\" decoding=\"async\" loading=\"lazy\" srcset=\"https:\/\/telligraf.com\/wp-content\/uploads\/2023\/10\/nature.jpg 745w, https:\/\/telligraf.com\/wp-content\/uploads\/2023\/10\/nature-300x282.jpg 300w, https:\/\/telligraf.com\/wp-content\/uploads\/2023\/10\/nature-600x564.jpg 600w\" sizes=\"(max-width: 745px) 100vw, 745px\" \/>\t\t\t\t\t\t\t\t\t\t\t<\/div>\n\t\t\t<\/a>\t\t<\/div>\n\n\t\t<div class=\"box-text text-left\" >\n\t\t\t<div class=\"box-text-inner\">\n\t\t\t\t\n\n<p class=\"uppercase\"><a href=\"\/de\/tapeten\/nature\/\">Nature<\/a><\/p>\n\n\t\t\t<\/div>\n\t\t<\/div>\n\t<\/div>\n\t\n\n\t\t<\/div>\n\t\t\t\t\t<\/div>\n\n\t\n\n\t<div id=\"col-1813992150\" class=\"col medium-4 small-12 large-4\"  >\n\t\t\t\t<div class=\"col-inner\"  >\n\t\t\t\n\t\t\t\n\n\t<div class=\"box has-hover   has-hover box-text-bottom\" >\n\n\t\t<div class=\"box-image\" >\n\t\t\t\t\t\t<div class=\"\" >\n\t\t\t\t<img width=\"745\" height=\"700\" src=\"https:\/\/telligraf.com\/wp-content\/uploads\/2023\/10\/marina.jpg\" class=\"attachment- size-\" alt=\"\" decoding=\"async\" loading=\"lazy\" srcset=\"https:\/\/telligraf.com\/wp-content\/uploads\/2023\/10\/marina.jpg 745w, https:\/\/telligraf.com\/wp-content\/uploads\/2023\/10\/marina-300x282.jpg 300w, https:\/\/telligraf.com\/wp-content\/uploads\/2023\/10\/marina-600x564.jpg 600w\" sizes=\"(max-width: 745px) 100vw, 745px\" \/>\t\t\t\t\t\t\t\t\t\t\t<\/div>\n\t\t\t\t\t<\/div>\n\n\t\t<div class=\"box-text text-left\" >\n\t\t\t<div class=\"box-text-inner\">\n\t\t\t\t\n\n<p class=\"uppercase\">Marina<\/p>\n\n\t\t\t<\/div>\n\t\t<\/div>\n\t<\/div>\n\t\n\n\t\t<\/div>\n\t\t\t\t\t<\/div>\n\n\t\n\n\t<div id=\"col-1085228511\" class=\"col medium-4 small-12 large-4\"  >\n\t\t\t\t<div class=\"col-inner\"  >\n\t\t\t\n\t\t\t\n\n\t<div class=\"box has-hover   has-hover box-text-bottom\" >\n\n\t\t<div class=\"box-image\" >\n\t\t\t<a href=\"\/de\/tapeten\/child\/\" >\t\t\t<div class=\"\" >\n\t\t\t\t<img width=\"745\" height=\"700\" src=\"https:\/\/telligraf.com\/wp-content\/uploads\/2023\/10\/child.jpg\" class=\"attachment- size-\" alt=\"\" decoding=\"async\" loading=\"lazy\" srcset=\"https:\/\/telligraf.com\/wp-content\/uploads\/2023\/10\/child.jpg 745w, https:\/\/telligraf.com\/wp-content\/uploads\/2023\/10\/child-300x282.jpg 300w, https:\/\/telligraf.com\/wp-content\/uploads\/2023\/10\/child-600x564.jpg 600w\" sizes=\"(max-width: 745px) 100vw, 745px\" \/>\t\t\t\t\t\t\t\t\t\t\t<\/div>\n\t\t\t<\/a>\t\t<\/div>\n\n\t\t<div class=\"box-text text-left\" >\n\t\t\t<div class=\"box-text-inner\">\n\t\t\t\t\n\n<p class=\"uppercase\"><a href=\"\/de\/tapeten\/child\/\">Child<\/a><\/p>\n\n\t\t\t<\/div>\n\t\t<\/div>\n\t<\/div>\n\t\n\n\t\t<\/div>\n\t\t\t\t\t<\/div>\n\n\t\n\n<\/div>\n\n\t\t<\/div>\n\n\t\t\n<style>\n#section_1562675548 {\n  padding-top: 60px;\n  padding-bottom: 60px;\n}\n<\/style>\n\t<\/section>\n\t\n\n  <div class=\"banner has-hover\" id=\"banner-1754378872\">\n          <div class=\"banner-inner fill\">\n        <div class=\"banner-bg fill\" >\n            <img width=\"1920\" height=\"771\" src=\"https:\/\/telligraf.com\/wp-content\/uploads\/2018\/10\/grafica-idea.jpg\" class=\"bg attachment-original size-original\" alt=\"\" decoding=\"async\" loading=\"lazy\" \/>                                    \n                    <\/div>\n\t\t\n        <div class=\"banner-layers container\">\n            <div class=\"fill banner-link\"><\/div>            \n\n   <div id=\"text-box-113514223\" class=\"text-box banner-layer x0 md-x0 lg-x0 y95 md-y95 lg-y95 res-text\">\n                                <div class=\"text-box-content text dark\">\n              \n              <div class=\"text-inner text-left\">\n                  \n\n<h3>Grafik und Kommunikation<\/h3>\n<h4 class=\"thin-font\"><span data-text-color=\"white\"> Entscheiden Sie sich f\u00fcr die gesamte Professionalit\u00e4t eines gro\u00dfartigen Partners!<\/span><\/h4>\n\n              <\/div>\n           <\/div>\n                            \n<style>\n#text-box-113514223 .text-inner {\n  padding: 0px 0px 0px 13px;\n}\n#text-box-113514223 {\n  width: 76%;\n}\n#text-box-113514223 .text-box-content {\n  font-size: 100%;\n}\n@media (min-width:550px) {\n  #text-box-113514223 {\n    width: 49%;\n  }\n}\n<\/style>\n    <\/div>\n \n\n        <\/div>\n      <\/div>\n\n            \n<style>\n#banner-1754378872 {\n  padding-top: 80%;\n}\n#banner-1754378872 .banner-bg img {\n  object-position: 50% 74%;\n}\n@media (min-width:550px) {\n  #banner-1754378872 {\n    padding-top: 80%;\n  }\n}\n@media (min-width:850px) {\n  #banner-1754378872 {\n    padding-top: 770px;\n  }\n}\n<\/style>\n  <\/div>\n\n\n\n\t<section class=\"section\" id=\"section_205857932\">\n\t\t<div class=\"section-bg fill\" >\n\t\t\t\t\t\t\t\t\t\n\t\t\t\n\n\t\t<\/div>\n\n\t\t\n\n\t\t<div class=\"section-content relative\">\n\t\t\t\n\n<div class=\"row row-large align-middle\"  id=\"row-496844914\">\n\n\n\t<div id=\"col-814873468\" class=\"col medium-6 small-12 large-6\"  >\n\t\t\t\t<div class=\"col-inner text-left\"  >\n\t\t\t\n\t\t\t\n\n<h1>Telligraf srl<\/h1>\n<p>Unsere Technologien und unsere Drucksysteme werden st\u00e4ndig aktualisiert, aber unsere fortschrittlichste Technologie wird von Personen repr\u00e4sentiert, die mit ihrer Leidenschaft und Liebe zum Detail Druckqualit\u00e4t und Service \u00fcber die Standards hinaus garantieren.<\/p>\n\t<div id=\"gap-344504201\" class=\"gap-element clearfix\" style=\"display:block; height:auto;\">\n\t\t\n<style>\n#gap-344504201 {\n  padding-top: 35px;\n}\n<\/style>\n\t<\/div>\n\t\n\n<a href=\"\/de\/kontakte\/\" class=\"button primary box-shadow-1\"  >\n\t\t<span>kontaktiere uns<\/span>\n\t<\/a>\n\n\n\n\t\t<\/div>\n\t\t\t\t\t<\/div>\n\n\t\n\n\t<div id=\"col-1221740303\" class=\"col medium-6 small-12 large-6\"  >\n\t\t\t\t<div class=\"col-inner\"  >\n\t\t\t\n\t\t\t\n\n\t<div class=\"img has-hover x md-x lg-x y md-y lg-y\" id=\"image_2034632940\">\n\t\t\t\t\t\t<div data-animate=\"fadeInUp\">\t\t<div class=\"img-inner dark\" >\n\t\t\t<img width=\"470\" height=\"510\" src=\"https:\/\/telligraf.com\/wp-content\/uploads\/2018\/08\/img1.png\" class=\"attachment-original size-original\" alt=\"\" decoding=\"async\" loading=\"lazy\" srcset=\"https:\/\/telligraf.com\/wp-content\/uploads\/2018\/08\/img1.png 470w, https:\/\/telligraf.com\/wp-content\/uploads\/2018\/08\/img1-276x300.png 276w\" sizes=\"(max-width: 470px) 100vw, 470px\" \/>\t\t\t\t\t\t\n\t\t\t\t\t<\/div>\n\t\t<\/div>\t\t\t\t\t\t\n<style>\n#image_2034632940 {\n  width: 91%;\n}\n<\/style>\n\t<\/div>\n\t\n\n\n\t\t<\/div>\n\t\t\t\t\t<\/div>\n\n\t\n\n<\/div>\n\n\t\t<\/div>\n\n\t\t\n<style>\n#section_205857932 {\n  padding-top: 60px;\n  padding-bottom: 60px;\n}\n<\/style>\n\t<\/section>\n\t\n\n  <div class=\"banner has-hover\" id=\"banner-445420736\">\n          <div class=\"banner-inner fill\">\n        <div class=\"banner-bg fill\" >\n            <img width=\"1920\" height=\"1203\" src=\"https:\/\/telligraf.com\/wp-content\/uploads\/2018\/10\/offset.jpg\" class=\"bg attachment-original size-original\" alt=\"\" decoding=\"async\" loading=\"lazy\" \/>                                    \n                    <\/div>\n\t\t\n        <div class=\"banner-layers container\">\n            <div class=\"fill banner-link\"><\/div>            \n\n   <div id=\"text-box-1460448407\" class=\"text-box banner-layer x100 md-x95 lg-x95 y100 md-y95 lg-y95 res-text\">\n                                <div class=\"text-box-content text dark\">\n              \n              <div class=\"text-inner text-left\">\n                  \n\n<h3><a href=\"http:\/\/telligraf.com\/offset\/\">Offsetdruck<\/a><\/h3>\n<h4 class=\"thin-font\"><span data-text-color=\"white\"> Kataloge, hochwertige Brosch\u00fcren in gro\u00dfen Auflagen <\/span><\/h4>\n\n              <\/div>\n           <\/div>\n                            \n<style>\n#text-box-1460448407 .text-inner {\n  padding: 0px 0px 0px 13px;\n}\n#text-box-1460448407 {\n  width: 62%;\n}\n#text-box-1460448407 .text-box-content {\n  font-size: 100%;\n}\n@media (min-width:550px) {\n  #text-box-1460448407 {\n    width: 49%;\n  }\n}\n<\/style>\n    <\/div>\n \n\n        <\/div>\n      <\/div>\n\n            \n<style>\n#banner-445420736 {\n  padding-top: 80%;\n}\n#banner-445420736 .banner-bg img {\n  object-position: 50% 74%;\n}\n@media (min-width:550px) {\n  #banner-445420736 {\n    padding-top: 80%;\n  }\n}\n@media (min-width:850px) {\n  #banner-445420736 {\n    padding-top: 770px;\n  }\n}\n<\/style>\n  <\/div>\n\n\n\n\t<section class=\"section\" id=\"section_1819136853\">\n\t\t<div class=\"section-bg fill\" >\n\t\t\t\t\t\t\t\t\t\n\t\t\t\n\n\t\t<\/div>\n\n\t\t\n\n\t\t<div class=\"section-content relative\">\n\t\t\t\n\n<div class=\"row\" style=\"max-width:\" id=\"row-1196414459\">\n\n\n\t<div id=\"col-1138874953\" class=\"col small-12 large-12\"  >\n\t\t\t\t<div class=\"col-inner\"  >\n\t\t\t\n\t\t\t\n\n\t<div class=\"img has-hover x md-x lg-x y md-y lg-y\" id=\"image_81704512\">\n\t\t\t\t\t\t\t\t<div class=\"img-inner dark\" >\n\t\t\t<img width=\"1024\" height=\"576\" src=\"https:\/\/telligraf.com\/wp-content\/uploads\/2018\/10\/digitale3.jpg\" class=\"attachment-original size-original\" alt=\"\" decoding=\"async\" loading=\"lazy\" srcset=\"https:\/\/telligraf.com\/wp-content\/uploads\/2018\/10\/digitale3.jpg 1024w, https:\/\/telligraf.com\/wp-content\/uploads\/2018\/10\/digitale3-300x169.jpg 300w, https:\/\/telligraf.com\/wp-content\/uploads\/2018\/10\/digitale3-768x432.jpg 768w\" sizes=\"(max-width: 1024px) 100vw, 1024px\" \/>\t\t\t\t\t\t\n\t\t\t\t\t<\/div>\n\t\t\t\t\t\t\t\t\n<style>\n#image_81704512 {\n  width: 100%;\n}\n<\/style>\n\t<\/div>\n\t\n\n<h1 class=\"uppercase\">DIGITALDRUCK<\/h1>\n<p class=\"thin-font lead\"><span data-text-color=\"primary\">Wir bedrucken jede Art von Tr\u00e4germaterial, starr oder flexibel, in fotorealistischer Qualit\u00e4t &#8230;<\/span><\/p>\n\n\t\t<\/div>\n\t\t\t\t\n<style>\n#col-1138874953 > .col-inner {\n  padding: 48px 0px 0px 0px;\n}\n<\/style>\n\t<\/div>\n\n\t\n\n<\/div>\n\n\t\t<\/div>\n\n\t\t\n<style>\n#section_1819136853 {\n  padding-top: 0px;\n  padding-bottom: 0px;\n}\n<\/style>\n\t<\/section>\n\t\n\n","protected":false},"excerpt":{"rendered":"","protected":false},"author":2,"featured_media":0,"parent":0,"menu_order":0,"comment_status":"closed","ping_status":"closed","template":"page-blank.php","meta":{"footnotes":""},"yoast_head":"<!-- This site is optimized with the Yoast SEO plugin v21.3 - https:\/\/yoast.com\/wordpress\/plugins\/seo\/ -->\n<title>Home - Telligraf<\/title>\n<meta name=\"robots\" content=\"index, follow, max-snippet:-1, max-image-preview:large, max-video-preview:-1\" \/>\n<link rel=\"canonical\" href=\"https:\/\/telligraf.com\/de\/\" \/>\n<meta property=\"og:locale\" content=\"de_DE\" \/>\n<meta property=\"og:type\" content=\"article\" \/>\n<meta property=\"og:title\" content=\"Home - Telligraf\" \/>\n<meta property=\"og:url\" content=\"https:\/\/telligraf.com\/de\/\" \/>\n<meta property=\"og:site_name\" content=\"Telligraf\" \/>\n<meta property=\"article:modified_time\" content=\"2023-11-02T15:14:05+00:00\" \/>\n<meta property=\"og:image\" content=\"https:\/\/telligraf.com\/wp-content\/uploads\/2018\/10\/wraplab-telligraf.jpg\" \/>\n<meta name=\"twitter:card\" content=\"summary_large_image\" \/>\n<meta name=\"twitter:label1\" content=\"Gesch\u00e4tzte Lesezeit\" \/>\n\t<meta name=\"twitter:data1\" content=\"2 Minuten\" \/>\n<script type=\"application\/ld+json\" class=\"yoast-schema-graph\">{\"@context\":\"https:\/\/schema.org\",\"@graph\":[{\"@type\":\"WebPage\",\"@id\":\"https:\/\/telligraf.com\/de\/\",\"url\":\"https:\/\/telligraf.com\/de\/\",\"name\":\"Home - Telligraf\",\"isPartOf\":{\"@id\":\"https:\/\/telligraf.com\/#website\"},\"datePublished\":\"2022-07-01T15:02:18+00:00\",\"dateModified\":\"2023-11-02T15:14:05+00:00\",\"breadcrumb\":{\"@id\":\"https:\/\/telligraf.com\/de\/#breadcrumb\"},\"inLanguage\":\"de-DE\",\"potentialAction\":[{\"@type\":\"ReadAction\",\"target\":[\"https:\/\/telligraf.com\/de\/\"]}]},{\"@type\":\"BreadcrumbList\",\"@id\":\"https:\/\/telligraf.com\/de\/#breadcrumb\",\"itemListElement\":[{\"@type\":\"ListItem\",\"position\":1,\"name\":\"Home\",\"item\":\"https:\/\/telligraf.com\/de\/\"},{\"@type\":\"ListItem\",\"position\":2,\"name\":\"Home\"}]},{\"@type\":\"WebSite\",\"@id\":\"https:\/\/telligraf.com\/#website\",\"url\":\"https:\/\/telligraf.com\/\",\"name\":\"Telligraf\",\"description\":\"\",\"potentialAction\":[{\"@type\":\"SearchAction\",\"target\":{\"@type\":\"EntryPoint\",\"urlTemplate\":\"https:\/\/telligraf.com\/?s={search_term_string}\"},\"query-input\":\"required name=search_term_string\"}],\"inLanguage\":\"de-DE\"}]}<\/script>\n<!-- \/ Yoast SEO plugin. -->","yoast_head_json":{"title":"Home - Telligraf","robots":{"index":"index","follow":"follow","max-snippet":"max-snippet:-1","max-image-preview":"max-image-preview:large","max-video-preview":"max-video-preview:-1"},"canonical":"https:\/\/telligraf.com\/de\/","og_locale":"de_DE","og_type":"article","og_title":"Home - Telligraf","og_url":"https:\/\/telligraf.com\/de\/","og_site_name":"Telligraf","article_modified_time":"2023-11-02T15:14:05+00:00","og_image":[{"url":"https:\/\/telligraf.com\/wp-content\/uploads\/2018\/10\/wraplab-telligraf.jpg"}],"twitter_card":"summary_large_image","twitter_misc":{"Gesch\u00e4tzte Lesezeit":"2 Minuten"},"schema":{"@context":"https:\/\/schema.org","@graph":[{"@type":"WebPage","@id":"https:\/\/telligraf.com\/de\/","url":"https:\/\/telligraf.com\/de\/","name":"Home - Telligraf","isPartOf":{"@id":"https:\/\/telligraf.com\/#website"},"datePublished":"2022-07-01T15:02:18+00:00","dateModified":"2023-11-02T15:14:05+00:00","breadcrumb":{"@id":"https:\/\/telligraf.com\/de\/#breadcrumb"},"inLanguage":"de-DE","potentialAction":[{"@type":"ReadAction","target":["https:\/\/telligraf.com\/de\/"]}]},{"@type":"BreadcrumbList","@id":"https:\/\/telligraf.com\/de\/#breadcrumb","itemListElement":[{"@type":"ListItem","position":1,"name":"Home","item":"https:\/\/telligraf.com\/de\/"},{"@type":"ListItem","position":2,"name":"Home"}]},{"@type":"WebSite","@id":"https:\/\/telligraf.com\/#website","url":"https:\/\/telligraf.com\/","name":"Telligraf","description":"","potentialAction":[{"@type":"SearchAction","target":{"@type":"EntryPoint","urlTemplate":"https:\/\/telligraf.com\/?s={search_term_string}"},"query-input":"required name=search_term_string"}],"inLanguage":"de-DE"}]}},"_links":{"self":[{"href":"https:\/\/telligraf.com\/de\/wp-json\/wp\/v2\/pages\/1803"}],"collection":[{"href":"https:\/\/telligraf.com\/de\/wp-json\/wp\/v2\/pages"}],"about":[{"href":"https:\/\/telligraf.com\/de\/wp-json\/wp\/v2\/types\/page"}],"author":[{"embeddable":true,"href":"https:\/\/telligraf.com\/de\/wp-json\/wp\/v2\/users\/2"}],"replies":[{"embeddable":true,"href":"https:\/\/telligraf.com\/de\/wp-json\/wp\/v2\/comments?post=1803"}],"version-history":[{"count":9,"href":"https:\/\/telligraf.com\/de\/wp-json\/wp\/v2\/pages\/1803\/revisions"}],"predecessor-version":[{"id":2259,"href":"https:\/\/telligraf.com\/de\/wp-json\/wp\/v2\/pages\/1803\/revisions\/2259"}],"wp:attachment":[{"href":"https:\/\/telligraf.com\/de\/wp-json\/wp\/v2\/media?parent=1803"}],"curies":[{"name":"wp","href":"https:\/\/api.w.org\/{rel}","templated":true}]}}