{"id":1658,"date":"2022-07-01T15:01:48","date_gmt":"2022-07-01T15:01:48","guid":{"rendered":"https:\/\/telligraf.com\/carta-da-parati\/"},"modified":"2024-02-14T08:48:29","modified_gmt":"2024-02-14T08:48:29","slug":"tapeten","status":"publish","type":"page","link":"https:\/\/telligraf.com\/de\/tapeten\/","title":{"rendered":"Tapeten"},"content":{"rendered":"\n\n\t<section class=\"section\" id=\"section_188981532\">\n\t\t<div class=\"section-bg fill\" >\n\t\t\t\t\t\t\t\t\t\n\t\t\t\n\n\t\t<\/div>\n\n\t\t\n\n\t\t<div class=\"section-content relative\">\n\t\t\t\n\n<div class=\"row align-middle\"  id=\"row-1762560597\">\n\n\n\t<div id=\"col-837044746\" class=\"col medium-6 small-12 large-6\"  >\n\t\t\t\t<div class=\"col-inner dark\"  >\n\t\t\t\n\t\t\t\n\n\t<div id=\"text-1157462719\" class=\"text\">\n\t\t\n\n<h1>&#8222;WE <br>&nbsp; BELIEVE<br>&nbsp; <strong>CREATIVE<\/strong><br>&nbsp; TO UNITE US&#8220;<\/h1>\n\t\t\n<style>\n#text-1157462719 {\n  font-size: 2.5rem;\n  color: rgb(255, 255, 255);\n}\n#text-1157462719 > * {\n  color: rgb(255, 255, 255);\n}\n<\/style>\n\t<\/div>\n\t\n\n\t\t<\/div>\n\t\t\t\t\t<\/div>\n\n\t\n\n\t<div id=\"col-1162961587\" class=\"col medium-6 small-12 large-6\"  >\n\t\t\t\t<div class=\"col-inner\"  >\n\t\t\t\n\t\t\t\n\n\t<div class=\"img has-hover x md-x lg-x y md-y lg-y\" id=\"image_1253110785\">\n\t\t\t\t\t\t\t\t<div class=\"img-inner dark\" >\n\t\t\t<img width=\"900\" height=\"709\" src=\"https:\/\/telligraf.com\/wp-content\/uploads\/2021\/03\/logo-telligraf-giallo-1.jpg\" class=\"attachment-large size-large\" alt=\"\" decoding=\"async\" loading=\"lazy\" srcset=\"https:\/\/telligraf.com\/wp-content\/uploads\/2021\/03\/logo-telligraf-giallo-1.jpg 900w, https:\/\/telligraf.com\/wp-content\/uploads\/2021\/03\/logo-telligraf-giallo-1-300x236.jpg 300w, https:\/\/telligraf.com\/wp-content\/uploads\/2021\/03\/logo-telligraf-giallo-1-768x605.jpg 768w, https:\/\/telligraf.com\/wp-content\/uploads\/2021\/03\/logo-telligraf-giallo-1-600x473.jpg 600w\" sizes=\"(max-width: 900px) 100vw, 900px\" \/>\t\t\t\t\t\t\n\t\t\t\t\t<\/div>\n\t\t\t\t\t\t\t\t\n<style>\n#image_1253110785 {\n  width: 100%;\n}\n<\/style>\n\t<\/div>\n\t\n\n\n\t\t<\/div>\n\t\t\t\t\t<\/div>\n\n\t\n\n<\/div>\n\n\t\t<\/div>\n\n\t\t\n<style>\n#section_188981532 {\n  padding-top: 30px;\n  padding-bottom: 30px;\n  background-color: rgb(253, 195, 0);\n}\n<\/style>\n\t<\/section>\n\t\n\n\t<section class=\"section\" id=\"section_1116343542\">\n\t\t<div class=\"section-bg fill\" >\n\t\t\t\t\t\t\t\t\t\n\t\t\t\n\n\t\t<\/div>\n\n\t\t\n\n\t\t<div class=\"section-content relative\">\n\t\t\t\n\n<div class=\"row row-large\"  id=\"row-1342663189\">\n\n\n\t<div id=\"col-395224106\" class=\"col medium-4 small-12 large-4\"  >\n\t\t\t\t<div class=\"col-inner\"  >\n\t\t\t\n\t\t\t\n\n\t<div class=\"box has-hover   has-hover box-text-bottom\" >\n\n\t\t<div class=\"box-image\" >\n\t\t\t<a href=\"\/de\/tapeten\/artistic\/\" >\t\t\t<div class=\"\" >\n\t\t\t\t<img width=\"745\" height=\"700\" src=\"https:\/\/telligraf.com\/wp-content\/uploads\/2023\/10\/artistic.jpg\" class=\"attachment- size-\" alt=\"\" decoding=\"async\" loading=\"lazy\" srcset=\"https:\/\/telligraf.com\/wp-content\/uploads\/2023\/10\/artistic.jpg 745w, https:\/\/telligraf.com\/wp-content\/uploads\/2023\/10\/artistic-300x282.jpg 300w, https:\/\/telligraf.com\/wp-content\/uploads\/2023\/10\/artistic-600x564.jpg 600w\" sizes=\"(max-width: 745px) 100vw, 745px\" \/>\t\t\t\t\t\t\t\t\t\t\t<\/div>\n\t\t\t<\/a>\t\t<\/div>\n\n\t\t<div class=\"box-text text-left\" >\n\t\t\t<div class=\"box-text-inner\">\n\t\t\t\t\n\n<p class=\"uppercase\"><a href=\"\/de\/tapeten\/artistic\/\">Artistic<\/a><\/p>\n\n\t\t\t<\/div>\n\t\t<\/div>\n\t<\/div>\n\t\n\n\t\t<\/div>\n\t\t\t\t\t<\/div>\n\n\t\n\n\t<div id=\"col-412273663\" class=\"col medium-4 small-12 large-4\"  >\n\t\t\t\t<div class=\"col-inner\"  >\n\t\t\t\n\t\t\t\n\n\t<div class=\"box has-hover   has-hover box-text-bottom\" >\n\n\t\t<div class=\"box-image\" >\n\t\t\t<a href=\"\/de\/tapeten\/geometric\/\" >\t\t\t<div class=\"\" >\n\t\t\t\t<img width=\"745\" height=\"700\" src=\"https:\/\/telligraf.com\/wp-content\/uploads\/2023\/10\/geometric.jpg\" class=\"attachment- size-\" alt=\"\" decoding=\"async\" loading=\"lazy\" srcset=\"https:\/\/telligraf.com\/wp-content\/uploads\/2023\/10\/geometric.jpg 745w, https:\/\/telligraf.com\/wp-content\/uploads\/2023\/10\/geometric-300x282.jpg 300w, https:\/\/telligraf.com\/wp-content\/uploads\/2023\/10\/geometric-600x564.jpg 600w\" sizes=\"(max-width: 745px) 100vw, 745px\" \/>\t\t\t\t\t\t\t\t\t\t\t<\/div>\n\t\t\t<\/a>\t\t<\/div>\n\n\t\t<div class=\"box-text text-left\" >\n\t\t\t<div class=\"box-text-inner\">\n\t\t\t\t\n\n<p class=\"uppercase\"><a href=\"\/de\/tapeten\/geometric\/\">Geometric<\/a><\/p>\n\n\t\t\t<\/div>\n\t\t<\/div>\n\t<\/div>\n\t\n\n\t\t<\/div>\n\t\t\t\t\t<\/div>\n\n\t\n\n\t<div id=\"col-1059646886\" class=\"col medium-4 small-12 large-4\"  >\n\t\t\t\t<div class=\"col-inner\"  >\n\t\t\t\n\t\t\t\n\n\t<div class=\"box has-hover   has-hover box-text-bottom\" >\n\n\t\t<div class=\"box-image\" >\n\t\t\t<a href=\"\/de\/tapeten\/nature\/\" >\t\t\t<div class=\"\" >\n\t\t\t\t<img width=\"745\" height=\"700\" src=\"https:\/\/telligraf.com\/wp-content\/uploads\/2023\/10\/nature.jpg\" class=\"attachment- size-\" alt=\"\" decoding=\"async\" loading=\"lazy\" srcset=\"https:\/\/telligraf.com\/wp-content\/uploads\/2023\/10\/nature.jpg 745w, https:\/\/telligraf.com\/wp-content\/uploads\/2023\/10\/nature-300x282.jpg 300w, https:\/\/telligraf.com\/wp-content\/uploads\/2023\/10\/nature-600x564.jpg 600w\" sizes=\"(max-width: 745px) 100vw, 745px\" \/>\t\t\t\t\t\t\t\t\t\t\t<\/div>\n\t\t\t<\/a>\t\t<\/div>\n\n\t\t<div class=\"box-text text-left\" >\n\t\t\t<div class=\"box-text-inner\">\n\t\t\t\t\n\n<p class=\"uppercase\"><a href=\"\/de\/tapeten\/nature\/\">Nature<\/a><\/p>\n\n\t\t\t<\/div>\n\t\t<\/div>\n\t<\/div>\n\t\n\n\t\t<\/div>\n\t\t\t\t\t<\/div>\n\n\t\n\n\t<div id=\"col-1659054942\" class=\"col medium-4 small-12 large-4\"  >\n\t\t\t\t<div class=\"col-inner\"  >\n\t\t\t\n\t\t\t\n\n\t<div class=\"box has-hover   has-hover box-text-bottom\" >\n\n\t\t<div class=\"box-image\" >\n\t\t\t\t\t\t<div class=\"\" >\n\t\t\t\t<img width=\"745\" height=\"700\" src=\"https:\/\/telligraf.com\/wp-content\/uploads\/2023\/10\/marina.jpg\" class=\"attachment- size-\" alt=\"\" decoding=\"async\" loading=\"lazy\" srcset=\"https:\/\/telligraf.com\/wp-content\/uploads\/2023\/10\/marina.jpg 745w, https:\/\/telligraf.com\/wp-content\/uploads\/2023\/10\/marina-300x282.jpg 300w, https:\/\/telligraf.com\/wp-content\/uploads\/2023\/10\/marina-600x564.jpg 600w\" sizes=\"(max-width: 745px) 100vw, 745px\" \/>\t\t\t\t\t\t\t\t\t\t\t<\/div>\n\t\t\t\t\t<\/div>\n\n\t\t<div class=\"box-text text-left\" >\n\t\t\t<div class=\"box-text-inner\">\n\t\t\t\t\n\n<p class=\"uppercase\">Marina<\/p>\n\n\t\t\t<\/div>\n\t\t<\/div>\n\t<\/div>\n\t\n\n\t\t<\/div>\n\t\t\t\t\t<\/div>\n\n\t\n\n\t<div id=\"col-16873137\" class=\"col medium-4 small-12 large-4\"  >\n\t\t\t\t<div class=\"col-inner\"  >\n\t\t\t\n\t\t\t\n\n\t<div class=\"box has-hover   has-hover box-text-bottom\" >\n\n\t\t<div class=\"box-image\" >\n\t\t\t<a href=\"\/de\/tapeten\/child\/\" >\t\t\t<div class=\"\" >\n\t\t\t\t<img width=\"745\" height=\"700\" src=\"https:\/\/telligraf.com\/wp-content\/uploads\/2023\/10\/child.jpg\" class=\"attachment- size-\" alt=\"\" decoding=\"async\" loading=\"lazy\" srcset=\"https:\/\/telligraf.com\/wp-content\/uploads\/2023\/10\/child.jpg 745w, https:\/\/telligraf.com\/wp-content\/uploads\/2023\/10\/child-300x282.jpg 300w, https:\/\/telligraf.com\/wp-content\/uploads\/2023\/10\/child-600x564.jpg 600w\" sizes=\"(max-width: 745px) 100vw, 745px\" \/>\t\t\t\t\t\t\t\t\t\t\t<\/div>\n\t\t\t<\/a>\t\t<\/div>\n\n\t\t<div class=\"box-text text-left\" >\n\t\t\t<div class=\"box-text-inner\">\n\t\t\t\t\n\n<p class=\"uppercase\"><a href=\"\/de\/tapeten\/child\/\">Child<\/a><\/p>\n\n\t\t\t<\/div>\n\t\t<\/div>\n\t<\/div>\n\t\n\n\t\t<\/div>\n\t\t\t\t\t<\/div>\n\n\t\n\n<\/div>\n<div class=\"row align-middle\" style=\"max-width:\" id=\"row-1232969848\">\n\n\n\t<div id=\"col-1435715418\" class=\"col medium-9 small-12 large-9\"  >\n\t\t\t\t<div class=\"col-inner\"  >\n\t\t\t\n\t\t\t\n\n<h1 class=\"alt-font\"><span style=\"font-size: 200%;\">Tapeten<\/span><\/h1>\n<p>Im Laufe der Zeit hat Telligraf ein Produktionssegment eingef\u00fcgt, das den Digitaldruck auf starren Tr\u00e4gern physiologisch mit Rollentr\u00e4gern kombiniert, also Tapeten, Stoffmaterialien, Vinyl- und Klebetapeten. Dieser Katalog soll einige der verschiedenen L\u00f6sungen vorstellen, die bei der Einrichtung eines Hauses, Gesch\u00e4fts oder Ausstellungsraums verwendet werden k\u00f6nnen. Wir versuchen, mit den im Katalog vorgeschlagenen Bildern auf grafische Weise mit Vorschl\u00e4gen anzuregen, aber wir k\u00f6nnen auch Ihre Ideen verwenden und sie in den R\u00e4umen umsetzen, die Sie einrichten m\u00f6chten.<\/p>\n\t<div id=\"gap-1169290943\" class=\"gap-element clearfix\" style=\"display:block; height:auto;\">\n\t\t\n<style>\n#gap-1169290943 {\n  padding-top: 30px;\n}\n<\/style>\n\t<\/div>\n\t\n\n<a href=\"https:\/\/telligraf.com\/wp-content\/uploads\/2024\/02\/cat-wallpaper-2024.pdf\" target=\"_blank\" class=\"button primary\" rel=\"noopener\"  >\n\t\t<span>Katalog herunterladen<\/span>\n\t<i class=\"icon-angle-down\" aria-hidden=\"true\" ><\/i><\/a>\n\n\n\n\t\t<\/div>\n\t\t\t\t\t<\/div>\n\n\t\n\n<\/div>\n\n\t\t<\/div>\n\n\t\t\n<style>\n#section_1116343542 {\n  padding-top: 80px;\n  padding-bottom: 80px;\n}\n<\/style>\n\t<\/section>\n\t\n\n\t<section class=\"section\" id=\"section_496828302\">\n\t\t<div class=\"section-bg fill\" >\n\t\t\t\t\t\t\t\t\t\n\t\t\t\n\n\t\t<\/div>\n\n\t\t\n\n\t\t<div class=\"section-content relative\">\n\t\t\t\n\n<div class=\"row align-middle\"  id=\"row-895925192\">\n\n\n\t<div id=\"col-10183868\" class=\"col medium-4 small-12 large-4\"  >\n\t\t\t\t<div class=\"col-inner text-left\"  >\n\t\t\t\n\t\t\t\n\n\t<div id=\"text-3346271734\" class=\"text\">\n\t\t\n\n<h1 class=\"uppercase\">concept<br>&amp; Design<\/h1>\n\t\t\n<style>\n#text-3346271734 {\n  font-size: 2.5rem;\n  color: rgb(255, 255, 255);\n}\n#text-3346271734 > * {\n  color: rgb(255, 255, 255);\n}\n<\/style>\n\t<\/div>\n\t\n\n\t\t<\/div>\n\t\t\t\t\t<\/div>\n\n\t\n\n\t<div id=\"col-1982377949\" class=\"col medium-8 small-12 large-8\"  >\n\t\t\t\t<div class=\"col-inner text-right\"  >\n\t\t\t\n\t\t\t\n\n\t<div class=\"img has-hover x md-x lg-x y md-y lg-y\" id=\"image_1613839741\">\n\t\t\t\t\t\t\t\t<div class=\"img-inner dark\" >\n\t\t\t<img width=\"900\" height=\"1280\" src=\"https:\/\/telligraf.com\/wp-content\/uploads\/2021\/03\/graphic.png\" class=\"attachment-original size-original\" alt=\"\" decoding=\"async\" loading=\"lazy\" srcset=\"https:\/\/telligraf.com\/wp-content\/uploads\/2021\/03\/graphic.png 900w, https:\/\/telligraf.com\/wp-content\/uploads\/2021\/03\/graphic-211x300.png 211w, https:\/\/telligraf.com\/wp-content\/uploads\/2021\/03\/graphic-720x1024.png 720w, https:\/\/telligraf.com\/wp-content\/uploads\/2021\/03\/graphic-768x1092.png 768w, https:\/\/telligraf.com\/wp-content\/uploads\/2021\/03\/graphic-600x853.png 600w\" sizes=\"(max-width: 900px) 100vw, 900px\" \/>\t\t\t\t\t\t\n\t\t\t\t\t<\/div>\n\t\t\t\t\t\t\t\t\n<style>\n#image_1613839741 {\n  width: 55%;\n}\n<\/style>\n\t<\/div>\n\t\n\n\n\t\t<\/div>\n\t\t\t\t\t<\/div>\n\n\t\n\n<\/div>\n\n\t\t<\/div>\n\n\t\t\n<style>\n#section_496828302 {\n  padding-top: 30px;\n  padding-bottom: 30px;\n  background-color: rgb(101, 101, 164);\n}\n<\/style>\n\t<\/section>\n\t\n\n\t<section class=\"section\" id=\"section_605133683\">\n\t\t<div class=\"section-bg fill\" >\n\t\t\t\t\t\t\t\t\t\n\t\t\t\n\n\t\t<\/div>\n\n\t\t\n\n\t\t<div class=\"section-content relative\">\n\t\t\t\n\n<div class=\"row row-large align-middle\"  id=\"row-1385294808\">\n\n\n\t<div id=\"col-1032424525\" class=\"col medium-6 small-12 large-6\"  >\n\t\t\t\t<div class=\"col-inner text-left\"  >\n\t\t\t\n\t\t\t\n\n<h1 class=\"alt-font\"><span style=\"font-size: 200%;\">Pr\u00e4sentieren Sie Ihre Idee<\/span><\/h1>\n<p>M\u00f6chten Sie eine personalisierte Umgebung f\u00fcr Ihr Gesch\u00e4ft, Ihr Unternehmen oder einfach nur Ihre M\u00f6bel einzigartig gestalten &#8230; z\u00f6gern Sie nicht, uns zu kontaktieren, wir entwerfen und erstellen gerne ein ganz pers\u00f6nliches Ambiente f\u00fcr Sie.<\/p>\n\t<div id=\"gap-689106996\" class=\"gap-element clearfix\" style=\"display:block; height:auto;\">\n\t\t\n<style>\n#gap-689106996 {\n  padding-top: 35px;\n}\n<\/style>\n\t<\/div>\n\t\n\n<a href=\"tel:+390761599322\" class=\"button primary box-shadow-1\"  >\n\t\t<span>RUFEN SIE JETZT AN<\/span>\n\t<i class=\"icon-phone\" aria-hidden=\"true\" ><\/i><\/a>\n\n\n\n\t\t<\/div>\n\t\t\t\t\t<\/div>\n\n\t\n\n\t<div id=\"col-830887199\" class=\"col medium-6 small-12 large-6\"  >\n\t\t\t\t<div class=\"col-inner\"  >\n\t\t\t\n\t\t\t\n\n\t<div class=\"img has-hover x md-x lg-x y md-y lg-y\" id=\"image_2089896916\">\n\t\t\t\t\t\t<div data-animate=\"fadeInUp\">\t\t<div class=\"img-inner dark\" >\n\t\t\t<img width=\"470\" height=\"510\" src=\"https:\/\/telligraf.com\/wp-content\/uploads\/2018\/08\/img1.png\" class=\"attachment-original size-original\" alt=\"\" decoding=\"async\" loading=\"lazy\" srcset=\"https:\/\/telligraf.com\/wp-content\/uploads\/2018\/08\/img1.png 470w, https:\/\/telligraf.com\/wp-content\/uploads\/2018\/08\/img1-276x300.png 276w\" sizes=\"(max-width: 470px) 100vw, 470px\" \/>\t\t\t\t\t\t\n\t\t\t\t\t<\/div>\n\t\t<\/div>\t\t\t\t\t\t\n<style>\n#image_2089896916 {\n  width: 91%;\n}\n<\/style>\n\t<\/div>\n\t\n\n\n\t\t<\/div>\n\t\t\t\t\t<\/div>\n\n\t\n\n<\/div>\n\n\t\t<\/div>\n\n\t\t\n<style>\n#section_605133683 {\n  padding-top: 60px;\n  padding-bottom: 60px;\n}\n<\/style>\n\t<\/section>\n\t\n\n","protected":false},"excerpt":{"rendered":"","protected":false},"author":2,"featured_media":0,"parent":0,"menu_order":0,"comment_status":"closed","ping_status":"closed","template":"page-blank.php","meta":{"footnotes":""},"yoast_head":"<!-- This site is optimized with the Yoast SEO plugin v21.3 - https:\/\/yoast.com\/wordpress\/plugins\/seo\/ -->\n<title>Tapeten - Telligraf<\/title>\n<meta name=\"robots\" content=\"index, follow, max-snippet:-1, max-image-preview:large, max-video-preview:-1\" \/>\n<link rel=\"canonical\" href=\"https:\/\/telligraf.com\/de\/tapeten\/\" \/>\n<meta property=\"og:locale\" content=\"de_DE\" \/>\n<meta property=\"og:type\" content=\"article\" \/>\n<meta property=\"og:title\" content=\"Tapeten - Telligraf\" \/>\n<meta property=\"og:url\" content=\"https:\/\/telligraf.com\/de\/tapeten\/\" \/>\n<meta property=\"og:site_name\" content=\"Telligraf\" \/>\n<meta property=\"article:modified_time\" content=\"2024-02-14T08:48:29+00:00\" \/>\n<meta name=\"twitter:card\" content=\"summary_large_image\" \/>\n<meta name=\"twitter:label1\" content=\"Gesch\u00e4tzte Lesezeit\" \/>\n\t<meta name=\"twitter:data1\" content=\"2 Minuten\" \/>\n<script type=\"application\/ld+json\" class=\"yoast-schema-graph\">{\"@context\":\"https:\/\/schema.org\",\"@graph\":[{\"@type\":\"WebPage\",\"@id\":\"https:\/\/telligraf.com\/de\/tapeten\/\",\"url\":\"https:\/\/telligraf.com\/de\/tapeten\/\",\"name\":\"Tapeten - Telligraf\",\"isPartOf\":{\"@id\":\"https:\/\/telligraf.com\/#website\"},\"datePublished\":\"2022-07-01T15:01:48+00:00\",\"dateModified\":\"2024-02-14T08:48:29+00:00\",\"breadcrumb\":{\"@id\":\"https:\/\/telligraf.com\/de\/tapeten\/#breadcrumb\"},\"inLanguage\":\"de-DE\",\"potentialAction\":[{\"@type\":\"ReadAction\",\"target\":[\"https:\/\/telligraf.com\/de\/tapeten\/\"]}]},{\"@type\":\"BreadcrumbList\",\"@id\":\"https:\/\/telligraf.com\/de\/tapeten\/#breadcrumb\",\"itemListElement\":[{\"@type\":\"ListItem\",\"position\":1,\"name\":\"Home\",\"item\":\"https:\/\/telligraf.com\/de\/\"},{\"@type\":\"ListItem\",\"position\":2,\"name\":\"Tapeten\"}]},{\"@type\":\"WebSite\",\"@id\":\"https:\/\/telligraf.com\/#website\",\"url\":\"https:\/\/telligraf.com\/\",\"name\":\"Telligraf\",\"description\":\"\",\"potentialAction\":[{\"@type\":\"SearchAction\",\"target\":{\"@type\":\"EntryPoint\",\"urlTemplate\":\"https:\/\/telligraf.com\/?s={search_term_string}\"},\"query-input\":\"required name=search_term_string\"}],\"inLanguage\":\"de-DE\"}]}<\/script>\n<!-- \/ Yoast SEO plugin. -->","yoast_head_json":{"title":"Tapeten - Telligraf","robots":{"index":"index","follow":"follow","max-snippet":"max-snippet:-1","max-image-preview":"max-image-preview:large","max-video-preview":"max-video-preview:-1"},"canonical":"https:\/\/telligraf.com\/de\/tapeten\/","og_locale":"de_DE","og_type":"article","og_title":"Tapeten - Telligraf","og_url":"https:\/\/telligraf.com\/de\/tapeten\/","og_site_name":"Telligraf","article_modified_time":"2024-02-14T08:48:29+00:00","twitter_card":"summary_large_image","twitter_misc":{"Gesch\u00e4tzte Lesezeit":"2 Minuten"},"schema":{"@context":"https:\/\/schema.org","@graph":[{"@type":"WebPage","@id":"https:\/\/telligraf.com\/de\/tapeten\/","url":"https:\/\/telligraf.com\/de\/tapeten\/","name":"Tapeten - Telligraf","isPartOf":{"@id":"https:\/\/telligraf.com\/#website"},"datePublished":"2022-07-01T15:01:48+00:00","dateModified":"2024-02-14T08:48:29+00:00","breadcrumb":{"@id":"https:\/\/telligraf.com\/de\/tapeten\/#breadcrumb"},"inLanguage":"de-DE","potentialAction":[{"@type":"ReadAction","target":["https:\/\/telligraf.com\/de\/tapeten\/"]}]},{"@type":"BreadcrumbList","@id":"https:\/\/telligraf.com\/de\/tapeten\/#breadcrumb","itemListElement":[{"@type":"ListItem","position":1,"name":"Home","item":"https:\/\/telligraf.com\/de\/"},{"@type":"ListItem","position":2,"name":"Tapeten"}]},{"@type":"WebSite","@id":"https:\/\/telligraf.com\/#website","url":"https:\/\/telligraf.com\/","name":"Telligraf","description":"","potentialAction":[{"@type":"SearchAction","target":{"@type":"EntryPoint","urlTemplate":"https:\/\/telligraf.com\/?s={search_term_string}"},"query-input":"required name=search_term_string"}],"inLanguage":"de-DE"}]}},"_links":{"self":[{"href":"https:\/\/telligraf.com\/de\/wp-json\/wp\/v2\/pages\/1658"}],"collection":[{"href":"https:\/\/telligraf.com\/de\/wp-json\/wp\/v2\/pages"}],"about":[{"href":"https:\/\/telligraf.com\/de\/wp-json\/wp\/v2\/types\/page"}],"author":[{"embeddable":true,"href":"https:\/\/telligraf.com\/de\/wp-json\/wp\/v2\/users\/2"}],"replies":[{"embeddable":true,"href":"https:\/\/telligraf.com\/de\/wp-json\/wp\/v2\/comments?post=1658"}],"version-history":[{"count":8,"href":"https:\/\/telligraf.com\/de\/wp-json\/wp\/v2\/pages\/1658\/revisions"}],"predecessor-version":[{"id":2275,"href":"https:\/\/telligraf.com\/de\/wp-json\/wp\/v2\/pages\/1658\/revisions\/2275"}],"wp:attachment":[{"href":"https:\/\/telligraf.com\/de\/wp-json\/wp\/v2\/media?parent=1658"}],"curies":[{"name":"wp","href":"https:\/\/api.w.org\/{rel}","templated":true}]}}