{"id":1631,"date":"2022-07-01T15:01:37","date_gmt":"2022-07-01T15:01:37","guid":{"rendered":"https:\/\/telligraf.com\/allestimenti-locali-commerciali\/"},"modified":"2022-07-01T15:51:40","modified_gmt":"2022-07-01T15:51:40","slug":"einrichtung-von-geschaeftsraeumen","status":"publish","type":"page","link":"https:\/\/telligraf.com\/de\/einrichtung-von-geschaeftsraeumen\/","title":{"rendered":"Einrichtung von Gesch\u00e4ftsr\u00e4umen"},"content":{"rendered":"\n\n  <div class=\"banner has-hover is-full-height\" id=\"banner-253033077\">\n          <div class=\"banner-inner fill\">\n        <div class=\"banner-bg fill\" >\n            <img width=\"1280\" height=\"800\" src=\"https:\/\/telligraf.com\/wp-content\/uploads\/2019\/10\/902.jpg\" class=\"bg attachment-original size-original\" alt=\"\" decoding=\"async\" loading=\"lazy\" \/>                                    \n                    <\/div>\n\t\t\n        <div class=\"banner-layers container\">\n            <div class=\"fill banner-link\"><\/div>            \n\n   <div id=\"text-box-835509746\" class=\"text-box banner-layer x0 md-x0 lg-x0 y95 md-y95 lg-y95 res-text\">\n                                <div class=\"text-box-content text dark\">\n              \n              <div class=\"text-inner text-left\">\n                  \n\n<h3 class=\"lead\"><span style=\"color: #ffffff;\"><strong>ENTWURF UND GESTALTUNG<\/strong><\/span><\/h3>\n<p class=\"thin-font lead\"><span style=\"color: #ffffff;\">Moderne und innovative Gestaltungsideen f\u00fcr Ihr Ambiente &#8230;<\/span><\/p>\n\n\n              <\/div>\n           <\/div>\n                            \n<style>\n#text-box-835509746 .text-inner {\n  padding: 0px 0px 0px 13px;\n}\n#text-box-835509746 {\n  width: 52%;\n}\n#text-box-835509746 .text-box-content {\n  font-size: 100%;\n}\n<\/style>\n    <\/div>\n \n\n        <\/div>\n      <\/div>\n\n            \n<style>\n#banner-253033077 {\n  padding-top: 80%;\n}\n#banner-253033077 .banner-bg img {\n  object-position: 47% 82%;\n}\n@media (min-width:550px) {\n  #banner-253033077 {\n    padding-top: 80%;\n  }\n}\n@media (min-width:850px) {\n  #banner-253033077 {\n    padding-top: 100%;\n  }\n}\n<\/style>\n  <\/div>\n\n\n\n\t<section class=\"section\" id=\"section_766747477\">\n\t\t<div class=\"section-bg fill\" >\n\t\t\t\t\t\t\t\t\t\n\t\t\t\n\n\t\t<\/div>\n\n\t\t\n\n\t\t<div class=\"section-content relative\">\n\t\t\t\n\n<div class=\"row\" style=\"max-width:\" id=\"row-233734491\">\n\n\n\t<div id=\"col-761116007\" class=\"col small-12 large-12\"  >\n\t\t\t\t<div class=\"col-inner\"  >\n\t\t\t\n\t\t\t\n\n\t<div class=\"img has-hover x md-x lg-x y md-y lg-y\" id=\"image_2075117981\">\n\t\t\t\t\t\t\t\t<div class=\"img-inner image-cover dark\" style=\"padding-top:56.25%;\">\n\t\t\t<img width=\"1920\" height=\"1440\" src=\"https:\/\/telligraf.com\/wp-content\/uploads\/2019\/09\/negozio.jpg\" class=\"attachment-original size-original\" alt=\"\" decoding=\"async\" loading=\"lazy\" srcset=\"https:\/\/telligraf.com\/wp-content\/uploads\/2019\/09\/negozio.jpg 1920w, https:\/\/telligraf.com\/wp-content\/uploads\/2019\/09\/negozio-300x225.jpg 300w, https:\/\/telligraf.com\/wp-content\/uploads\/2019\/09\/negozio-768x576.jpg 768w, https:\/\/telligraf.com\/wp-content\/uploads\/2019\/09\/negozio-1024x768.jpg 1024w\" sizes=\"(max-width: 1920px) 100vw, 1920px\" \/>\t\t\t\t\t\t\n\t\t\t\t\t<\/div>\n\t\t\t\t\t\t\t\t\n<style>\n#image_2075117981 {\n  width: 100%;\n}\n<\/style>\n\t<\/div>\n\t\n\n<h1 class=\"uppercase\">REALISIERUNG VON AUSSTATTUNGEN<\/h1>\n<p class=\"thin-font lead\"><span data-text-color=\"primary\">Anwendung und Umsetzung des entworfenen Projekts &#8230;<\/span><\/p>\n\n\n\t\t<\/div>\n\t\t\t\t\n<style>\n#col-761116007 > .col-inner {\n  padding: 48px 0px 0px 0px;\n}\n<\/style>\n\t<\/div>\n\n\t\n\n<\/div>\n\n\t\t<\/div>\n\n\t\t\n<style>\n#section_766747477 {\n  padding-top: 0px;\n  padding-bottom: 0px;\n}\n<\/style>\n\t<\/section>\n\t\n<div class=\"slider-wrapper relative\" id=\"slider-1466501647\" >\n    <div class=\"slider slider-nav-circle slider-nav-large slider-nav-light slider-style-normal\"\n        data-flickity-options='{\n            \"cellAlign\": \"center\",\n            \"imagesLoaded\": true,\n            \"lazyLoad\": 1,\n            \"freeScroll\": false,\n            \"wrapAround\": true,\n            \"autoPlay\": 2000,\n            \"pauseAutoPlayOnHover\" : true,\n            \"prevNextButtons\": true,\n            \"contain\" : true,\n            \"adaptiveHeight\" : true,\n            \"dragThreshold\" : 10,\n            \"percentPosition\": true,\n            \"pageDots\": true,\n            \"rightToLeft\": false,\n            \"draggable\": true,\n            \"selectedAttraction\": 0.1,\n            \"parallax\" : 0,\n            \"friction\": 0.6        }'\n        >\n        \n\n\n  <div class=\"banner has-hover\" id=\"banner-2127114769\">\n          <div class=\"banner-inner fill\">\n        <div class=\"banner-bg fill\" >\n            <img width=\"1280\" height=\"800\" src=\"https:\/\/telligraf.com\/wp-content\/uploads\/2019\/10\/zero902.jpg\" class=\"bg attachment-original size-original\" alt=\"\" decoding=\"async\" loading=\"lazy\" \/>                                    \n                    <\/div>\n\t\t\n        <div class=\"banner-layers container\">\n            <div class=\"fill banner-link\"><\/div>            \n\n   <div id=\"text-box-733762111\" class=\"text-box banner-layer x0 md-x0 lg-x0 y95 md-y95 lg-y95 res-text\">\n                                <div class=\"text-box-content text dark\">\n              \n              <div class=\"text-inner text-left\">\n                  \n\n<h3><strong>SCHL\u00dcSSELFERTIGE PROJEKTE!<\/strong><\/h3>\n<h4 class=\"thin-font\">Entscheiden Sie sich f\u00fcr die gesamte Professionalit\u00e4t eines gro\u00dfartigen Partners!<\/h4>\n\n\n              <\/div>\n           <\/div>\n                            \n<style>\n#text-box-733762111 .text-inner {\n  padding: 0px 0px 0px 13px;\n}\n#text-box-733762111 {\n  width: 76%;\n}\n#text-box-733762111 .text-box-content {\n  font-size: 100%;\n}\n@media (min-width:550px) {\n  #text-box-733762111 {\n    width: 49%;\n  }\n}\n<\/style>\n    <\/div>\n \n\n        <\/div>\n      <\/div>\n\n            \n<style>\n#banner-2127114769 {\n  padding-top: 80%;\n}\n#banner-2127114769 .banner-bg img {\n  object-position: 46% 100%;\n}\n@media (min-width:550px) {\n  #banner-2127114769 {\n    padding-top: 80%;\n  }\n}\n@media (min-width:850px) {\n  #banner-2127114769 {\n    padding-top: 770px;\n  }\n}\n<\/style>\n  <\/div>\n\n\n\n  <div class=\"banner has-hover\" id=\"banner-1944335619\">\n          <div class=\"banner-inner fill\">\n        <div class=\"banner-bg fill\" >\n            <img width=\"1920\" height=\"1440\" src=\"https:\/\/telligraf.com\/wp-content\/uploads\/2019\/10\/negozio.jpg\" class=\"bg attachment-original size-original\" alt=\"\" decoding=\"async\" loading=\"lazy\" \/>                                    \n                    <\/div>\n\t\t\n        <div class=\"banner-layers container\">\n            <div class=\"fill banner-link\"><\/div>            \n\n   <div id=\"text-box-1459991134\" class=\"text-box banner-layer x0 md-x0 lg-x0 y95 md-y95 lg-y95 res-text\">\n                                <div class=\"text-box-content text dark\">\n              \n              <div class=\"text-inner text-left\">\n                  \n\n<h3><strong>SCHL\u00dcSSELFERTIGE PROJEKTE!<\/strong><\/h3>\n<h4 class=\"thin-font\">Entscheiden Sie sich f\u00fcr die gesamte Professionalit\u00e4t eines gro\u00dfartigen Partners!<\/h4>\n\n\n              <\/div>\n           <\/div>\n                            \n<style>\n#text-box-1459991134 .text-inner {\n  padding: 0px 0px 0px 13px;\n}\n#text-box-1459991134 {\n  width: 76%;\n}\n#text-box-1459991134 .text-box-content {\n  font-size: 100%;\n}\n@media (min-width:550px) {\n  #text-box-1459991134 {\n    width: 49%;\n  }\n}\n<\/style>\n    <\/div>\n \n\n        <\/div>\n      <\/div>\n\n            \n<style>\n#banner-1944335619 {\n  padding-top: 80%;\n}\n#banner-1944335619 .banner-bg img {\n  object-position: 50% 54%;\n}\n@media (min-width:550px) {\n  #banner-1944335619 {\n    padding-top: 80%;\n  }\n}\n@media (min-width:850px) {\n  #banner-1944335619 {\n    padding-top: 770px;\n  }\n}\n<\/style>\n  <\/div>\n\n\n\n     <\/div>\n\n     <div class=\"loading-spin dark large centered\"><\/div>\n\n\t<\/div>\n\n\n\n\t<section class=\"section\" id=\"section_1583292138\">\n\t\t<div class=\"section-bg fill\" >\n\t\t\t\t\t\t\t\t\t\n\t\t\t\n\n\t\t<\/div>\n\n\t\t\n\n\t\t<div class=\"section-content relative\">\n\t\t\t\n\n<div class=\"row row-large align-middle\"  id=\"row-44838519\">\n\n\n\t<div id=\"col-1255696948\" class=\"col medium-6 small-12 large-6\"  >\n\t\t\t\t<div class=\"col-inner text-left\"  >\n\t\t\t\n\t\t\t\n\n<h1>PR\u00c4SENTIEREN SIE IHRE IDEE<\/h1>\n<p>M\u00f6chten Sie eine personalisierte Umgebung f\u00fcr Ihr Gesch\u00e4ft, Ihr Unternehmen oder einfach nur Ihre M\u00f6bel einzigartig gestalten &#8230; z\u00f6gern Sie nicht, uns zu kontaktieren, wir entwerfen und erstellen gerne ein ganz pers\u00f6nliches Ambiente f\u00fcr Sie.<\/p>\n\n\t<div id=\"gap-728670892\" class=\"gap-element clearfix\" style=\"display:block; height:auto;\">\n\t\t\n<style>\n#gap-728670892 {\n  padding-top: 35px;\n}\n<\/style>\n\t<\/div>\n\t\n\n<a href=\"tel:+390761599322\" class=\"button primary box-shadow-1\"  >\n\t\t<span>RUFEN SIE JETZT AN<\/span>\n\t<\/a>\n\n\n\n\t\t<\/div>\n\t\t\t\t\t<\/div>\n\n\t\n\n\t<div id=\"col-1841437618\" class=\"col medium-6 small-12 large-6\"  >\n\t\t\t\t<div class=\"col-inner\"  >\n\t\t\t\n\t\t\t\n\n\t<div class=\"img has-hover x md-x lg-x y md-y lg-y\" id=\"image_39268993\">\n\t\t\t\t\t\t<div data-animate=\"fadeInUp\">\t\t<div class=\"img-inner dark\" >\n\t\t\t<img width=\"470\" height=\"510\" src=\"https:\/\/telligraf.com\/wp-content\/uploads\/2018\/08\/img1.png\" class=\"attachment-original size-original\" alt=\"\" decoding=\"async\" loading=\"lazy\" srcset=\"https:\/\/telligraf.com\/wp-content\/uploads\/2018\/08\/img1.png 470w, https:\/\/telligraf.com\/wp-content\/uploads\/2018\/08\/img1-276x300.png 276w\" sizes=\"(max-width: 470px) 100vw, 470px\" \/>\t\t\t\t\t\t\n\t\t\t\t\t<\/div>\n\t\t<\/div>\t\t\t\t\t\t\n<style>\n#image_39268993 {\n  width: 91%;\n}\n<\/style>\n\t<\/div>\n\t\n\n\n\t\t<\/div>\n\t\t\t\t\t<\/div>\n\n\t\n\n<\/div>\n\n\t\t<\/div>\n\n\t\t\n<style>\n#section_1583292138 {\n  padding-top: 60px;\n  padding-bottom: 60px;\n}\n<\/style>\n\t<\/section>\n\t\n\n","protected":false},"excerpt":{"rendered":"","protected":false},"author":2,"featured_media":0,"parent":0,"menu_order":0,"comment_status":"closed","ping_status":"closed","template":"page-blank.php","meta":{"footnotes":""},"yoast_head":"<!-- This site is optimized with the Yoast SEO plugin v21.3 - https:\/\/yoast.com\/wordpress\/plugins\/seo\/ -->\n<title>Einrichtung von Gesch\u00e4ftsr\u00e4umen - Telligraf<\/title>\n<meta name=\"robots\" content=\"index, follow, max-snippet:-1, max-image-preview:large, max-video-preview:-1\" \/>\n<link rel=\"canonical\" href=\"https:\/\/telligraf.com\/de\/einrichtung-von-geschaeftsraeumen\/\" \/>\n<meta property=\"og:locale\" content=\"de_DE\" \/>\n<meta property=\"og:type\" content=\"article\" \/>\n<meta property=\"og:title\" content=\"Einrichtung von Gesch\u00e4ftsr\u00e4umen - Telligraf\" \/>\n<meta property=\"og:url\" content=\"https:\/\/telligraf.com\/de\/einrichtung-von-geschaeftsraeumen\/\" \/>\n<meta property=\"og:site_name\" content=\"Telligraf\" \/>\n<meta property=\"article:modified_time\" content=\"2022-07-01T15:51:40+00:00\" \/>\n<meta name=\"twitter:card\" content=\"summary_large_image\" \/>\n<meta name=\"twitter:label1\" content=\"Gesch\u00e4tzte Lesezeit\" \/>\n\t<meta name=\"twitter:data1\" content=\"2 Minuten\" \/>\n<script type=\"application\/ld+json\" class=\"yoast-schema-graph\">{\"@context\":\"https:\/\/schema.org\",\"@graph\":[{\"@type\":\"WebPage\",\"@id\":\"https:\/\/telligraf.com\/de\/einrichtung-von-geschaeftsraeumen\/\",\"url\":\"https:\/\/telligraf.com\/de\/einrichtung-von-geschaeftsraeumen\/\",\"name\":\"Einrichtung von Gesch\u00e4ftsr\u00e4umen - Telligraf\",\"isPartOf\":{\"@id\":\"https:\/\/telligraf.com\/#website\"},\"datePublished\":\"2022-07-01T15:01:37+00:00\",\"dateModified\":\"2022-07-01T15:51:40+00:00\",\"breadcrumb\":{\"@id\":\"https:\/\/telligraf.com\/de\/einrichtung-von-geschaeftsraeumen\/#breadcrumb\"},\"inLanguage\":\"de-DE\",\"potentialAction\":[{\"@type\":\"ReadAction\",\"target\":[\"https:\/\/telligraf.com\/de\/einrichtung-von-geschaeftsraeumen\/\"]}]},{\"@type\":\"BreadcrumbList\",\"@id\":\"https:\/\/telligraf.com\/de\/einrichtung-von-geschaeftsraeumen\/#breadcrumb\",\"itemListElement\":[{\"@type\":\"ListItem\",\"position\":1,\"name\":\"Home\",\"item\":\"https:\/\/telligraf.com\/de\/\"},{\"@type\":\"ListItem\",\"position\":2,\"name\":\"Einrichtung von Gesch\u00e4ftsr\u00e4umen\"}]},{\"@type\":\"WebSite\",\"@id\":\"https:\/\/telligraf.com\/#website\",\"url\":\"https:\/\/telligraf.com\/\",\"name\":\"Telligraf\",\"description\":\"\",\"potentialAction\":[{\"@type\":\"SearchAction\",\"target\":{\"@type\":\"EntryPoint\",\"urlTemplate\":\"https:\/\/telligraf.com\/?s={search_term_string}\"},\"query-input\":\"required name=search_term_string\"}],\"inLanguage\":\"de-DE\"}]}<\/script>\n<!-- \/ Yoast SEO plugin. -->","yoast_head_json":{"title":"Einrichtung von Gesch\u00e4ftsr\u00e4umen - Telligraf","robots":{"index":"index","follow":"follow","max-snippet":"max-snippet:-1","max-image-preview":"max-image-preview:large","max-video-preview":"max-video-preview:-1"},"canonical":"https:\/\/telligraf.com\/de\/einrichtung-von-geschaeftsraeumen\/","og_locale":"de_DE","og_type":"article","og_title":"Einrichtung von Gesch\u00e4ftsr\u00e4umen - Telligraf","og_url":"https:\/\/telligraf.com\/de\/einrichtung-von-geschaeftsraeumen\/","og_site_name":"Telligraf","article_modified_time":"2022-07-01T15:51:40+00:00","twitter_card":"summary_large_image","twitter_misc":{"Gesch\u00e4tzte Lesezeit":"2 Minuten"},"schema":{"@context":"https:\/\/schema.org","@graph":[{"@type":"WebPage","@id":"https:\/\/telligraf.com\/de\/einrichtung-von-geschaeftsraeumen\/","url":"https:\/\/telligraf.com\/de\/einrichtung-von-geschaeftsraeumen\/","name":"Einrichtung von Gesch\u00e4ftsr\u00e4umen - Telligraf","isPartOf":{"@id":"https:\/\/telligraf.com\/#website"},"datePublished":"2022-07-01T15:01:37+00:00","dateModified":"2022-07-01T15:51:40+00:00","breadcrumb":{"@id":"https:\/\/telligraf.com\/de\/einrichtung-von-geschaeftsraeumen\/#breadcrumb"},"inLanguage":"de-DE","potentialAction":[{"@type":"ReadAction","target":["https:\/\/telligraf.com\/de\/einrichtung-von-geschaeftsraeumen\/"]}]},{"@type":"BreadcrumbList","@id":"https:\/\/telligraf.com\/de\/einrichtung-von-geschaeftsraeumen\/#breadcrumb","itemListElement":[{"@type":"ListItem","position":1,"name":"Home","item":"https:\/\/telligraf.com\/de\/"},{"@type":"ListItem","position":2,"name":"Einrichtung von Gesch\u00e4ftsr\u00e4umen"}]},{"@type":"WebSite","@id":"https:\/\/telligraf.com\/#website","url":"https:\/\/telligraf.com\/","name":"Telligraf","description":"","potentialAction":[{"@type":"SearchAction","target":{"@type":"EntryPoint","urlTemplate":"https:\/\/telligraf.com\/?s={search_term_string}"},"query-input":"required name=search_term_string"}],"inLanguage":"de-DE"}]}},"_links":{"self":[{"href":"https:\/\/telligraf.com\/de\/wp-json\/wp\/v2\/pages\/1631"}],"collection":[{"href":"https:\/\/telligraf.com\/de\/wp-json\/wp\/v2\/pages"}],"about":[{"href":"https:\/\/telligraf.com\/de\/wp-json\/wp\/v2\/types\/page"}],"author":[{"embeddable":true,"href":"https:\/\/telligraf.com\/de\/wp-json\/wp\/v2\/users\/2"}],"replies":[{"embeddable":true,"href":"https:\/\/telligraf.com\/de\/wp-json\/wp\/v2\/comments?post=1631"}],"version-history":[{"count":2,"href":"https:\/\/telligraf.com\/de\/wp-json\/wp\/v2\/pages\/1631\/revisions"}],"predecessor-version":[{"id":1912,"href":"https:\/\/telligraf.com\/de\/wp-json\/wp\/v2\/pages\/1631\/revisions\/1912"}],"wp:attachment":[{"href":"https:\/\/telligraf.com\/de\/wp-json\/wp\/v2\/media?parent=1631"}],"curies":[{"name":"wp","href":"https:\/\/api.w.org\/{rel}","templated":true}]}}